{"id":1517,"date":"2023-03-09T15:40:20","date_gmt":"2023-03-09T14:40:20","guid":{"rendered":"https:\/\/www.azurdrones.com\/ueber\/das-unternehmen\/"},"modified":"2023-04-19T18:14:22","modified_gmt":"2023-04-19T16:14:22","slug":"das-unternehmen","status":"publish","type":"page","link":"https:\/\/www.azurdrones.com\/de\/ueber\/das-unternehmen\/","title":{"rendered":"Das Unternehmen"},"content":{"rendered":"\n<div style=\"height:50px\" aria-hidden=\"true\" class=\"wp-block-spacer\"><\/div>\n\n\n\n<div class=\"wp-block-columns are-vertically-aligned-center is-layout-flex wp-container-core-columns-is-layout-9d6595d7 wp-block-columns-is-layout-flex\">\n<div class=\"wp-block-column is-vertically-aligned-center is-layout-flow wp-block-column-is-layout-flow\">\n<p>Azur Drones wurde 2012 gegr\u00fcndet und geh\u00f6rt zu den weltweit f\u00fchrenden Anbietern von Drohnenl\u00f6sungen ohne Fernpiloten f\u00fcr die \u00dcberwachung und Inspektion von hochsensiblen und komplexen Umgebungen.<\/p>\n\n\n\n<p>Das Unternehmen mit Sitz in Bordeaux, Paris und Dubai konzentriert sich auf die Entwicklung und Vermarktung einer \u201eDrone-in-a-Box\u201c-L\u00f6sung.<\/p>\n<\/div>\n\n\n\n<div class=\"wp-block-column is-vertically-aligned-center is-layout-flow wp-block-column-is-layout-flow\">    <div id=\"btw_slider-block_12a8496ef3f14e89e82190fbeadf15db\" class=\"btw_slider\">\n\t\t<div class=\"slider slider_standard\">\n\t\t\t\t\t\t\t\t\t\t\t<div class=\"slider__slide\" >\n\t\t\t\t\t<div class=\"slider__slide__img\">\n\t\t\t\t\t\t<img loading=\"lazy\" decoding=\"async\" width=\"2560\" height=\"1920\" src=\"https:\/\/www.azurdrones.com\/wp-content\/uploads\/2023\/04\/20230413_150731-2560x1920.jpg\" class=\"slider__slide__img__img wp-image-2976\" alt=\"\" srcset=\"https:\/\/www.azurdrones.com\/wp-content\/uploads\/2023\/04\/20230413_150731-2560x1920.jpg 2560w, https:\/\/www.azurdrones.com\/wp-content\/uploads\/2023\/04\/20230413_150731-550x413.jpg 550w, https:\/\/www.azurdrones.com\/wp-content\/uploads\/2023\/04\/20230413_150731-1110x833.jpg 1110w, https:\/\/www.azurdrones.com\/wp-content\/uploads\/2023\/04\/20230413_150731-768x576.jpg 768w, https:\/\/www.azurdrones.com\/wp-content\/uploads\/2023\/04\/20230413_150731-1536x1152.jpg 1536w, https:\/\/www.azurdrones.com\/wp-content\/uploads\/2023\/04\/20230413_150731-2048x1536.jpg 2048w\" sizes=\"auto, (max-width: 2560px) 100vw, 2560px\" \/>\t\t\t\t\t<\/div>\n\t\t\t\t\t\t\t\t\t\t\t\t\t\t<\/div>\n\t\t\t\t\t\t\t\t\t\t\t\t\t\t\t<div class=\"slider__slide\" >\n\t\t\t\t\t<div class=\"slider__slide__img\">\n\t\t\t\t\t\t<img loading=\"lazy\" decoding=\"async\" width=\"2560\" height=\"1920\" src=\"https:\/\/www.azurdrones.com\/wp-content\/uploads\/2023\/04\/20230413_150049-2560x1920.jpg\" class=\"slider__slide__img__img wp-image-4207\" alt=\"\" srcset=\"https:\/\/www.azurdrones.com\/wp-content\/uploads\/2023\/04\/20230413_150049-2560x1920.jpg 2560w, https:\/\/www.azurdrones.com\/wp-content\/uploads\/2023\/04\/20230413_150049-550x413.jpg 550w, https:\/\/www.azurdrones.com\/wp-content\/uploads\/2023\/04\/20230413_150049-1110x833.jpg 1110w, https:\/\/www.azurdrones.com\/wp-content\/uploads\/2023\/04\/20230413_150049-768x576.jpg 768w, https:\/\/www.azurdrones.com\/wp-content\/uploads\/2023\/04\/20230413_150049-1536x1152.jpg 1536w, https:\/\/www.azurdrones.com\/wp-content\/uploads\/2023\/04\/20230413_150049-2048x1536.jpg 2048w\" sizes=\"auto, (max-width: 2560px) 100vw, 2560px\" \/>\t\t\t\t\t<\/div>\n\t\t\t\t\t\t\t\t\t\t\t\t\t\t<\/div>\n\t\t\t\t\t\t\t\t\t\t\t\t\t\t\t\t<\/div>\n    <\/div>\n    <\/div>\n<\/div>\n\n\n\n<div style=\"height:50px\" aria-hidden=\"true\" class=\"wp-block-spacer\"><\/div>\n\n\n\n<div class=\"wp-block-columns are-vertically-aligned-center is-layout-flex wp-container-core-columns-is-layout-9d6595d7 wp-block-columns-is-layout-flex\">\n<div class=\"wp-block-column is-vertically-aligned-center is-layout-flow wp-block-column-is-layout-flow\">    <div id=\"btw_slider-block_f0cc64bb4e80dbe9c5d99077a3ecbd1b\" class=\"btw_slider\">\n\t\t<div class=\"slider slider_standard\">\n\t\t\t\t\t\t\t\t\t\t\t<div class=\"slider__slide\" >\n\t\t\t\t\t<div class=\"slider__slide__img\">\n\t\t\t\t\t\t<img loading=\"lazy\" decoding=\"async\" width=\"2560\" height=\"1920\" src=\"https:\/\/www.azurdrones.com\/wp-content\/uploads\/2023\/04\/20230413_150644-2560x1920.jpg\" class=\"slider__slide__img__img wp-image-2970\" alt=\"\" srcset=\"https:\/\/www.azurdrones.com\/wp-content\/uploads\/2023\/04\/20230413_150644-2560x1920.jpg 2560w, https:\/\/www.azurdrones.com\/wp-content\/uploads\/2023\/04\/20230413_150644-550x413.jpg 550w, https:\/\/www.azurdrones.com\/wp-content\/uploads\/2023\/04\/20230413_150644-1110x833.jpg 1110w, https:\/\/www.azurdrones.com\/wp-content\/uploads\/2023\/04\/20230413_150644-768x576.jpg 768w, https:\/\/www.azurdrones.com\/wp-content\/uploads\/2023\/04\/20230413_150644-1536x1152.jpg 1536w, https:\/\/www.azurdrones.com\/wp-content\/uploads\/2023\/04\/20230413_150644-2048x1536.jpg 2048w\" sizes=\"auto, (max-width: 2560px) 100vw, 2560px\" \/>\t\t\t\t\t<\/div>\n\t\t\t\t\t\t\t\t\t\t\t\t\t\t<\/div>\n\t\t\t\t\t\t\t\t\t\t\t\t\t\t\t<div class=\"slider__slide\" >\n\t\t\t\t\t<div class=\"slider__slide__img\">\n\t\t\t\t\t\t<img loading=\"lazy\" decoding=\"async\" width=\"2560\" height=\"1920\" src=\"https:\/\/www.azurdrones.com\/wp-content\/uploads\/2023\/04\/20230413_150737-2560x1920.jpg\" class=\"slider__slide__img__img wp-image-2980\" alt=\"\" srcset=\"https:\/\/www.azurdrones.com\/wp-content\/uploads\/2023\/04\/20230413_150737-2560x1920.jpg 2560w, https:\/\/www.azurdrones.com\/wp-content\/uploads\/2023\/04\/20230413_150737-550x413.jpg 550w, https:\/\/www.azurdrones.com\/wp-content\/uploads\/2023\/04\/20230413_150737-1110x833.jpg 1110w, https:\/\/www.azurdrones.com\/wp-content\/uploads\/2023\/04\/20230413_150737-768x576.jpg 768w, https:\/\/www.azurdrones.com\/wp-content\/uploads\/2023\/04\/20230413_150737-1536x1152.jpg 1536w, https:\/\/www.azurdrones.com\/wp-content\/uploads\/2023\/04\/20230413_150737-2048x1536.jpg 2048w\" sizes=\"auto, (max-width: 2560px) 100vw, 2560px\" \/>\t\t\t\t\t<\/div>\n\t\t\t\t\t\t\t\t\t\t\t\t\t\t<\/div>\n\t\t\t\t\t\t\t\t\t\t\t\t\t\t\t<div class=\"slider__slide\" >\n\t\t\t\t\t<div class=\"slider__slide__img\">\n\t\t\t\t\t\t<img loading=\"lazy\" decoding=\"async\" width=\"2560\" height=\"1920\" src=\"https:\/\/www.azurdrones.com\/wp-content\/uploads\/2023\/04\/20230413_155629-2560x1920.jpg\" class=\"slider__slide__img__img wp-image-3028\" alt=\"\" srcset=\"https:\/\/www.azurdrones.com\/wp-content\/uploads\/2023\/04\/20230413_155629-2560x1920.jpg 2560w, https:\/\/www.azurdrones.com\/wp-content\/uploads\/2023\/04\/20230413_155629-550x413.jpg 550w, https:\/\/www.azurdrones.com\/wp-content\/uploads\/2023\/04\/20230413_155629-1110x833.jpg 1110w, https:\/\/www.azurdrones.com\/wp-content\/uploads\/2023\/04\/20230413_155629-768x576.jpg 768w, https:\/\/www.azurdrones.com\/wp-content\/uploads\/2023\/04\/20230413_155629-1536x1152.jpg 1536w, https:\/\/www.azurdrones.com\/wp-content\/uploads\/2023\/04\/20230413_155629-2048x1536.jpg 2048w\" sizes=\"auto, (max-width: 2560px) 100vw, 2560px\" \/>\t\t\t\t\t<\/div>\n\t\t\t\t\t\t\t\t\t\t\t\t\t\t<\/div>\n\t\t\t\t\t\t\t\t\t<\/div>\n    <\/div>\n    <\/div>\n\n\n\n<div class=\"wp-block-column is-vertically-aligned-center is-layout-flow wp-block-column-is-layout-flow\">\n<p>Azur Drones entwickelt, produziert und implementiert eine einzigartige unbemannte Drohnenl\u00f6sung und besch\u00e4ftigt derzeit 65 Mitarbeiter in den Bereichen Forschung und Entwicklung, Produktion und Installation von Skeyetech E2.<\/p>\n\n\n\n<p>Die L\u00f6sungen von Azur Drones sind rund um die Uhr im Einsatz und bieten eine beispiellose Datenerfassung aus der Luft in den Bereichen Sicherheit, Instandhaltung, Gasdetektion und Erkennung von Verschmutzung.<\/p>\n<\/div>\n<\/div>\n\n\n\n<div style=\"height:50px\" aria-hidden=\"true\" class=\"wp-block-spacer\"><\/div>\n\n\n\n<div class=\"wp-block-columns are-vertically-aligned-center is-layout-flex wp-container-core-columns-is-layout-9d6595d7 wp-block-columns-is-layout-flex\">\n<div class=\"wp-block-column is-vertically-aligned-center is-layout-flow wp-block-column-is-layout-flow\">\n<p>Als Pionier der Drohnenregulierung setzt Azur Drones sein hochautomatisiertes, pilotenloses Drohnensystem in \u00fcber 10 L\u00e4ndern in Europa, dem Nahen Osten, der APAC-Region und S\u00fcdamerika ein.<\/p>\n\n\n\n<p>Zu den Kunden des Unternehmens geh\u00f6ren einige der gr\u00f6\u00dften industriellen und staatlichen Auftraggeber in Frankreich und im Ausland, wie TotalEnergies, ArcelorMittal, Orano, Oiltanking, Eamus Cork\/Hafen D\u00fcnkirchen, Dubai Police, BASF, die Europ\u00e4ische Union, &#8230;<\/p>\n<\/div>\n\n\n\n<div class=\"wp-block-column is-vertically-aligned-center is-layout-flow wp-block-column-is-layout-flow\">    <div id=\"btw_slider-block_63521ca1256624b6327a00c04c095b8f\" class=\"btw_slider\">\n\t\t<div class=\"slider slider_standard\">\n\t\t\t\t\t\t\t\t\t\t\t<div class=\"slider__slide\" >\n\t\t\t\t\t<div class=\"slider__slide__img\">\n\t\t\t\t\t\t<img loading=\"lazy\" decoding=\"async\" width=\"2560\" height=\"1440\" src=\"https:\/\/www.azurdrones.com\/wp-content\/uploads\/2023\/04\/face_de_loin.jpg\" class=\"slider__slide__img__img wp-image-2844\" alt=\"\" srcset=\"https:\/\/www.azurdrones.com\/wp-content\/uploads\/2023\/04\/face_de_loin.jpg 2560w, https:\/\/www.azurdrones.com\/wp-content\/uploads\/2023\/04\/face_de_loin-550x309.jpg 550w, https:\/\/www.azurdrones.com\/wp-content\/uploads\/2023\/04\/face_de_loin-1110x624.jpg 1110w, https:\/\/www.azurdrones.com\/wp-content\/uploads\/2023\/04\/face_de_loin-768x432.jpg 768w, https:\/\/www.azurdrones.com\/wp-content\/uploads\/2023\/04\/face_de_loin-1536x864.jpg 1536w, https:\/\/www.azurdrones.com\/wp-content\/uploads\/2023\/04\/face_de_loin-2048x1152.jpg 2048w\" sizes=\"auto, (max-width: 2560px) 100vw, 2560px\" \/>\t\t\t\t\t<\/div>\n\t\t\t\t\t\t\t\t\t\t\t\t\t\t<\/div>\n\t\t\t\t\t\t\t\t\t\t\t\t\t\t\t<div class=\"slider__slide\" >\n\t\t\t\t\t<div class=\"slider__slide__img\">\n\t\t\t\t\t\t<img loading=\"lazy\" decoding=\"async\" width=\"2560\" height=\"1707\" src=\"https:\/\/www.azurdrones.com\/wp-content\/uploads\/2023\/04\/lr-8077-2560x1707.jpg\" class=\"slider__slide__img__img wp-image-2838\" alt=\"\" srcset=\"https:\/\/www.azurdrones.com\/wp-content\/uploads\/2023\/04\/lr-8077-2560x1707.jpg 2560w, https:\/\/www.azurdrones.com\/wp-content\/uploads\/2023\/04\/lr-8077-550x367.jpg 550w, https:\/\/www.azurdrones.com\/wp-content\/uploads\/2023\/04\/lr-8077-1110x740.jpg 1110w, https:\/\/www.azurdrones.com\/wp-content\/uploads\/2023\/04\/lr-8077-768x512.jpg 768w, https:\/\/www.azurdrones.com\/wp-content\/uploads\/2023\/04\/lr-8077-1536x1024.jpg 1536w, https:\/\/www.azurdrones.com\/wp-content\/uploads\/2023\/04\/lr-8077-2048x1365.jpg 2048w\" sizes=\"auto, (max-width: 2560px) 100vw, 2560px\" \/>\t\t\t\t\t<\/div>\n\t\t\t\t\t\t\t\t\t\t\t\t\t\t<\/div>\n\t\t\t\t\t\t\t\t\t\t\t\t\t\t\t<div class=\"slider__slide\" >\n\t\t\t\t\t<div class=\"slider__slide__img\">\n\t\t\t\t\t\t<img loading=\"lazy\" decoding=\"async\" width=\"2560\" height=\"1707\" src=\"https:\/\/www.azurdrones.com\/wp-content\/uploads\/2023\/04\/lr-8138-2560x1707.jpg\" class=\"slider__slide__img__img wp-image-2841\" alt=\"\" srcset=\"https:\/\/www.azurdrones.com\/wp-content\/uploads\/2023\/04\/lr-8138-2560x1707.jpg 2560w, https:\/\/www.azurdrones.com\/wp-content\/uploads\/2023\/04\/lr-8138-550x367.jpg 550w, https:\/\/www.azurdrones.com\/wp-content\/uploads\/2023\/04\/lr-8138-1110x740.jpg 1110w, https:\/\/www.azurdrones.com\/wp-content\/uploads\/2023\/04\/lr-8138-768x512.jpg 768w, https:\/\/www.azurdrones.com\/wp-content\/uploads\/2023\/04\/lr-8138-1536x1024.jpg 1536w, https:\/\/www.azurdrones.com\/wp-content\/uploads\/2023\/04\/lr-8138-2048x1365.jpg 2048w\" sizes=\"auto, (max-width: 2560px) 100vw, 2560px\" \/>\t\t\t\t\t<\/div>\n\t\t\t\t\t\t\t\t\t\t\t\t\t\t<\/div>\n\t\t\t\t\t\t\t\t\t<\/div>\n    <\/div>\n    <\/div>\n<\/div>\n","protected":false},"excerpt":{"rendered":"<p>Azur Drones wurde 2012 gegr\u00fcndet und geh\u00f6rt zu den weltweit f\u00fchrenden Anbietern von Drohnenl\u00f6sungen ohne Fernpiloten f\u00fcr die \u00dcberwachung und Inspektion von hochsensiblen und komplexen<\/p>\n","protected":false},"author":1,"featured_media":3145,"parent":1379,"menu_order":0,"comment_status":"closed","ping_status":"closed","template":"","meta":{"_acf_changed":false,"_uag_custom_page_level_css":"","footnotes":""},"class_list":["post-1517","page","type-page","status-publish","has-post-thumbnail","hentry"],"acf":[],"yoast_head":"<!-- This site is optimized with the Yoast SEO plugin v27.3 - https:\/\/yoast.com\/product\/yoast-seo-wordpress\/ -->\n<title>Das Unternehmen - Azur Drones<\/title>\n<meta name=\"description\" content=\"Azur Drones wurde 2012 gegr\u00fcndet und geh\u00f6rt zu den weltweit f\u00fchrenden Anbietern von Drohnenl\u00f6sungen ohne Fernpiloten f\u00fcr die \u00dcberwachung und Inspektion von hochsensiblen und komplexen Umgebungen.\" \/>\n<meta name=\"robots\" content=\"index, follow, max-snippet:-1, max-image-preview:large, max-video-preview:-1\" \/>\n<link rel=\"canonical\" href=\"https:\/\/www.azurdrones.com\/de\/ueber\/das-unternehmen\/\" \/>\n<meta property=\"og:locale\" content=\"de_DE\" \/>\n<meta property=\"og:type\" content=\"article\" \/>\n<meta property=\"og:title\" content=\"Das Unternehmen - Azur Drones\" \/>\n<meta property=\"og:description\" content=\"Azur Drones wurde 2012 gegr\u00fcndet und geh\u00f6rt zu den weltweit f\u00fchrenden Anbietern von Drohnenl\u00f6sungen ohne Fernpiloten f\u00fcr die \u00dcberwachung und Inspektion von hochsensiblen und komplexen Umgebungen.\" \/>\n<meta property=\"og:url\" content=\"https:\/\/www.azurdrones.com\/de\/ueber\/das-unternehmen\/\" \/>\n<meta property=\"og:site_name\" content=\"Azur Drones\" \/>\n<meta property=\"article:modified_time\" content=\"2023-04-19T16:14:22+00:00\" \/>\n<meta property=\"og:image\" content=\"https:\/\/www.azurdrones.com\/wp-content\/uploads\/2023\/04\/005-scaled.jpg\" \/>\n\t<meta property=\"og:image:width\" content=\"2560\" \/>\n\t<meta property=\"og:image:height\" content=\"1709\" \/>\n\t<meta property=\"og:image:type\" content=\"image\/jpeg\" \/>\n<meta name=\"twitter:card\" content=\"summary_large_image\" \/>\n<meta name=\"twitter:label1\" content=\"Gesch\u00e4tzte Lesezeit\" \/>\n\t<meta name=\"twitter:data1\" content=\"1\u00a0Minute\" \/>\n<script type=\"application\/ld+json\" class=\"yoast-schema-graph\">{\"@context\":\"https:\\\/\\\/schema.org\",\"@graph\":[{\"@type\":\"WebPage\",\"@id\":\"https:\\\/\\\/www.azurdrones.com\\\/de\\\/ueber\\\/das-unternehmen\\\/\",\"url\":\"https:\\\/\\\/www.azurdrones.com\\\/de\\\/ueber\\\/das-unternehmen\\\/\",\"name\":\"Das Unternehmen - Azur Drones\",\"isPartOf\":{\"@id\":\"https:\\\/\\\/www.azurdrones.com\\\/de\\\/#website\"},\"primaryImageOfPage\":{\"@id\":\"https:\\\/\\\/www.azurdrones.com\\\/de\\\/ueber\\\/das-unternehmen\\\/#primaryimage\"},\"image\":{\"@id\":\"https:\\\/\\\/www.azurdrones.com\\\/de\\\/ueber\\\/das-unternehmen\\\/#primaryimage\"},\"thumbnailUrl\":\"https:\\\/\\\/www.azurdrones.com\\\/wp-content\\\/uploads\\\/2023\\\/04\\\/005-scaled.jpg\",\"datePublished\":\"2023-03-09T14:40:20+00:00\",\"dateModified\":\"2023-04-19T16:14:22+00:00\",\"description\":\"Azur Drones wurde 2012 gegr\u00fcndet und geh\u00f6rt zu den weltweit f\u00fchrenden Anbietern von Drohnenl\u00f6sungen ohne Fernpiloten f\u00fcr die \u00dcberwachung und Inspektion von hochsensiblen und komplexen Umgebungen.\",\"breadcrumb\":{\"@id\":\"https:\\\/\\\/www.azurdrones.com\\\/de\\\/ueber\\\/das-unternehmen\\\/#breadcrumb\"},\"inLanguage\":\"de\",\"potentialAction\":[{\"@type\":\"ReadAction\",\"target\":[\"https:\\\/\\\/www.azurdrones.com\\\/de\\\/ueber\\\/das-unternehmen\\\/\"]}]},{\"@type\":\"ImageObject\",\"inLanguage\":\"de\",\"@id\":\"https:\\\/\\\/www.azurdrones.com\\\/de\\\/ueber\\\/das-unternehmen\\\/#primaryimage\",\"url\":\"https:\\\/\\\/www.azurdrones.com\\\/wp-content\\\/uploads\\\/2023\\\/04\\\/005-scaled.jpg\",\"contentUrl\":\"https:\\\/\\\/www.azurdrones.com\\\/wp-content\\\/uploads\\\/2023\\\/04\\\/005-scaled.jpg\",\"width\":2560,\"height\":1709},{\"@type\":\"BreadcrumbList\",\"@id\":\"https:\\\/\\\/www.azurdrones.com\\\/de\\\/ueber\\\/das-unternehmen\\\/#breadcrumb\",\"itemListElement\":[{\"@type\":\"ListItem\",\"position\":1,\"name\":\"Accueil\",\"item\":\"https:\\\/\\\/www.azurdrones.com\\\/de\\\/\"},{\"@type\":\"ListItem\",\"position\":2,\"name\":\"\u00dcber\",\"item\":\"https:\\\/\\\/www.azurdrones.com\\\/de\\\/ueber\\\/\"},{\"@type\":\"ListItem\",\"position\":3,\"name\":\"Das Unternehmen\"}]},{\"@type\":\"WebSite\",\"@id\":\"https:\\\/\\\/www.azurdrones.com\\\/de\\\/#website\",\"url\":\"https:\\\/\\\/www.azurdrones.com\\\/de\\\/\",\"name\":\"Azur Drones\",\"description\":\"Autonomous aerial surveillance\",\"publisher\":{\"@id\":\"https:\\\/\\\/www.azurdrones.com\\\/de\\\/#organization\"},\"potentialAction\":[{\"@type\":\"SearchAction\",\"target\":{\"@type\":\"EntryPoint\",\"urlTemplate\":\"https:\\\/\\\/www.azurdrones.com\\\/de\\\/?s={search_term_string}\"},\"query-input\":{\"@type\":\"PropertyValueSpecification\",\"valueRequired\":true,\"valueName\":\"search_term_string\"}}],\"inLanguage\":\"de\"},{\"@type\":\"Organization\",\"@id\":\"https:\\\/\\\/www.azurdrones.com\\\/de\\\/#organization\",\"name\":\"Azur Drones\",\"url\":\"https:\\\/\\\/www.azurdrones.com\\\/de\\\/\",\"logo\":{\"@type\":\"ImageObject\",\"inLanguage\":\"de\",\"@id\":\"https:\\\/\\\/www.azurdrones.com\\\/de\\\/#\\\/schema\\\/logo\\\/image\\\/\",\"url\":\"https:\\\/\\\/www.azurdrones.com\\\/wp-content\\\/uploads\\\/2023\\\/03\\\/logo-azur-drones.png\",\"contentUrl\":\"https:\\\/\\\/www.azurdrones.com\\\/wp-content\\\/uploads\\\/2023\\\/03\\\/logo-azur-drones.png\",\"width\":738,\"height\":96,\"caption\":\"Azur Drones\"},\"image\":{\"@id\":\"https:\\\/\\\/www.azurdrones.com\\\/de\\\/#\\\/schema\\\/logo\\\/image\\\/\"}}]}<\/script>\n<!-- \/ Yoast SEO plugin. -->","yoast_head_json":{"title":"Das Unternehmen - Azur Drones","description":"Azur Drones wurde 2012 gegr\u00fcndet und geh\u00f6rt zu den weltweit f\u00fchrenden Anbietern von Drohnenl\u00f6sungen ohne Fernpiloten f\u00fcr die \u00dcberwachung und Inspektion von hochsensiblen und komplexen Umgebungen.","robots":{"index":"index","follow":"follow","max-snippet":"max-snippet:-1","max-image-preview":"max-image-preview:large","max-video-preview":"max-video-preview:-1"},"canonical":"https:\/\/www.azurdrones.com\/de\/ueber\/das-unternehmen\/","og_locale":"de_DE","og_type":"article","og_title":"Das Unternehmen - Azur Drones","og_description":"Azur Drones wurde 2012 gegr\u00fcndet und geh\u00f6rt zu den weltweit f\u00fchrenden Anbietern von Drohnenl\u00f6sungen ohne Fernpiloten f\u00fcr die \u00dcberwachung und Inspektion von hochsensiblen und komplexen Umgebungen.","og_url":"https:\/\/www.azurdrones.com\/de\/ueber\/das-unternehmen\/","og_site_name":"Azur Drones","article_modified_time":"2023-04-19T16:14:22+00:00","og_image":[{"width":2560,"height":1709,"url":"https:\/\/www.azurdrones.com\/wp-content\/uploads\/2023\/04\/005-scaled.jpg","type":"image\/jpeg"}],"twitter_card":"summary_large_image","twitter_misc":{"Gesch\u00e4tzte Lesezeit":"1\u00a0Minute"},"schema":{"@context":"https:\/\/schema.org","@graph":[{"@type":"WebPage","@id":"https:\/\/www.azurdrones.com\/de\/ueber\/das-unternehmen\/","url":"https:\/\/www.azurdrones.com\/de\/ueber\/das-unternehmen\/","name":"Das Unternehmen - Azur Drones","isPartOf":{"@id":"https:\/\/www.azurdrones.com\/de\/#website"},"primaryImageOfPage":{"@id":"https:\/\/www.azurdrones.com\/de\/ueber\/das-unternehmen\/#primaryimage"},"image":{"@id":"https:\/\/www.azurdrones.com\/de\/ueber\/das-unternehmen\/#primaryimage"},"thumbnailUrl":"https:\/\/www.azurdrones.com\/wp-content\/uploads\/2023\/04\/005-scaled.jpg","datePublished":"2023-03-09T14:40:20+00:00","dateModified":"2023-04-19T16:14:22+00:00","description":"Azur Drones wurde 2012 gegr\u00fcndet und geh\u00f6rt zu den weltweit f\u00fchrenden Anbietern von Drohnenl\u00f6sungen ohne Fernpiloten f\u00fcr die \u00dcberwachung und Inspektion von hochsensiblen und komplexen Umgebungen.","breadcrumb":{"@id":"https:\/\/www.azurdrones.com\/de\/ueber\/das-unternehmen\/#breadcrumb"},"inLanguage":"de","potentialAction":[{"@type":"ReadAction","target":["https:\/\/www.azurdrones.com\/de\/ueber\/das-unternehmen\/"]}]},{"@type":"ImageObject","inLanguage":"de","@id":"https:\/\/www.azurdrones.com\/de\/ueber\/das-unternehmen\/#primaryimage","url":"https:\/\/www.azurdrones.com\/wp-content\/uploads\/2023\/04\/005-scaled.jpg","contentUrl":"https:\/\/www.azurdrones.com\/wp-content\/uploads\/2023\/04\/005-scaled.jpg","width":2560,"height":1709},{"@type":"BreadcrumbList","@id":"https:\/\/www.azurdrones.com\/de\/ueber\/das-unternehmen\/#breadcrumb","itemListElement":[{"@type":"ListItem","position":1,"name":"Accueil","item":"https:\/\/www.azurdrones.com\/de\/"},{"@type":"ListItem","position":2,"name":"\u00dcber","item":"https:\/\/www.azurdrones.com\/de\/ueber\/"},{"@type":"ListItem","position":3,"name":"Das Unternehmen"}]},{"@type":"WebSite","@id":"https:\/\/www.azurdrones.com\/de\/#website","url":"https:\/\/www.azurdrones.com\/de\/","name":"Azur Drones","description":"Autonomous aerial surveillance","publisher":{"@id":"https:\/\/www.azurdrones.com\/de\/#organization"},"potentialAction":[{"@type":"SearchAction","target":{"@type":"EntryPoint","urlTemplate":"https:\/\/www.azurdrones.com\/de\/?s={search_term_string}"},"query-input":{"@type":"PropertyValueSpecification","valueRequired":true,"valueName":"search_term_string"}}],"inLanguage":"de"},{"@type":"Organization","@id":"https:\/\/www.azurdrones.com\/de\/#organization","name":"Azur Drones","url":"https:\/\/www.azurdrones.com\/de\/","logo":{"@type":"ImageObject","inLanguage":"de","@id":"https:\/\/www.azurdrones.com\/de\/#\/schema\/logo\/image\/","url":"https:\/\/www.azurdrones.com\/wp-content\/uploads\/2023\/03\/logo-azur-drones.png","contentUrl":"https:\/\/www.azurdrones.com\/wp-content\/uploads\/2023\/03\/logo-azur-drones.png","width":738,"height":96,"caption":"Azur Drones"},"image":{"@id":"https:\/\/www.azurdrones.com\/de\/#\/schema\/logo\/image\/"}}]}},"uagb_featured_image_src":{"full":["https:\/\/www.azurdrones.com\/wp-content\/uploads\/2023\/04\/005-scaled.jpg",2560,1709,false],"thumbnail":["https:\/\/www.azurdrones.com\/wp-content\/uploads\/2023\/04\/005-300x300.jpg",300,300,true],"medium":["https:\/\/www.azurdrones.com\/wp-content\/uploads\/2023\/04\/005-550x367.jpg",550,367,true],"medium_large":["https:\/\/www.azurdrones.com\/wp-content\/uploads\/2023\/04\/005-768x513.jpg",768,513,true],"large":["https:\/\/www.azurdrones.com\/wp-content\/uploads\/2023\/04\/005-1110x741.jpg",1110,741,true],"1536x1536":["https:\/\/www.azurdrones.com\/wp-content\/uploads\/2023\/04\/005-1536x1025.jpg",1536,1025,true],"2048x2048":["https:\/\/www.azurdrones.com\/wp-content\/uploads\/2023\/04\/005-2048x1367.jpg",2048,1367,true],"full_width":["https:\/\/www.azurdrones.com\/wp-content\/uploads\/2023\/04\/005-2560x1709.jpg",2560,1709,true]},"uagb_author_info":{"display_name":"bougetonweb","author_link":"https:\/\/www.azurdrones.com\/de\/author\/bougetonweb\/"},"uagb_comment_info":0,"uagb_excerpt":"Azur Drones wurde 2012 gegr\u00fcndet und geh\u00f6rt zu den weltweit f\u00fchrenden Anbietern von Drohnenl\u00f6sungen ohne Fernpiloten f\u00fcr die \u00dcberwachung und Inspektion von hochsensiblen und komplexen","_links":{"self":[{"href":"https:\/\/www.azurdrones.com\/de\/wp-json\/wp\/v2\/pages\/1517","targetHints":{"allow":["GET"]}}],"collection":[{"href":"https:\/\/www.azurdrones.com\/de\/wp-json\/wp\/v2\/pages"}],"about":[{"href":"https:\/\/www.azurdrones.com\/de\/wp-json\/wp\/v2\/types\/page"}],"author":[{"embeddable":true,"href":"https:\/\/www.azurdrones.com\/de\/wp-json\/wp\/v2\/users\/1"}],"replies":[{"embeddable":true,"href":"https:\/\/www.azurdrones.com\/de\/wp-json\/wp\/v2\/comments?post=1517"}],"version-history":[{"count":14,"href":"https:\/\/www.azurdrones.com\/de\/wp-json\/wp\/v2\/pages\/1517\/revisions"}],"predecessor-version":[{"id":3547,"href":"https:\/\/www.azurdrones.com\/de\/wp-json\/wp\/v2\/pages\/1517\/revisions\/3547"}],"up":[{"embeddable":true,"href":"https:\/\/www.azurdrones.com\/de\/wp-json\/wp\/v2\/pages\/1379"}],"wp:featuredmedia":[{"embeddable":true,"href":"https:\/\/www.azurdrones.com\/de\/wp-json\/wp\/v2\/media\/3145"}],"wp:attachment":[{"href":"https:\/\/www.azurdrones.com\/de\/wp-json\/wp\/v2\/media?parent=1517"}],"curies":[{"name":"wp","href":"https:\/\/api.w.org\/{rel}","templated":true}]}}