{"id":1565,"date":"2023-03-31T15:25:36","date_gmt":"2023-03-31T13:25:36","guid":{"rendered":"https:\/\/www.azurdrones.com\/anwendungsfaelle\/photogrammetrie\/"},"modified":"2023-04-27T12:01:15","modified_gmt":"2023-04-27T10:01:15","slug":"photogrammetrie","status":"publish","type":"page","link":"https:\/\/www.azurdrones.com\/de\/anwendungsfaelle\/photogrammetrie\/","title":{"rendered":"Photogrammetrie"},"content":{"rendered":"\n<div class=\"wp-block-cover alignfull is-light has-parallax banniere-intro\" style=\"min-height:90vh;aspect-ratio:unset;\"><span aria-hidden=\"true\" class=\"wp-block-cover__background has-secondary-background-color has-background-dim-40 has-background-dim\"><\/span><div role=\"img\" class=\"wp-block-cover__image-background wp-image-1495 has-parallax\" style=\"background-position:50% 50%;background-image:url(https:\/\/www.azurdrones.com\/wp-content\/uploads\/2023\/04\/work-of-heavy-equipment-in-an-open-pit-scaled.jpg)\"><\/div><div class=\"wp-block-cover__inner-container is-layout-flow wp-block-cover-is-layout-flow\">\n<h1 class=\"wp-block-heading has-white-color has-text-color\">Automatisieren Sie Ihre Photogrammetrieauftr\u00e4ge und greifen Sie auf Daten mit h\u00f6chster Genauigkeit zu.<\/h1>\n<\/div><\/div>\n\n\n\n<div style=\"height:75px\" aria-hidden=\"true\" class=\"wp-block-spacer\"><\/div>\n\n\n\n<div class=\"wp-block-media-text alignfull has-media-on-the-right is-stacked-on-mobile is-image-fill\"><div class=\"wp-block-media-text__content\">\n<h2 class=\"wp-block-heading\">Skeyetech E2: ein einfacher und effektiver Ansatz zur Messung und Modellierung Ihrer Standorte und Infrastruktur.<\/h2>\n\n\n\n<p>Ausgestattet mit einer photogrammetrischen Kamera erm\u00f6glicht Ihnen Skeyetech E2 eine bessere Verwaltung und \u00dcberwachung Ihrer Bergbauaktivit\u00e4ten oder Bauarbeiten.<\/p>\n<\/div><figure class=\"wp-block-media-text__media\" style=\"background-image:url(https:\/\/www.azurdrones.com\/wp-content\/uploads\/2023\/04\/photogrammetry_example-1110x529.png);background-position:50% 50%\"><img loading=\"lazy\" decoding=\"async\" width=\"1110\" height=\"529\" src=\"https:\/\/www.azurdrones.com\/wp-content\/uploads\/2023\/04\/photogrammetry_example-1110x529.png\" alt=\"\" class=\"wp-image-3608 size-full\" srcset=\"https:\/\/www.azurdrones.com\/wp-content\/uploads\/2023\/04\/photogrammetry_example-1110x529.png 1110w, https:\/\/www.azurdrones.com\/wp-content\/uploads\/2023\/04\/photogrammetry_example-550x262.png 550w, https:\/\/www.azurdrones.com\/wp-content\/uploads\/2023\/04\/photogrammetry_example-768x366.png 768w, https:\/\/www.azurdrones.com\/wp-content\/uploads\/2023\/04\/photogrammetry_example.png 1489w\" sizes=\"auto, (max-width: 1110px) 100vw, 1110px\" \/><\/figure><\/div>\n\n\n\n<div style=\"height:75px\" aria-hidden=\"true\" class=\"wp-block-spacer\"><\/div>\n\n\n    <div id=\"btw_cards_with_hover-block_75e9d4361f9aedbffa8f42946b6993da\" class=\"btw_cards_with_hover alignfull\">\n\t\t<div class=\"cards_with_hover grid_cards grid_cards--page grid_cards--columns2\" id=\"cards_with_hover-btw_cards_with_hover-block_75e9d4361f9aedbffa8f42946b6993da\">\n\t\t\t\t\t\t\t\t\t\t\t\t<div class=\"post_card type-card-with-hover\">\n\t\t\t\t\t\t<div class=\"post_card__img\">\n\t\t\t\t\t\t\t<figure class=\"post_card__img__figure\">\n\t\t\t\t\t\t\t\t<img loading=\"lazy\" decoding=\"async\" width=\"1110\" height=\"740\" src=\"https:\/\/www.azurdrones.com\/wp-content\/uploads\/2023\/04\/adobestock_278828507-1110x740.jpeg\" class=\"attachment-large size-large wp-image-1486\" alt=\"\" srcset=\"https:\/\/www.azurdrones.com\/wp-content\/uploads\/2023\/04\/adobestock_278828507-1110x740.jpeg 1110w, https:\/\/www.azurdrones.com\/wp-content\/uploads\/2023\/04\/adobestock_278828507-550x367.jpeg 550w, https:\/\/www.azurdrones.com\/wp-content\/uploads\/2023\/04\/adobestock_278828507-768x512.jpeg 768w, https:\/\/www.azurdrones.com\/wp-content\/uploads\/2023\/04\/adobestock_278828507-1536x1024.jpeg 1536w, https:\/\/www.azurdrones.com\/wp-content\/uploads\/2023\/04\/adobestock_278828507-2048x1365.jpeg 2048w\" sizes=\"auto, (max-width: 1110px) 100vw, 1110px\" \/>\t\t\t\t\t\t\t<\/figure>\n\t\t\t\t\t\t<\/div>\n\t\t\t\t\t\t<div class=\"post_card__body\">\n\t\t\t\t\t\t\t<h3 class=\"post_card__body__title\">Optimierung der Bergbaut\u00e4tigkeiten<\/h3>\n\t\t\t\t\t\t\t<div class=\"post_card__body__content\"><ul>\n<li>Kostensenkung;<\/li>\n<li>Verbesserung der Sicherheit von Topografen und anderen Akteuren;<\/li>\n<li>Bearbeitung mit spezieller Software m\u00f6glich;<\/li>\n<li>Verfolgung der Produktion.<\/li>\n<\/ul>\n<\/div>\n\t\t\t\t\t\t<\/div>\n\t\t\t\t\t<\/div>\n\t\t\t\t\t\t\t\t\t\t\t\t\t\t\t\t<div class=\"post_card type-card-with-hover\">\n\t\t\t\t\t\t<div class=\"post_card__img\">\n\t\t\t\t\t\t\t<figure class=\"post_card__img__figure\">\n\t\t\t\t\t\t\t\t<img loading=\"lazy\" decoding=\"async\" width=\"1110\" height=\"740\" src=\"https:\/\/www.azurdrones.com\/wp-content\/uploads\/2023\/04\/photogrammetry_mines_master-1110x740.png\" class=\"attachment-large size-large wp-image-2556\" alt=\"\" srcset=\"https:\/\/www.azurdrones.com\/wp-content\/uploads\/2023\/04\/photogrammetry_mines_master-1110x740.png 1110w, https:\/\/www.azurdrones.com\/wp-content\/uploads\/2023\/04\/photogrammetry_mines_master-550x367.png 550w, https:\/\/www.azurdrones.com\/wp-content\/uploads\/2023\/04\/photogrammetry_mines_master-768x512.png 768w, https:\/\/www.azurdrones.com\/wp-content\/uploads\/2023\/04\/photogrammetry_mines_master-1536x1024.png 1536w, https:\/\/www.azurdrones.com\/wp-content\/uploads\/2023\/04\/photogrammetry_mines_master-2048x1366.png 2048w\" sizes=\"auto, (max-width: 1110px) 100vw, 1110px\" \/>\t\t\t\t\t\t\t<\/figure>\n\t\t\t\t\t\t<\/div>\n\t\t\t\t\t\t<div class=\"post_card__body\">\n\t\t\t\t\t\t\t<h3 class=\"post_card__body__title\">Erlangung genauer technischer Daten<\/h3>\n\t\t\t\t\t\t\t<div class=\"post_card__body__content\"><ul>\n<li>Messungen verschiedener Elemente;<\/li>\n<li>3D-Kartierung und Inspektion von Pf\u00e4hlen;<\/li>\n<li>Scannen.<\/li>\n<\/ul>\n<\/div>\n\t\t\t\t\t\t<\/div>\n\t\t\t\t\t<\/div>\n\t\t\t\t\t\t\t\t\t\t\t\t\t\t\t\t<div class=\"post_card type-card-with-hover\">\n\t\t\t\t\t\t<div class=\"post_card__img\">\n\t\t\t\t\t\t\t<figure class=\"post_card__img__figure\">\n\t\t\t\t\t\t\t\t\t\t\t\t\t\t\t<\/figure>\n\t\t\t\t\t\t<\/div>\n\t\t\t\t\t\t<div class=\"post_card__body\">\n\t\t\t\t\t\t\t<h3 class=\"post_card__body__title\">Kontrolle der Bauarbeiten<\/h3>\n\t\t\t\t\t\t\t<div class=\"post_card__body__content\"><ul>\n<li>Verfolgung der laufenden Arbeiten;<\/li>\n<li>Wiederkehrende und verglichene Inventur.<\/li>\n<\/ul>\n<\/div>\n\t\t\t\t\t\t<\/div>\n\t\t\t\t\t<\/div>\n\t\t\t\t\t\t\t\t\t<\/div>\n    <\/div>\n    \n\n\n<div style=\"height:75px\" aria-hidden=\"true\" class=\"wp-block-spacer\"><\/div>\n\n\n\n<div class=\"wp-block-media-text alignfull has-media-on-the-right is-stacked-on-mobile is-image-fill\"><div class=\"wp-block-media-text__content\">\n<h2 class=\"wp-block-heading\">Identifizieren Sie die Aufgaben, die Skeyetech E2 \u00fcbernehmen kann.<\/h2>\n\n\n\n<p>Mit ihrer 26-Megapixel-Optik f\u00fchrt Skeyetech E2 photogrammetrische Missionen zur \u00dcberwachung von Minenaktivit\u00e4ten und Bauarbeiten oder auch zur detaillierten Inspektion durch.<\/p>\n<\/div><figure class=\"wp-block-media-text__media\" style=\"background-image:url(https:\/\/www.azurdrones.com\/wp-content\/uploads\/2023\/03\/conveyor-belts-mine-background-1110x624.jpg);background-position:50% 50%\"><img loading=\"lazy\" decoding=\"async\" width=\"1110\" height=\"624\" src=\"https:\/\/www.azurdrones.com\/wp-content\/uploads\/2023\/03\/conveyor-belts-mine-background-1110x624.jpg\" alt=\"\" class=\"wp-image-790 size-full\" srcset=\"https:\/\/www.azurdrones.com\/wp-content\/uploads\/2023\/03\/conveyor-belts-mine-background-1110x624.jpg 1110w, https:\/\/www.azurdrones.com\/wp-content\/uploads\/2023\/03\/conveyor-belts-mine-background-550x309.jpg 550w, https:\/\/www.azurdrones.com\/wp-content\/uploads\/2023\/03\/conveyor-belts-mine-background-768x432.jpg 768w, https:\/\/www.azurdrones.com\/wp-content\/uploads\/2023\/03\/conveyor-belts-mine-background-1536x864.jpg 1536w, https:\/\/www.azurdrones.com\/wp-content\/uploads\/2023\/03\/conveyor-belts-mine-background-2048x1152.jpg 2048w\" sizes=\"auto, (max-width: 1110px) 100vw, 1110px\" \/><\/figure><\/div>\n\n\n\n<div style=\"height:75px\" aria-hidden=\"true\" class=\"wp-block-spacer\"><\/div>\n\n\n\n<div class=\"wp-block-columns is-layout-flex wp-container-core-columns-is-layout-9d6595d7 wp-block-columns-is-layout-flex\">\n<div class=\"wp-block-column has-secondary-light-background-color has-background is-layout-flow wp-block-column-is-layout-flow\">\n<h4 class=\"wp-block-heading has-text-align-center\">Messungen<\/h4>\n\n\n\n<hr class=\"wp-block-separator has-alpha-channel-opacity\"\/>\n\n\n\n<p class=\"has-text-align-center has-small-font-size\">Entfernungen, Fl\u00e4chen, Dimensionen, Volumen und Steigungen<\/p>\n<\/div>\n\n\n\n<div class=\"wp-block-column has-secondary-light-background-color has-background is-layout-flow wp-block-column-is-layout-flow\">\n<h4 class=\"wp-block-heading has-text-align-center\">Nachverfolgung<\/h4>\n\n\n\n<hr class=\"wp-block-separator has-alpha-channel-opacity\"\/>\n\n\n\n<p class=\"has-text-align-center has-small-font-size\">Sch\u00e4tzung der Best\u00e4nde und Stapel, Arbeitsfortschritt<\/p>\n<\/div>\n\n\n\n<div class=\"wp-block-column has-secondary-light-background-color has-background is-layout-flow wp-block-column-is-layout-flow\">\n<h4 class=\"wp-block-heading has-text-align-center\">\u00dcberwachung<\/h4>\n\n\n\n<hr class=\"wp-block-separator has-alpha-channel-opacity\"\/>\n\n\n\n<p class=\"has-text-align-center has-small-font-size\">3D-Kartierung, Bodenscans, 3D-Stapelinspektion<\/p>\n<\/div>\n<\/div>\n\n\n\n<div class=\"wp-block-buttons is-content-justification-center is-layout-flex wp-container-core-buttons-is-layout-16018d1d wp-block-buttons-is-layout-flex\">\n<div class=\"wp-block-button is-style-outline is-style-outline--1\"><a class=\"wp-block-button__link wp-element-button\" href=\"https:\/\/www.azurdrones.com\/de\/loesung\/skeyetech-e2\/\">Mehr \u00fcber unsere L\u00f6sung erfahren<\/a><\/div>\n<\/div>\n\n\n\n<div style=\"height:75px\" aria-hidden=\"true\" class=\"wp-block-spacer\"><\/div>\n\n\n\n<div class=\"wp-block-cover alignfull is-light\" style=\"min-height:30vw;aspect-ratio:unset;\"><span aria-hidden=\"true\" class=\"wp-block-cover__background has-background-dim-0 has-background-dim\"><\/span><img loading=\"lazy\" decoding=\"async\" width=\"2560\" height=\"1438\" class=\"wp-block-cover__image-background wp-image-2600\" alt=\"\" src=\"https:\/\/www.azurdrones.com\/wp-content\/uploads\/2023\/04\/large-quarry-during-work-hours-aerial-image-scaled.jpg\" data-object-fit=\"cover\" srcset=\"https:\/\/www.azurdrones.com\/wp-content\/uploads\/2023\/04\/large-quarry-during-work-hours-aerial-image-scaled.jpg 2560w, https:\/\/www.azurdrones.com\/wp-content\/uploads\/2023\/04\/large-quarry-during-work-hours-aerial-image-550x309.jpg 550w, https:\/\/www.azurdrones.com\/wp-content\/uploads\/2023\/04\/large-quarry-during-work-hours-aerial-image-1110x624.jpg 1110w, https:\/\/www.azurdrones.com\/wp-content\/uploads\/2023\/04\/large-quarry-during-work-hours-aerial-image-768x432.jpg 768w, https:\/\/www.azurdrones.com\/wp-content\/uploads\/2023\/04\/large-quarry-during-work-hours-aerial-image-1536x863.jpg 1536w, https:\/\/www.azurdrones.com\/wp-content\/uploads\/2023\/04\/large-quarry-during-work-hours-aerial-image-2048x1151.jpg 2048w\" sizes=\"auto, (max-width: 2560px) 100vw, 2560px\" \/><div class=\"wp-block-cover__inner-container is-layout-flow wp-block-cover-is-layout-flow\">\n<p class=\"has-text-align-center has-large-font-size\"><\/p>\n<\/div><\/div>\n\n\n\n<div class=\"wp-block-cover alignfull is-light has-parallax\"><span aria-hidden=\"true\" class=\"wp-block-cover__background has-background-dim-0 has-background-dim\"><\/span><div role=\"img\" class=\"wp-block-cover__image-background wp-image-97 has-parallax\" style=\"background-position:50% 50%;background-image:url(https:\/\/www.azurdrones.com\/wp-content\/uploads\/2023\/03\/background-waves.jpg)\"><\/div><div class=\"wp-block-cover__inner-container is-layout-flow wp-block-cover-is-layout-flow\">\n<h2 class=\"wp-block-heading has-text-align-left\">Sie vertrauen Azur Drones<\/h2>\n\n\n<\/div><\/div>\n","protected":false},"excerpt":{"rendered":"<p>Skeyetech E2: ein einfacher und effektiver Ansatz zur Messung und Modellierung Ihrer Standorte und Infrastruktur. Ausgestattet mit einer photogrammetrischen Kamera erm\u00f6glicht Ihnen Skeyetech E2 eine<\/p>\n","protected":false},"author":7,"featured_media":790,"parent":1375,"menu_order":0,"comment_status":"closed","ping_status":"closed","template":"","meta":{"_acf_changed":false,"_uag_custom_page_level_css":"","footnotes":""},"class_list":["post-1565","page","type-page","status-publish","has-post-thumbnail","hentry"],"acf":[],"yoast_head":"<!-- This site is optimized with the Yoast SEO plugin v27.3 - https:\/\/yoast.com\/product\/yoast-seo-wordpress\/ -->\n<title>Photogrammetrie - Azur Drones<\/title>\n<meta name=\"description\" content=\"Automatisieren Sie Ihre Photogrammetrieauftr\u00e4ge und greifen Sie auf Daten mit h\u00f6chster Genauigkeit zu mit Skeyetech E2. Ausgestattet mit einer photogrammetrischen Kamera erm\u00f6glicht Ihnen Skeyetech E2 eine bessere Verwaltung und \u00dcberwachung Ihrer Bergbauaktivit\u00e4ten oder Bauarbeiten.\" \/>\n<meta name=\"robots\" content=\"index, follow, max-snippet:-1, max-image-preview:large, max-video-preview:-1\" \/>\n<link rel=\"canonical\" href=\"https:\/\/www.azurdrones.com\/de\/anwendungsfaelle\/photogrammetrie\/\" \/>\n<meta property=\"og:locale\" content=\"de_DE\" \/>\n<meta property=\"og:type\" content=\"article\" \/>\n<meta property=\"og:title\" content=\"Photogrammetrie - Azur Drones\" \/>\n<meta property=\"og:description\" content=\"Automatisieren Sie Ihre Photogrammetrieauftr\u00e4ge und greifen Sie auf Daten mit h\u00f6chster Genauigkeit zu mit Skeyetech E2. Ausgestattet mit einer photogrammetrischen Kamera erm\u00f6glicht Ihnen Skeyetech E2 eine bessere Verwaltung und \u00dcberwachung Ihrer Bergbauaktivit\u00e4ten oder Bauarbeiten.\" \/>\n<meta property=\"og:url\" content=\"https:\/\/www.azurdrones.com\/de\/anwendungsfaelle\/photogrammetrie\/\" \/>\n<meta property=\"og:site_name\" content=\"Azur Drones\" \/>\n<meta property=\"article:modified_time\" content=\"2023-04-27T10:01:15+00:00\" \/>\n<meta property=\"og:image\" content=\"https:\/\/www.azurdrones.com\/wp-content\/uploads\/2023\/03\/conveyor-belts-mine-background.jpg\" \/>\n\t<meta property=\"og:image:width\" content=\"2560\" \/>\n\t<meta property=\"og:image:height\" content=\"1440\" \/>\n\t<meta property=\"og:image:type\" content=\"image\/jpeg\" \/>\n<meta name=\"twitter:card\" content=\"summary_large_image\" \/>\n<meta name=\"twitter:label1\" content=\"Gesch\u00e4tzte Lesezeit\" \/>\n\t<meta name=\"twitter:data1\" content=\"2\u00a0Minuten\" \/>\n<script type=\"application\/ld+json\" class=\"yoast-schema-graph\">{\"@context\":\"https:\\\/\\\/schema.org\",\"@graph\":[{\"@type\":\"WebPage\",\"@id\":\"https:\\\/\\\/www.azurdrones.com\\\/de\\\/anwendungsfaelle\\\/photogrammetrie\\\/\",\"url\":\"https:\\\/\\\/www.azurdrones.com\\\/de\\\/anwendungsfaelle\\\/photogrammetrie\\\/\",\"name\":\"Photogrammetrie - Azur Drones\",\"isPartOf\":{\"@id\":\"https:\\\/\\\/www.azurdrones.com\\\/de\\\/#website\"},\"primaryImageOfPage\":{\"@id\":\"https:\\\/\\\/www.azurdrones.com\\\/de\\\/anwendungsfaelle\\\/photogrammetrie\\\/#primaryimage\"},\"image\":{\"@id\":\"https:\\\/\\\/www.azurdrones.com\\\/de\\\/anwendungsfaelle\\\/photogrammetrie\\\/#primaryimage\"},\"thumbnailUrl\":\"https:\\\/\\\/www.azurdrones.com\\\/wp-content\\\/uploads\\\/2023\\\/03\\\/conveyor-belts-mine-background.jpg\",\"datePublished\":\"2023-03-31T13:25:36+00:00\",\"dateModified\":\"2023-04-27T10:01:15+00:00\",\"description\":\"Automatisieren Sie Ihre Photogrammetrieauftr\u00e4ge und greifen Sie auf Daten mit h\u00f6chster Genauigkeit zu mit Skeyetech E2. Ausgestattet mit einer photogrammetrischen Kamera erm\u00f6glicht Ihnen Skeyetech E2 eine bessere Verwaltung und \u00dcberwachung Ihrer Bergbauaktivit\u00e4ten oder Bauarbeiten.\",\"breadcrumb\":{\"@id\":\"https:\\\/\\\/www.azurdrones.com\\\/de\\\/anwendungsfaelle\\\/photogrammetrie\\\/#breadcrumb\"},\"inLanguage\":\"de\",\"potentialAction\":[{\"@type\":\"ReadAction\",\"target\":[\"https:\\\/\\\/www.azurdrones.com\\\/de\\\/anwendungsfaelle\\\/photogrammetrie\\\/\"]}]},{\"@type\":\"ImageObject\",\"inLanguage\":\"de\",\"@id\":\"https:\\\/\\\/www.azurdrones.com\\\/de\\\/anwendungsfaelle\\\/photogrammetrie\\\/#primaryimage\",\"url\":\"https:\\\/\\\/www.azurdrones.com\\\/wp-content\\\/uploads\\\/2023\\\/03\\\/conveyor-belts-mine-background.jpg\",\"contentUrl\":\"https:\\\/\\\/www.azurdrones.com\\\/wp-content\\\/uploads\\\/2023\\\/03\\\/conveyor-belts-mine-background.jpg\",\"width\":2560,\"height\":1440},{\"@type\":\"BreadcrumbList\",\"@id\":\"https:\\\/\\\/www.azurdrones.com\\\/de\\\/anwendungsfaelle\\\/photogrammetrie\\\/#breadcrumb\",\"itemListElement\":[{\"@type\":\"ListItem\",\"position\":1,\"name\":\"Accueil\",\"item\":\"https:\\\/\\\/www.azurdrones.com\\\/de\\\/\"},{\"@type\":\"ListItem\",\"position\":2,\"name\":\"Anwendungsf\u00e4lle\",\"item\":\"https:\\\/\\\/www.azurdrones.com\\\/de\\\/anwendungsfaelle\\\/\"},{\"@type\":\"ListItem\",\"position\":3,\"name\":\"Photogrammetrie\"}]},{\"@type\":\"WebSite\",\"@id\":\"https:\\\/\\\/www.azurdrones.com\\\/de\\\/#website\",\"url\":\"https:\\\/\\\/www.azurdrones.com\\\/de\\\/\",\"name\":\"Azur Drones\",\"description\":\"Autonomous aerial surveillance\",\"publisher\":{\"@id\":\"https:\\\/\\\/www.azurdrones.com\\\/de\\\/#organization\"},\"potentialAction\":[{\"@type\":\"SearchAction\",\"target\":{\"@type\":\"EntryPoint\",\"urlTemplate\":\"https:\\\/\\\/www.azurdrones.com\\\/de\\\/?s={search_term_string}\"},\"query-input\":{\"@type\":\"PropertyValueSpecification\",\"valueRequired\":true,\"valueName\":\"search_term_string\"}}],\"inLanguage\":\"de\"},{\"@type\":\"Organization\",\"@id\":\"https:\\\/\\\/www.azurdrones.com\\\/de\\\/#organization\",\"name\":\"Azur Drones\",\"url\":\"https:\\\/\\\/www.azurdrones.com\\\/de\\\/\",\"logo\":{\"@type\":\"ImageObject\",\"inLanguage\":\"de\",\"@id\":\"https:\\\/\\\/www.azurdrones.com\\\/de\\\/#\\\/schema\\\/logo\\\/image\\\/\",\"url\":\"https:\\\/\\\/www.azurdrones.com\\\/wp-content\\\/uploads\\\/2023\\\/03\\\/logo-azur-drones.png\",\"contentUrl\":\"https:\\\/\\\/www.azurdrones.com\\\/wp-content\\\/uploads\\\/2023\\\/03\\\/logo-azur-drones.png\",\"width\":738,\"height\":96,\"caption\":\"Azur Drones\"},\"image\":{\"@id\":\"https:\\\/\\\/www.azurdrones.com\\\/de\\\/#\\\/schema\\\/logo\\\/image\\\/\"}}]}<\/script>\n<!-- \/ Yoast SEO plugin. -->","yoast_head_json":{"title":"Photogrammetrie - Azur Drones","description":"Automatisieren Sie Ihre Photogrammetrieauftr\u00e4ge und greifen Sie auf Daten mit h\u00f6chster Genauigkeit zu mit Skeyetech E2. Ausgestattet mit einer photogrammetrischen Kamera erm\u00f6glicht Ihnen Skeyetech E2 eine bessere Verwaltung und \u00dcberwachung Ihrer Bergbauaktivit\u00e4ten oder Bauarbeiten.","robots":{"index":"index","follow":"follow","max-snippet":"max-snippet:-1","max-image-preview":"max-image-preview:large","max-video-preview":"max-video-preview:-1"},"canonical":"https:\/\/www.azurdrones.com\/de\/anwendungsfaelle\/photogrammetrie\/","og_locale":"de_DE","og_type":"article","og_title":"Photogrammetrie - Azur Drones","og_description":"Automatisieren Sie Ihre Photogrammetrieauftr\u00e4ge und greifen Sie auf Daten mit h\u00f6chster Genauigkeit zu mit Skeyetech E2. Ausgestattet mit einer photogrammetrischen Kamera erm\u00f6glicht Ihnen Skeyetech E2 eine bessere Verwaltung und \u00dcberwachung Ihrer Bergbauaktivit\u00e4ten oder Bauarbeiten.","og_url":"https:\/\/www.azurdrones.com\/de\/anwendungsfaelle\/photogrammetrie\/","og_site_name":"Azur Drones","article_modified_time":"2023-04-27T10:01:15+00:00","og_image":[{"width":2560,"height":1440,"url":"https:\/\/www.azurdrones.com\/wp-content\/uploads\/2023\/03\/conveyor-belts-mine-background.jpg","type":"image\/jpeg"}],"twitter_card":"summary_large_image","twitter_misc":{"Gesch\u00e4tzte Lesezeit":"2\u00a0Minuten"},"schema":{"@context":"https:\/\/schema.org","@graph":[{"@type":"WebPage","@id":"https:\/\/www.azurdrones.com\/de\/anwendungsfaelle\/photogrammetrie\/","url":"https:\/\/www.azurdrones.com\/de\/anwendungsfaelle\/photogrammetrie\/","name":"Photogrammetrie - Azur Drones","isPartOf":{"@id":"https:\/\/www.azurdrones.com\/de\/#website"},"primaryImageOfPage":{"@id":"https:\/\/www.azurdrones.com\/de\/anwendungsfaelle\/photogrammetrie\/#primaryimage"},"image":{"@id":"https:\/\/www.azurdrones.com\/de\/anwendungsfaelle\/photogrammetrie\/#primaryimage"},"thumbnailUrl":"https:\/\/www.azurdrones.com\/wp-content\/uploads\/2023\/03\/conveyor-belts-mine-background.jpg","datePublished":"2023-03-31T13:25:36+00:00","dateModified":"2023-04-27T10:01:15+00:00","description":"Automatisieren Sie Ihre Photogrammetrieauftr\u00e4ge und greifen Sie auf Daten mit h\u00f6chster Genauigkeit zu mit Skeyetech E2. Ausgestattet mit einer photogrammetrischen Kamera erm\u00f6glicht Ihnen Skeyetech E2 eine bessere Verwaltung und \u00dcberwachung Ihrer Bergbauaktivit\u00e4ten oder Bauarbeiten.","breadcrumb":{"@id":"https:\/\/www.azurdrones.com\/de\/anwendungsfaelle\/photogrammetrie\/#breadcrumb"},"inLanguage":"de","potentialAction":[{"@type":"ReadAction","target":["https:\/\/www.azurdrones.com\/de\/anwendungsfaelle\/photogrammetrie\/"]}]},{"@type":"ImageObject","inLanguage":"de","@id":"https:\/\/www.azurdrones.com\/de\/anwendungsfaelle\/photogrammetrie\/#primaryimage","url":"https:\/\/www.azurdrones.com\/wp-content\/uploads\/2023\/03\/conveyor-belts-mine-background.jpg","contentUrl":"https:\/\/www.azurdrones.com\/wp-content\/uploads\/2023\/03\/conveyor-belts-mine-background.jpg","width":2560,"height":1440},{"@type":"BreadcrumbList","@id":"https:\/\/www.azurdrones.com\/de\/anwendungsfaelle\/photogrammetrie\/#breadcrumb","itemListElement":[{"@type":"ListItem","position":1,"name":"Accueil","item":"https:\/\/www.azurdrones.com\/de\/"},{"@type":"ListItem","position":2,"name":"Anwendungsf\u00e4lle","item":"https:\/\/www.azurdrones.com\/de\/anwendungsfaelle\/"},{"@type":"ListItem","position":3,"name":"Photogrammetrie"}]},{"@type":"WebSite","@id":"https:\/\/www.azurdrones.com\/de\/#website","url":"https:\/\/www.azurdrones.com\/de\/","name":"Azur Drones","description":"Autonomous aerial surveillance","publisher":{"@id":"https:\/\/www.azurdrones.com\/de\/#organization"},"potentialAction":[{"@type":"SearchAction","target":{"@type":"EntryPoint","urlTemplate":"https:\/\/www.azurdrones.com\/de\/?s={search_term_string}"},"query-input":{"@type":"PropertyValueSpecification","valueRequired":true,"valueName":"search_term_string"}}],"inLanguage":"de"},{"@type":"Organization","@id":"https:\/\/www.azurdrones.com\/de\/#organization","name":"Azur Drones","url":"https:\/\/www.azurdrones.com\/de\/","logo":{"@type":"ImageObject","inLanguage":"de","@id":"https:\/\/www.azurdrones.com\/de\/#\/schema\/logo\/image\/","url":"https:\/\/www.azurdrones.com\/wp-content\/uploads\/2023\/03\/logo-azur-drones.png","contentUrl":"https:\/\/www.azurdrones.com\/wp-content\/uploads\/2023\/03\/logo-azur-drones.png","width":738,"height":96,"caption":"Azur Drones"},"image":{"@id":"https:\/\/www.azurdrones.com\/de\/#\/schema\/logo\/image\/"}}]}},"uagb_featured_image_src":{"full":["https:\/\/www.azurdrones.com\/wp-content\/uploads\/2023\/03\/conveyor-belts-mine-background.jpg",2560,1440,false],"thumbnail":["https:\/\/www.azurdrones.com\/wp-content\/uploads\/2023\/03\/conveyor-belts-mine-background-300x300.jpg",300,300,true],"medium":["https:\/\/www.azurdrones.com\/wp-content\/uploads\/2023\/03\/conveyor-belts-mine-background-550x309.jpg",550,309,true],"medium_large":["https:\/\/www.azurdrones.com\/wp-content\/uploads\/2023\/03\/conveyor-belts-mine-background-768x432.jpg",768,432,true],"large":["https:\/\/www.azurdrones.com\/wp-content\/uploads\/2023\/03\/conveyor-belts-mine-background-1110x624.jpg",1110,624,true],"1536x1536":["https:\/\/www.azurdrones.com\/wp-content\/uploads\/2023\/03\/conveyor-belts-mine-background-1536x864.jpg",1536,864,true],"2048x2048":["https:\/\/www.azurdrones.com\/wp-content\/uploads\/2023\/03\/conveyor-belts-mine-background-2048x1152.jpg",2048,1152,true],"full_width":["https:\/\/www.azurdrones.com\/wp-content\/uploads\/2023\/03\/conveyor-belts-mine-background.jpg",2560,1440,false]},"uagb_author_info":{"display_name":"Marine Le Liepvre","author_link":"https:\/\/www.azurdrones.com\/de\/author\/marine\/"},"uagb_comment_info":0,"uagb_excerpt":"Skeyetech E2: ein einfacher und effektiver Ansatz zur Messung und Modellierung Ihrer Standorte und Infrastruktur. Ausgestattet mit einer photogrammetrischen Kamera erm\u00f6glicht Ihnen Skeyetech E2 eine","_links":{"self":[{"href":"https:\/\/www.azurdrones.com\/de\/wp-json\/wp\/v2\/pages\/1565","targetHints":{"allow":["GET"]}}],"collection":[{"href":"https:\/\/www.azurdrones.com\/de\/wp-json\/wp\/v2\/pages"}],"about":[{"href":"https:\/\/www.azurdrones.com\/de\/wp-json\/wp\/v2\/types\/page"}],"author":[{"embeddable":true,"href":"https:\/\/www.azurdrones.com\/de\/wp-json\/wp\/v2\/users\/7"}],"replies":[{"embeddable":true,"href":"https:\/\/www.azurdrones.com\/de\/wp-json\/wp\/v2\/comments?post=1565"}],"version-history":[{"count":8,"href":"https:\/\/www.azurdrones.com\/de\/wp-json\/wp\/v2\/pages\/1565\/revisions"}],"predecessor-version":[{"id":3611,"href":"https:\/\/www.azurdrones.com\/de\/wp-json\/wp\/v2\/pages\/1565\/revisions\/3611"}],"up":[{"embeddable":true,"href":"https:\/\/www.azurdrones.com\/de\/wp-json\/wp\/v2\/pages\/1375"}],"wp:featuredmedia":[{"embeddable":true,"href":"https:\/\/www.azurdrones.com\/de\/wp-json\/wp\/v2\/media\/790"}],"wp:attachment":[{"href":"https:\/\/www.azurdrones.com\/de\/wp-json\/wp\/v2\/media?parent=1565"}],"curies":[{"name":"wp","href":"https:\/\/api.w.org\/{rel}","templated":true}]}}