{"id":3113,"date":"2023-03-09T15:24:27","date_gmt":"2023-03-09T14:24:27","guid":{"rendered":"https:\/\/www.azurdrones.com\/politique-de-confidentialite\/"},"modified":"2024-02-02T13:52:38","modified_gmt":"2024-02-02T12:52:38","slug":"politique-de-confidentialite","status":"publish","type":"page","link":"https:\/\/www.azurdrones.com\/de\/politique-de-confidentialite\/","title":{"rendered":"Rechtliche Hinweise"},"content":{"rendered":"\n<h2 class=\"wp-block-heading\">BESITZER DER WEBSITE<\/h2>\n\n\n\n<p><a href=\"https:\/\/www.azurdrones.com\/\">https:\/\/www.azurdrones.com\/<\/a> ist eine Website der Firma Azur Drones.<\/p>\n\n\n\n<p>Rechtsform: SAS (Vereinfachte Aktiengesellschaft franz\u00f6sischen Rechts) mit einem Kapital von 4\u00a0492 444\u00a0\u20ac &#8211; Handelsregister Bordeaux 811 794 601<\/p>\n\n\n\n<p>SIRET-NR.: 81179460100062<\/p>\n\n\n\n<p>Adresse:<\/p>\n\n\n\n<p>Hauptsitz:<\/p>\n\n\n\n<p>2, rue Vert Castel &#8211; 33 700 M\u00e9rignac &#8211; FRANKREICH<\/p>\n\n\n\n<p>Verkaufsb\u00fcro:&nbsp;<\/p>\n\n\n\n<p>Morning \u2013 Tour Maine Montparnasse \u2013 33 avenue du Maine \u2013 75015 Paris<\/p>\n\n\n\n<p>E-Mail: <a href=\"mailto:contact@azurdrones.com\">contact@azurdrones.com<\/a><\/p>\n\n\n\n<p>Telefon: +33 9 72 10 41 66<\/p>\n\n\n\n<h2 class=\"wp-block-heading\">ACHTUNG DER PRIVATSPH\u00c4RE<\/h2>\n\n\n\n<p>Die \u00fcber Formulare oder Cookies erhaltenen Informationen sind ausschlie\u00dflich f\u00fcr die Nutzung durch die Domain <a href=\"https:\/\/www.azurdrones.com\/\">https:\/\/www.azurdrones.com\/<\/a> bestimmt und werden unter keinen Umst\u00e4nden Dritten zur Verf\u00fcgung gestellt. In Anwendung des Gesetzes Nr.&nbsp;78-17 vom 6.&nbsp;Januar&nbsp;1978 \u00fcber Informatik, Dateien und Freiheitsrechte haben Sie das Recht auf Einspruch (Art.&nbsp;26 des Gesetzes), Zugang (Art.&nbsp;34 bis 38 des Gesetzes) und Berichtigung (Art.&nbsp;36 des Gesetzes) der Sie betreffenden Daten. Um dieses Recht auszu\u00fcben, wenden Sie sich per E-Mail \u00fcber das auf dieser Website verf\u00fcgbare Kontaktformular an den Verantwortlichen der Website.<\/p>\n\n\n\n<h2 class=\"wp-block-heading\">GEISTIGES EIGENTUM<\/h2>\n\n\n\n<p>Diese Website stellt ein Werk dar, das in Frankreich durch den Code de la Propri\u00e9t\u00e9 Intellectuelle und im Ausland durch die geltenden internationalen \u00dcbereinkommen zum Urheberrecht gesch\u00fctzt ist. Die Verletzung eines der Urheberrechte an einem Werk ist ein F\u00e4lschungsdelikt, das nach Artikel L.335-2 des Code de la Propri\u00e9t\u00e9 Intellectuelle mit drei Jahren Gef\u00e4ngnis und 300&nbsp;000&nbsp;Euro Geldstrafe geahndet wird.<\/p>\n\n\n\n<h2 class=\"wp-block-heading\">WEBSITE-DESIGN<\/h2>\n\n\n\n<p>Website erstellt von: Bouge ton web<\/p>\n\n\n\n<h2 class=\"wp-block-heading\">HOSTING<\/h2>\n\n\n\n<p>Diese Website wird von der Firma OVH gehostet<\/p>\n\n\n\n<p>Hauptsitz: 2, rue Kellermann &#8211; 59100 Roubaix <\/p>\n\n\n\n<p>Telefon: 1007<\/p>\n\n\n\n<div style=\"height:50px\" aria-hidden=\"true\" class=\"wp-block-spacer\"><\/div>\n","protected":false},"excerpt":{"rendered":"<p>BESITZER DER WEBSITE https:\/\/www.azurdrones.com\/ ist eine Website der Firma Azur Drones. Rechtsform: SAS (Vereinfachte Aktiengesellschaft franz\u00f6sischen Rechts) mit einem Kapital von 4\u00a0492 444\u00a0\u20ac &#8211; Handelsregister<\/p>\n","protected":false},"author":1,"featured_media":736,"parent":0,"menu_order":0,"comment_status":"closed","ping_status":"closed","template":"","meta":{"_acf_changed":false,"_uag_custom_page_level_css":"","footnotes":""},"class_list":["post-3113","page","type-page","status-publish","has-post-thumbnail","hentry"],"acf":[],"yoast_head":"<!-- This site is optimized with the Yoast SEO plugin v27.3 - https:\/\/yoast.com\/product\/yoast-seo-wordpress\/ -->\n<title>Rechtliche Hinweise - Azur Drones<\/title>\n<meta name=\"robots\" content=\"index, follow, max-snippet:-1, max-image-preview:large, max-video-preview:-1\" \/>\n<link rel=\"canonical\" href=\"https:\/\/www.azurdrones.com\/de\/politique-de-confidentialite\/\" \/>\n<meta property=\"og:locale\" content=\"de_DE\" \/>\n<meta property=\"og:type\" content=\"article\" \/>\n<meta property=\"og:title\" content=\"Rechtliche Hinweise - Azur Drones\" \/>\n<meta property=\"og:description\" content=\"BESITZER DER WEBSITE https:\/\/www.azurdrones.com\/ ist eine Website der Firma Azur Drones. Rechtsform: SAS (Vereinfachte Aktiengesellschaft franz\u00f6sischen Rechts) mit einem Kapital von 4\u00a0492 444\u00a0\u20ac &#8211; Handelsregister\" \/>\n<meta property=\"og:url\" content=\"https:\/\/www.azurdrones.com\/de\/politique-de-confidentialite\/\" \/>\n<meta property=\"og:site_name\" content=\"Azur Drones\" \/>\n<meta property=\"article:modified_time\" content=\"2024-02-02T12:52:38+00:00\" \/>\n<meta property=\"og:image\" content=\"https:\/\/www.azurdrones.com\/wp-content\/uploads\/2023\/03\/oil-and-gas-processing-tank-and-pipes.jpg\" \/>\n\t<meta property=\"og:image:width\" content=\"2560\" \/>\n\t<meta property=\"og:image:height\" content=\"1707\" \/>\n\t<meta property=\"og:image:type\" content=\"image\/jpeg\" \/>\n<meta name=\"twitter:card\" content=\"summary_large_image\" \/>\n<meta name=\"twitter:label1\" content=\"Gesch\u00e4tzte Lesezeit\" \/>\n\t<meta name=\"twitter:data1\" content=\"2\u00a0Minuten\" \/>\n<script type=\"application\/ld+json\" class=\"yoast-schema-graph\">{\"@context\":\"https:\\\/\\\/schema.org\",\"@graph\":[{\"@type\":\"WebPage\",\"@id\":\"https:\\\/\\\/www.azurdrones.com\\\/de\\\/politique-de-confidentialite\\\/\",\"url\":\"https:\\\/\\\/www.azurdrones.com\\\/de\\\/politique-de-confidentialite\\\/\",\"name\":\"Rechtliche Hinweise - Azur Drones\",\"isPartOf\":{\"@id\":\"https:\\\/\\\/www.azurdrones.com\\\/de\\\/#website\"},\"primaryImageOfPage\":{\"@id\":\"https:\\\/\\\/www.azurdrones.com\\\/de\\\/politique-de-confidentialite\\\/#primaryimage\"},\"image\":{\"@id\":\"https:\\\/\\\/www.azurdrones.com\\\/de\\\/politique-de-confidentialite\\\/#primaryimage\"},\"thumbnailUrl\":\"https:\\\/\\\/www.azurdrones.com\\\/wp-content\\\/uploads\\\/2023\\\/03\\\/oil-and-gas-processing-tank-and-pipes.jpg\",\"datePublished\":\"2023-03-09T14:24:27+00:00\",\"dateModified\":\"2024-02-02T12:52:38+00:00\",\"breadcrumb\":{\"@id\":\"https:\\\/\\\/www.azurdrones.com\\\/de\\\/politique-de-confidentialite\\\/#breadcrumb\"},\"inLanguage\":\"de\",\"potentialAction\":[{\"@type\":\"ReadAction\",\"target\":[\"https:\\\/\\\/www.azurdrones.com\\\/de\\\/politique-de-confidentialite\\\/\"]}]},{\"@type\":\"ImageObject\",\"inLanguage\":\"de\",\"@id\":\"https:\\\/\\\/www.azurdrones.com\\\/de\\\/politique-de-confidentialite\\\/#primaryimage\",\"url\":\"https:\\\/\\\/www.azurdrones.com\\\/wp-content\\\/uploads\\\/2023\\\/03\\\/oil-and-gas-processing-tank-and-pipes.jpg\",\"contentUrl\":\"https:\\\/\\\/www.azurdrones.com\\\/wp-content\\\/uploads\\\/2023\\\/03\\\/oil-and-gas-processing-tank-and-pipes.jpg\",\"width\":2560,\"height\":1707},{\"@type\":\"BreadcrumbList\",\"@id\":\"https:\\\/\\\/www.azurdrones.com\\\/de\\\/politique-de-confidentialite\\\/#breadcrumb\",\"itemListElement\":[{\"@type\":\"ListItem\",\"position\":1,\"name\":\"Accueil\",\"item\":\"https:\\\/\\\/www.azurdrones.com\\\/de\\\/\"},{\"@type\":\"ListItem\",\"position\":2,\"name\":\"Rechtliche Hinweise\"}]},{\"@type\":\"WebSite\",\"@id\":\"https:\\\/\\\/www.azurdrones.com\\\/de\\\/#website\",\"url\":\"https:\\\/\\\/www.azurdrones.com\\\/de\\\/\",\"name\":\"Azur Drones\",\"description\":\"Autonomous aerial surveillance\",\"publisher\":{\"@id\":\"https:\\\/\\\/www.azurdrones.com\\\/de\\\/#organization\"},\"potentialAction\":[{\"@type\":\"SearchAction\",\"target\":{\"@type\":\"EntryPoint\",\"urlTemplate\":\"https:\\\/\\\/www.azurdrones.com\\\/de\\\/?s={search_term_string}\"},\"query-input\":{\"@type\":\"PropertyValueSpecification\",\"valueRequired\":true,\"valueName\":\"search_term_string\"}}],\"inLanguage\":\"de\"},{\"@type\":\"Organization\",\"@id\":\"https:\\\/\\\/www.azurdrones.com\\\/de\\\/#organization\",\"name\":\"Azur Drones\",\"url\":\"https:\\\/\\\/www.azurdrones.com\\\/de\\\/\",\"logo\":{\"@type\":\"ImageObject\",\"inLanguage\":\"de\",\"@id\":\"https:\\\/\\\/www.azurdrones.com\\\/de\\\/#\\\/schema\\\/logo\\\/image\\\/\",\"url\":\"https:\\\/\\\/www.azurdrones.com\\\/wp-content\\\/uploads\\\/2023\\\/03\\\/logo-azur-drones.png\",\"contentUrl\":\"https:\\\/\\\/www.azurdrones.com\\\/wp-content\\\/uploads\\\/2023\\\/03\\\/logo-azur-drones.png\",\"width\":738,\"height\":96,\"caption\":\"Azur Drones\"},\"image\":{\"@id\":\"https:\\\/\\\/www.azurdrones.com\\\/de\\\/#\\\/schema\\\/logo\\\/image\\\/\"}}]}<\/script>\n<!-- \/ Yoast SEO plugin. -->","yoast_head_json":{"title":"Rechtliche Hinweise - Azur Drones","robots":{"index":"index","follow":"follow","max-snippet":"max-snippet:-1","max-image-preview":"max-image-preview:large","max-video-preview":"max-video-preview:-1"},"canonical":"https:\/\/www.azurdrones.com\/de\/politique-de-confidentialite\/","og_locale":"de_DE","og_type":"article","og_title":"Rechtliche Hinweise - Azur Drones","og_description":"BESITZER DER WEBSITE https:\/\/www.azurdrones.com\/ ist eine Website der Firma Azur Drones. Rechtsform: SAS (Vereinfachte Aktiengesellschaft franz\u00f6sischen Rechts) mit einem Kapital von 4\u00a0492 444\u00a0\u20ac &#8211; Handelsregister","og_url":"https:\/\/www.azurdrones.com\/de\/politique-de-confidentialite\/","og_site_name":"Azur Drones","article_modified_time":"2024-02-02T12:52:38+00:00","og_image":[{"width":2560,"height":1707,"url":"https:\/\/www.azurdrones.com\/wp-content\/uploads\/2023\/03\/oil-and-gas-processing-tank-and-pipes.jpg","type":"image\/jpeg"}],"twitter_card":"summary_large_image","twitter_misc":{"Gesch\u00e4tzte Lesezeit":"2\u00a0Minuten"},"schema":{"@context":"https:\/\/schema.org","@graph":[{"@type":"WebPage","@id":"https:\/\/www.azurdrones.com\/de\/politique-de-confidentialite\/","url":"https:\/\/www.azurdrones.com\/de\/politique-de-confidentialite\/","name":"Rechtliche Hinweise - Azur Drones","isPartOf":{"@id":"https:\/\/www.azurdrones.com\/de\/#website"},"primaryImageOfPage":{"@id":"https:\/\/www.azurdrones.com\/de\/politique-de-confidentialite\/#primaryimage"},"image":{"@id":"https:\/\/www.azurdrones.com\/de\/politique-de-confidentialite\/#primaryimage"},"thumbnailUrl":"https:\/\/www.azurdrones.com\/wp-content\/uploads\/2023\/03\/oil-and-gas-processing-tank-and-pipes.jpg","datePublished":"2023-03-09T14:24:27+00:00","dateModified":"2024-02-02T12:52:38+00:00","breadcrumb":{"@id":"https:\/\/www.azurdrones.com\/de\/politique-de-confidentialite\/#breadcrumb"},"inLanguage":"de","potentialAction":[{"@type":"ReadAction","target":["https:\/\/www.azurdrones.com\/de\/politique-de-confidentialite\/"]}]},{"@type":"ImageObject","inLanguage":"de","@id":"https:\/\/www.azurdrones.com\/de\/politique-de-confidentialite\/#primaryimage","url":"https:\/\/www.azurdrones.com\/wp-content\/uploads\/2023\/03\/oil-and-gas-processing-tank-and-pipes.jpg","contentUrl":"https:\/\/www.azurdrones.com\/wp-content\/uploads\/2023\/03\/oil-and-gas-processing-tank-and-pipes.jpg","width":2560,"height":1707},{"@type":"BreadcrumbList","@id":"https:\/\/www.azurdrones.com\/de\/politique-de-confidentialite\/#breadcrumb","itemListElement":[{"@type":"ListItem","position":1,"name":"Accueil","item":"https:\/\/www.azurdrones.com\/de\/"},{"@type":"ListItem","position":2,"name":"Rechtliche Hinweise"}]},{"@type":"WebSite","@id":"https:\/\/www.azurdrones.com\/de\/#website","url":"https:\/\/www.azurdrones.com\/de\/","name":"Azur Drones","description":"Autonomous aerial surveillance","publisher":{"@id":"https:\/\/www.azurdrones.com\/de\/#organization"},"potentialAction":[{"@type":"SearchAction","target":{"@type":"EntryPoint","urlTemplate":"https:\/\/www.azurdrones.com\/de\/?s={search_term_string}"},"query-input":{"@type":"PropertyValueSpecification","valueRequired":true,"valueName":"search_term_string"}}],"inLanguage":"de"},{"@type":"Organization","@id":"https:\/\/www.azurdrones.com\/de\/#organization","name":"Azur Drones","url":"https:\/\/www.azurdrones.com\/de\/","logo":{"@type":"ImageObject","inLanguage":"de","@id":"https:\/\/www.azurdrones.com\/de\/#\/schema\/logo\/image\/","url":"https:\/\/www.azurdrones.com\/wp-content\/uploads\/2023\/03\/logo-azur-drones.png","contentUrl":"https:\/\/www.azurdrones.com\/wp-content\/uploads\/2023\/03\/logo-azur-drones.png","width":738,"height":96,"caption":"Azur Drones"},"image":{"@id":"https:\/\/www.azurdrones.com\/de\/#\/schema\/logo\/image\/"}}]}},"uagb_featured_image_src":{"full":["https:\/\/www.azurdrones.com\/wp-content\/uploads\/2023\/03\/oil-and-gas-processing-tank-and-pipes.jpg",2560,1707,false],"thumbnail":["https:\/\/www.azurdrones.com\/wp-content\/uploads\/2023\/03\/oil-and-gas-processing-tank-and-pipes-300x300.jpg",300,300,true],"medium":["https:\/\/www.azurdrones.com\/wp-content\/uploads\/2023\/03\/oil-and-gas-processing-tank-and-pipes-550x367.jpg",550,367,true],"medium_large":["https:\/\/www.azurdrones.com\/wp-content\/uploads\/2023\/03\/oil-and-gas-processing-tank-and-pipes-768x512.jpg",768,512,true],"large":["https:\/\/www.azurdrones.com\/wp-content\/uploads\/2023\/03\/oil-and-gas-processing-tank-and-pipes-1110x740.jpg",1110,740,true],"1536x1536":["https:\/\/www.azurdrones.com\/wp-content\/uploads\/2023\/03\/oil-and-gas-processing-tank-and-pipes-1536x1024.jpg",1536,1024,true],"2048x2048":["https:\/\/www.azurdrones.com\/wp-content\/uploads\/2023\/03\/oil-and-gas-processing-tank-and-pipes-2048x1366.jpg",2048,1366,true],"full_width":["https:\/\/www.azurdrones.com\/wp-content\/uploads\/2023\/03\/oil-and-gas-processing-tank-and-pipes.jpg",2560,1707,false]},"uagb_author_info":{"display_name":"bougetonweb","author_link":"https:\/\/www.azurdrones.com\/de\/author\/bougetonweb\/"},"uagb_comment_info":0,"uagb_excerpt":"BESITZER DER WEBSITE https:\/\/www.azurdrones.com\/ ist eine Website der Firma Azur Drones. Rechtsform: SAS (Vereinfachte Aktiengesellschaft franz\u00f6sischen Rechts) mit einem Kapital von 4\u00a0492 444\u00a0\u20ac &#8211; Handelsregister","_links":{"self":[{"href":"https:\/\/www.azurdrones.com\/de\/wp-json\/wp\/v2\/pages\/3113","targetHints":{"allow":["GET"]}}],"collection":[{"href":"https:\/\/www.azurdrones.com\/de\/wp-json\/wp\/v2\/pages"}],"about":[{"href":"https:\/\/www.azurdrones.com\/de\/wp-json\/wp\/v2\/types\/page"}],"author":[{"embeddable":true,"href":"https:\/\/www.azurdrones.com\/de\/wp-json\/wp\/v2\/users\/1"}],"replies":[{"embeddable":true,"href":"https:\/\/www.azurdrones.com\/de\/wp-json\/wp\/v2\/comments?post=3113"}],"version-history":[{"count":5,"href":"https:\/\/www.azurdrones.com\/de\/wp-json\/wp\/v2\/pages\/3113\/revisions"}],"predecessor-version":[{"id":3886,"href":"https:\/\/www.azurdrones.com\/de\/wp-json\/wp\/v2\/pages\/3113\/revisions\/3886"}],"wp:featuredmedia":[{"embeddable":true,"href":"https:\/\/www.azurdrones.com\/de\/wp-json\/wp\/v2\/media\/736"}],"wp:attachment":[{"href":"https:\/\/www.azurdrones.com\/de\/wp-json\/wp\/v2\/media?parent=3113"}],"curies":[{"name":"wp","href":"https:\/\/api.w.org\/{rel}","templated":true}]}}