{"id":3178,"date":"2023-04-17T13:16:47","date_gmt":"2023-04-17T11:16:47","guid":{"rendered":"https:\/\/www.azurdrones.com\/?page_id=3178"},"modified":"2023-04-17T13:16:52","modified_gmt":"2023-04-17T11:16:52","slug":"datenschutzrichtlinie","status":"publish","type":"page","link":"https:\/\/www.azurdrones.com\/de\/datenschutzrichtlinie\/","title":{"rendered":"Datenschutzrichtlinie"},"content":{"rendered":"\n<p><\/p>\n\n\n\n<p>AZUR&nbsp;DRONES&nbsp;SAS (im Folgenden als AZUR&nbsp;DRONES bezeichnet) verpflichtet sich im Rahmen seiner Aktivit\u00e4ten und in \u00dcbereinstimmung mit der in Frankreich und Europa geltenden Gesetzgebung, den Schutz, die Vertraulichkeit und die Sicherheit der personenbezogenen Daten der Nutzer seiner Dienste zu gew\u00e4hrleisten und deren Privatsph\u00e4re zu respektieren.<\/p>\n\n\n\n<h2 class=\"wp-block-heading\">Definitionen<\/h2>\n\n\n\n<p>Kunde: jede nat\u00fcrliche oder juristische Person, die einen Gesch\u00e4ftsvertrag mit Azur Drones unterzeichnet hat und von den Produkten und Dienstleistungen von Azur Drones profitiert.<\/p>\n\n\n\n<p>Nutzer: jede nat\u00fcrliche Person, die die Website von Azur Drones besucht und\/oder Kontaktformulare ausf\u00fcllt und\/oder von den Funktionen der Website Gebrauch macht.<\/p>\n\n\n\n<p>&nbsp;1. Sammlung von Informationen und Art der gesammelten Informationen<\/p>\n\n\n\n<p>Azur Drones sammelt Informationen:<\/p>\n\n\n\n<p>beim Besuch der Internetseite https:\/\/azurdrones.com\/,<\/p>\n\n\n\n<p>beim Ausf\u00fcllen eines Kontaktaufnahmeformulars oder bei der Kontaktaufnahme per E-Mail oder Telefon,<\/p>\n\n\n\n<p>im Rahmen verschiedener beruflicher Veranstaltungen (Messen, Konferenzen&nbsp;&#8230;),<\/p>\n\n\n\n<p>bei der Unterzeichnung Ihres Gesch\u00e4ftsvertrags (Allgemeine Gesch\u00e4ftsbedingungen, Vertriebsvertrag, Geheimhaltungsvereinbarung&nbsp;&#8230;).<\/p>\n\n\n\n<p>Zu den gesammelten Informationen geh\u00f6ren unter anderem:<\/p>\n\n\n\n<p>Kontaktdaten: Name, Vorname, Ihre E-Mail-Adresse, Ihre Postanschrift, Telefonnummer, Land, Art der Industrie, Unternehmen, Funktion.<\/p>\n\n\n\n<p>Dar\u00fcber hinaus erh\u00e4lt und speichert Azur Drones automatisch Informationen von den Computern und Browsern der Kunden\/Nutzer, einschlie\u00dflich der IP-Adresse, der Software und Hardware und der angeforderten Seite.<\/p>\n\n\n\n<p>2. Verwendung der Informationen \u2013 Zweck der Verarbeitung<\/p>\n\n\n\n<p>Azur Drones verarbeitet pers\u00f6nliche Daten nur f\u00fcr bestimmte, ausdr\u00fcckliche und rechtm\u00e4\u00dfige Zwecke. Azur Drones verarbeitet diese Daten nicht in einer Weise, die mit den unten genannten Zwecken unvereinbar ist.<\/p>\n\n\n\n<p>Alle Informationen, die Azur Drones von den Nutzern\/Kunden sammelt, k\u00f6nnen verwendet werden, um:<\/p>\n\n\n\n<p>die Gesch\u00e4ftskontakte unseres Unternehmens zu verwalten,<\/p>\n\n\n\n<p>die Gesch\u00e4ftsm\u00f6glichkeiten unseres Unternehmens zu verwalten,<\/p>\n\n\n\n<p>Sie \u00fcber die Entwicklung unserer Angebote zu informieren,<\/p>\n\n\n\n<p>unsere Website zu verbessern,<\/p>\n\n\n\n<p>eine Werbeaktion oder eine Umfrage durchzuf\u00fchren.<\/p>\n\n\n\n<p>Azur Drones wird die Daten nur so lange speichern, wie es f\u00fcr die Erf\u00fcllung der oben genannten Zwecke notwendig ist.<\/p>\n\n\n\n<p>Wenn es sich um Verarbeitungen im Zusammenhang mit der Erf\u00fcllung des Vertrags handelt, k\u00f6nnen die Daten bis zu drei Jahre nach Beendigung der Beziehung aufbewahrt werden.<\/p>\n\n\n\n<p>Azur Drones f\u00fchrt auch Datenverarbeitungen zu anderen Zwecken als der strikten Erf\u00fcllung von Vertr\u00e4gen durch.<\/p>\n\n\n\n<p>In diesem Fall wird Azur Drones sicherstellen, ein berechtigtes Interesse an der Durchf\u00fchrung der Verarbeitung zu haben.<\/p>\n\n\n\n<p>Au\u00dferdem kann die Verarbeitung, soweit erforderlich, Gegenstand der Einholung Ihrer Einwilligung sein, die Sie jederzeit widerrufen k\u00f6nnen.<\/p>\n\n\n\n<p>In diesem Zusammenhang werden von Azur Drones folgende Zwecke verfolgt:<\/p>\n\n\n\n<p>Organisation von Direktmarketingaktionen,<\/p>\n\n\n\n<p>Organisation von Verkaufsveranstaltungen,<\/p>\n\n\n\n<p>Organisation von Gewinnspielen,<\/p>\n\n\n\n<p>Analyse der Nutzung der Dienstleistungen, um den Kunden des Unternehmens Vorschl\u00e4ge zu unterbreiten,<\/p>\n\n\n\n<p>Befragung der Kunden und Nutzer.<\/p>\n\n\n\n<p>Die Kunden-\/Nutzerdaten werden nur so lange aufbewahrt, wie es f\u00fcr die Erf\u00fcllung der oben genannten Zwecke erforderlich ist.<\/p>\n\n\n\n<p>&nbsp;3. Empf\u00e4nger der Datenverarbeitung<\/p>\n\n\n\n<p>Die gesammelten Daten sind f\u00fcr die internen Abteilungen von Azur Drones und seine eventuellen Subunternehmer bestimmt.<\/p>\n\n\n\n<p>Die Daten k\u00f6nnen rechtm\u00e4\u00dfig von Partnern von Azur Drones verarbeitet werden.<\/p>\n\n\n\n<p>Hierbei handelt es sich um Situationen, in denen Partner f\u00fcr die Erbringung von Leistungen eingeschaltet werden.<\/p>\n\n\n\n<p>Es kann sich auch um Verarbeitungen handeln, f\u00fcr die Ihre Zustimmung eingeholt wird.<\/p>\n\n\n\n<p>Die verarbeiteten Daten k\u00f6nnen schlie\u00dflich auf Anfrage an die zust\u00e4ndigen Beh\u00f6rden weitergegeben werden, wenn dies im Rahmen von Gerichtsverfahren, im Rahmen von gerichtlichen Untersuchungen und Auskunftsersuchen der Beh\u00f6rden oder zur Erf\u00fcllung anderer gesetzlicher Verpflichtungen erforderlich ist.<\/p>\n\n\n\n<p>&nbsp;4. Datenverarbeitung au\u00dferhalb der EU<\/p>\n\n\n\n<p>Die gesammelten Daten k\u00f6nnen au\u00dferhalb der EU verarbeitet werden. In diesem Fall trifft Azur Drones mit seinen Subunternehmern und Partnern die notwendigen Vorkehrungen, um ein angemessenes Schutzniveau f\u00fcr Ihre Daten zu gew\u00e4hrleisten und dies in \u00dcbereinstimmung mit den geltenden Vorschriften.<\/p>\n\n\n\n<p>Wenn die betreffenden Subunternehmer und Partner bei der \u00dcbermittlung personenbezogener Daten in die USA nicht dem Privacy-Shield-Abkommen beigetreten sind oder sich nicht in einem Land befinden, dessen Gesetzgebung angemessenen Schutz bietet, haben sie zuvor die \u201eStandardvertragsklauseln\u201c der Europ\u00e4ischen Kommission unterzeichnet oder unterliegen von den Beh\u00f6rden genehmigten verbindlichen internen Regeln.<\/p>\n\n\n\n<p>&nbsp;5. Rechte und Aus\u00fcbungsmodalit\u00e4ten<\/p>\n\n\n\n<p>Der Kunde\/Nutzer hat ein Recht auf Zugang, Berichtigung und L\u00f6schung der Daten, die ihn betreffen.<\/p>\n\n\n\n<p>Der Kunde\/Nutzer kann die \u00dcbertragbarkeit dieser personenbezogenen Daten beantragen.<\/p>\n\n\n\n<p>Der Kunde\/Nutzer hat auch das Recht, sich den durchgef\u00fchrten Verarbeitungen zu widersetzen oder deren Einschr\u00e4nkung zu verlangen.<\/p>\n\n\n\n<p>Der Kunde\/Nutzer kann seine Rechte jederzeit aus\u00fcben und den Datenschutzbeauftragten unter der folgenden E-Mail- und Postadresse kontaktieren:<\/p>\n\n\n\n<p><a href=\"mailto:dpo@azurdrones.com\">dpo@azurdrones.com<\/a><\/p>\n\n\n\n<p>Azur Drones SAS<\/p>\n\n\n\n<p>\u00c0 l\u2019attention du D\u00e9l\u00e9gu\u00e9 \u00e0 la protection des donn\u00e9es personnelles<\/p>\n\n\n\n<p>2 rue Vert Castel<\/p>\n\n\n\n<p>33700 M\u00e9rignac<\/p>\n\n\n\n<p>FRANKREICH<\/p>\n\n\n\n<p>Jedem Antrag auf Aus\u00fcbung der Rechte muss eine Fotokopie von zwei Identit\u00e4tsnachweisen beigef\u00fcgt werden (vom franz\u00f6sischen Staat ausgestellter Personalausweis, Reisepass, vom franz\u00f6sischen Staat ausgestellte Aufenthaltsgenehmigung oder vom franz\u00f6sischen Staat ausgestellter Reiseausweis).<\/p>\n\n\n\n<p>Eine Antwort wird dem Nutzer\/Kunden innerhalb von (1) einem Monat nach Erhalt seiner Anfrage zugesandt.<\/p>\n\n\n\n<p>Sollte der Kunde\/Nutzer zu irgendeinem Zeitpunkt den Wunsch haben, sich abzumelden und keine weiteren Informationen per E-Mail oder E-Mailing-Kampagnen mehr zu erhalten, sind detaillierte Anweisungen zur Abmeldung am Ende jeder von Azur Drones versandten Informations-E-Mail enthalten.<\/p>\n\n\n\n<p>Die pers\u00f6nlichen Daten des Kunden\/Nutzers werden ohne seine Zustimmung nicht verkauft, ausgetauscht, \u00fcbertragen oder aus irgendeinem Grund an ein anderes Unternehmen weitergegeben, es sei denn, dies ist notwendig, um eine Anfrage zu beantworten.<\/p>\n\n\n\n<p>&nbsp;6. Schutz der Informationen<\/p>\n\n\n\n<p>Azur Drones setzt eine Vielzahl von Sicherheitsma\u00dfnahmen ein, um die Sicherheit der personenbezogenen Daten zu wahren, und zwar auch dann, wenn bestimmte Vorg\u00e4nge von Subunternehmern durchgef\u00fchrt werden.<\/p>\n\n\n\n<p>Nur Mitarbeiter, die eine bestimmte Arbeit ausf\u00fchren m\u00fcssen (z.&nbsp;B. Rechnungsstellung oder Kundenservice), haben Zugang zu pers\u00f6nlich identifizierbaren Informationen.<\/p>\n\n\n\n<p>Die Computer und Server, die zur Speicherung von pers\u00f6nlich identifizierbaren Informationen verwendet werden, werden in einer sicheren Umgebung aufbewahrt.<\/p>\n\n\n\n<p>&nbsp;7. Verwendung von Cookies<\/p>\n\n\n\n<p>Cookies verbessern den Zugriff auf die Website und identifizieren Besucher.<\/p>\n\n\n\n<p>Cookies sind kleine Dateien mit spezifischen Informationen, die in Ihrem Webbrowser platziert werden, wenn Sie Websites wie azurdrones.com besuchen.<\/p>\n\n\n\n<p>Dar\u00fcber hinaus verbessern Cookies die Nutzer-\/Kundenerfahrung durch die Verfolgung und Ausrichtung auf die Interessen des Nutzers\/Kunden. Diese Verwendung von Cookies ist jedoch in keiner Weise mit pers\u00f6nlich identifizierbaren Informationen auf unserer Website verbunden.<\/p>\n\n\n\n<p>Cookies k\u00f6nnen dazu dienen, den Nutzer\/Kunden beim Besuch von Azur Drones wiederzuerkennen, sich an bevorzugte Einstellungen zu erinnern und den bestm\u00f6glichen Service zu bieten.<\/p>\n\n\n\n<div style=\"height:50px\" aria-hidden=\"true\" class=\"wp-block-spacer\"><\/div>\n","protected":false},"excerpt":{"rendered":"<p>AZUR&nbsp;DRONES&nbsp;SAS (im Folgenden als AZUR&nbsp;DRONES bezeichnet) verpflichtet sich im Rahmen seiner Aktivit\u00e4ten und in \u00dcbereinstimmung mit der in Frankreich und Europa geltenden Gesetzgebung, den Schutz,<\/p>\n","protected":false},"author":7,"featured_media":736,"parent":0,"menu_order":0,"comment_status":"closed","ping_status":"open","template":"","meta":{"_acf_changed":false,"_uag_custom_page_level_css":"","footnotes":""},"class_list":["post-3178","page","type-page","status-publish","has-post-thumbnail","hentry"],"acf":[],"yoast_head":"<!-- This site is optimized with the Yoast SEO plugin v27.3 - https:\/\/yoast.com\/product\/yoast-seo-wordpress\/ -->\n<title>Datenschutzrichtlinie - Azur Drones<\/title>\n<meta name=\"robots\" content=\"index, follow, max-snippet:-1, max-image-preview:large, max-video-preview:-1\" \/>\n<link rel=\"canonical\" href=\"https:\/\/www.azurdrones.com\/de\/datenschutzrichtlinie\/\" \/>\n<meta property=\"og:locale\" content=\"de_DE\" \/>\n<meta property=\"og:type\" content=\"article\" \/>\n<meta property=\"og:title\" content=\"Datenschutzrichtlinie - Azur Drones\" \/>\n<meta property=\"og:description\" content=\"AZUR&nbsp;DRONES&nbsp;SAS (im Folgenden als AZUR&nbsp;DRONES bezeichnet) verpflichtet sich im Rahmen seiner Aktivit\u00e4ten und in \u00dcbereinstimmung mit der in Frankreich und Europa geltenden Gesetzgebung, den Schutz,\" \/>\n<meta property=\"og:url\" content=\"https:\/\/www.azurdrones.com\/de\/datenschutzrichtlinie\/\" \/>\n<meta property=\"og:site_name\" content=\"Azur Drones\" \/>\n<meta property=\"article:modified_time\" content=\"2023-04-17T11:16:52+00:00\" \/>\n<meta property=\"og:image\" content=\"https:\/\/www.azurdrones.com\/wp-content\/uploads\/2023\/03\/oil-and-gas-processing-tank-and-pipes.jpg\" \/>\n\t<meta property=\"og:image:width\" content=\"2560\" \/>\n\t<meta property=\"og:image:height\" content=\"1707\" \/>\n\t<meta property=\"og:image:type\" content=\"image\/jpeg\" \/>\n<meta name=\"twitter:card\" content=\"summary_large_image\" \/>\n<meta name=\"twitter:label1\" content=\"Gesch\u00e4tzte Lesezeit\" \/>\n\t<meta name=\"twitter:data1\" content=\"5\u00a0Minuten\" \/>\n<script type=\"application\/ld+json\" class=\"yoast-schema-graph\">{\"@context\":\"https:\\\/\\\/schema.org\",\"@graph\":[{\"@type\":\"WebPage\",\"@id\":\"https:\\\/\\\/www.azurdrones.com\\\/de\\\/datenschutzrichtlinie\\\/\",\"url\":\"https:\\\/\\\/www.azurdrones.com\\\/de\\\/datenschutzrichtlinie\\\/\",\"name\":\"Datenschutzrichtlinie - Azur Drones\",\"isPartOf\":{\"@id\":\"https:\\\/\\\/www.azurdrones.com\\\/de\\\/#website\"},\"primaryImageOfPage\":{\"@id\":\"https:\\\/\\\/www.azurdrones.com\\\/de\\\/datenschutzrichtlinie\\\/#primaryimage\"},\"image\":{\"@id\":\"https:\\\/\\\/www.azurdrones.com\\\/de\\\/datenschutzrichtlinie\\\/#primaryimage\"},\"thumbnailUrl\":\"https:\\\/\\\/www.azurdrones.com\\\/wp-content\\\/uploads\\\/2023\\\/03\\\/oil-and-gas-processing-tank-and-pipes.jpg\",\"datePublished\":\"2023-04-17T11:16:47+00:00\",\"dateModified\":\"2023-04-17T11:16:52+00:00\",\"breadcrumb\":{\"@id\":\"https:\\\/\\\/www.azurdrones.com\\\/de\\\/datenschutzrichtlinie\\\/#breadcrumb\"},\"inLanguage\":\"de\",\"potentialAction\":[{\"@type\":\"ReadAction\",\"target\":[\"https:\\\/\\\/www.azurdrones.com\\\/de\\\/datenschutzrichtlinie\\\/\"]}]},{\"@type\":\"ImageObject\",\"inLanguage\":\"de\",\"@id\":\"https:\\\/\\\/www.azurdrones.com\\\/de\\\/datenschutzrichtlinie\\\/#primaryimage\",\"url\":\"https:\\\/\\\/www.azurdrones.com\\\/wp-content\\\/uploads\\\/2023\\\/03\\\/oil-and-gas-processing-tank-and-pipes.jpg\",\"contentUrl\":\"https:\\\/\\\/www.azurdrones.com\\\/wp-content\\\/uploads\\\/2023\\\/03\\\/oil-and-gas-processing-tank-and-pipes.jpg\",\"width\":2560,\"height\":1707},{\"@type\":\"BreadcrumbList\",\"@id\":\"https:\\\/\\\/www.azurdrones.com\\\/de\\\/datenschutzrichtlinie\\\/#breadcrumb\",\"itemListElement\":[{\"@type\":\"ListItem\",\"position\":1,\"name\":\"Accueil\",\"item\":\"https:\\\/\\\/www.azurdrones.com\\\/de\\\/\"},{\"@type\":\"ListItem\",\"position\":2,\"name\":\"Datenschutzrichtlinie\"}]},{\"@type\":\"WebSite\",\"@id\":\"https:\\\/\\\/www.azurdrones.com\\\/de\\\/#website\",\"url\":\"https:\\\/\\\/www.azurdrones.com\\\/de\\\/\",\"name\":\"Azur Drones\",\"description\":\"Autonomous aerial surveillance\",\"publisher\":{\"@id\":\"https:\\\/\\\/www.azurdrones.com\\\/de\\\/#organization\"},\"potentialAction\":[{\"@type\":\"SearchAction\",\"target\":{\"@type\":\"EntryPoint\",\"urlTemplate\":\"https:\\\/\\\/www.azurdrones.com\\\/de\\\/?s={search_term_string}\"},\"query-input\":{\"@type\":\"PropertyValueSpecification\",\"valueRequired\":true,\"valueName\":\"search_term_string\"}}],\"inLanguage\":\"de\"},{\"@type\":\"Organization\",\"@id\":\"https:\\\/\\\/www.azurdrones.com\\\/de\\\/#organization\",\"name\":\"Azur Drones\",\"url\":\"https:\\\/\\\/www.azurdrones.com\\\/de\\\/\",\"logo\":{\"@type\":\"ImageObject\",\"inLanguage\":\"de\",\"@id\":\"https:\\\/\\\/www.azurdrones.com\\\/de\\\/#\\\/schema\\\/logo\\\/image\\\/\",\"url\":\"https:\\\/\\\/www.azurdrones.com\\\/wp-content\\\/uploads\\\/2023\\\/03\\\/logo-azur-drones.png\",\"contentUrl\":\"https:\\\/\\\/www.azurdrones.com\\\/wp-content\\\/uploads\\\/2023\\\/03\\\/logo-azur-drones.png\",\"width\":738,\"height\":96,\"caption\":\"Azur Drones\"},\"image\":{\"@id\":\"https:\\\/\\\/www.azurdrones.com\\\/de\\\/#\\\/schema\\\/logo\\\/image\\\/\"}}]}<\/script>\n<!-- \/ Yoast SEO plugin. -->","yoast_head_json":{"title":"Datenschutzrichtlinie - Azur Drones","robots":{"index":"index","follow":"follow","max-snippet":"max-snippet:-1","max-image-preview":"max-image-preview:large","max-video-preview":"max-video-preview:-1"},"canonical":"https:\/\/www.azurdrones.com\/de\/datenschutzrichtlinie\/","og_locale":"de_DE","og_type":"article","og_title":"Datenschutzrichtlinie - Azur Drones","og_description":"AZUR&nbsp;DRONES&nbsp;SAS (im Folgenden als AZUR&nbsp;DRONES bezeichnet) verpflichtet sich im Rahmen seiner Aktivit\u00e4ten und in \u00dcbereinstimmung mit der in Frankreich und Europa geltenden Gesetzgebung, den Schutz,","og_url":"https:\/\/www.azurdrones.com\/de\/datenschutzrichtlinie\/","og_site_name":"Azur Drones","article_modified_time":"2023-04-17T11:16:52+00:00","og_image":[{"width":2560,"height":1707,"url":"https:\/\/www.azurdrones.com\/wp-content\/uploads\/2023\/03\/oil-and-gas-processing-tank-and-pipes.jpg","type":"image\/jpeg"}],"twitter_card":"summary_large_image","twitter_misc":{"Gesch\u00e4tzte Lesezeit":"5\u00a0Minuten"},"schema":{"@context":"https:\/\/schema.org","@graph":[{"@type":"WebPage","@id":"https:\/\/www.azurdrones.com\/de\/datenschutzrichtlinie\/","url":"https:\/\/www.azurdrones.com\/de\/datenschutzrichtlinie\/","name":"Datenschutzrichtlinie - Azur Drones","isPartOf":{"@id":"https:\/\/www.azurdrones.com\/de\/#website"},"primaryImageOfPage":{"@id":"https:\/\/www.azurdrones.com\/de\/datenschutzrichtlinie\/#primaryimage"},"image":{"@id":"https:\/\/www.azurdrones.com\/de\/datenschutzrichtlinie\/#primaryimage"},"thumbnailUrl":"https:\/\/www.azurdrones.com\/wp-content\/uploads\/2023\/03\/oil-and-gas-processing-tank-and-pipes.jpg","datePublished":"2023-04-17T11:16:47+00:00","dateModified":"2023-04-17T11:16:52+00:00","breadcrumb":{"@id":"https:\/\/www.azurdrones.com\/de\/datenschutzrichtlinie\/#breadcrumb"},"inLanguage":"de","potentialAction":[{"@type":"ReadAction","target":["https:\/\/www.azurdrones.com\/de\/datenschutzrichtlinie\/"]}]},{"@type":"ImageObject","inLanguage":"de","@id":"https:\/\/www.azurdrones.com\/de\/datenschutzrichtlinie\/#primaryimage","url":"https:\/\/www.azurdrones.com\/wp-content\/uploads\/2023\/03\/oil-and-gas-processing-tank-and-pipes.jpg","contentUrl":"https:\/\/www.azurdrones.com\/wp-content\/uploads\/2023\/03\/oil-and-gas-processing-tank-and-pipes.jpg","width":2560,"height":1707},{"@type":"BreadcrumbList","@id":"https:\/\/www.azurdrones.com\/de\/datenschutzrichtlinie\/#breadcrumb","itemListElement":[{"@type":"ListItem","position":1,"name":"Accueil","item":"https:\/\/www.azurdrones.com\/de\/"},{"@type":"ListItem","position":2,"name":"Datenschutzrichtlinie"}]},{"@type":"WebSite","@id":"https:\/\/www.azurdrones.com\/de\/#website","url":"https:\/\/www.azurdrones.com\/de\/","name":"Azur Drones","description":"Autonomous aerial surveillance","publisher":{"@id":"https:\/\/www.azurdrones.com\/de\/#organization"},"potentialAction":[{"@type":"SearchAction","target":{"@type":"EntryPoint","urlTemplate":"https:\/\/www.azurdrones.com\/de\/?s={search_term_string}"},"query-input":{"@type":"PropertyValueSpecification","valueRequired":true,"valueName":"search_term_string"}}],"inLanguage":"de"},{"@type":"Organization","@id":"https:\/\/www.azurdrones.com\/de\/#organization","name":"Azur Drones","url":"https:\/\/www.azurdrones.com\/de\/","logo":{"@type":"ImageObject","inLanguage":"de","@id":"https:\/\/www.azurdrones.com\/de\/#\/schema\/logo\/image\/","url":"https:\/\/www.azurdrones.com\/wp-content\/uploads\/2023\/03\/logo-azur-drones.png","contentUrl":"https:\/\/www.azurdrones.com\/wp-content\/uploads\/2023\/03\/logo-azur-drones.png","width":738,"height":96,"caption":"Azur Drones"},"image":{"@id":"https:\/\/www.azurdrones.com\/de\/#\/schema\/logo\/image\/"}}]}},"uagb_featured_image_src":{"full":["https:\/\/www.azurdrones.com\/wp-content\/uploads\/2023\/03\/oil-and-gas-processing-tank-and-pipes.jpg",2560,1707,false],"thumbnail":["https:\/\/www.azurdrones.com\/wp-content\/uploads\/2023\/03\/oil-and-gas-processing-tank-and-pipes-300x300.jpg",300,300,true],"medium":["https:\/\/www.azurdrones.com\/wp-content\/uploads\/2023\/03\/oil-and-gas-processing-tank-and-pipes-550x367.jpg",550,367,true],"medium_large":["https:\/\/www.azurdrones.com\/wp-content\/uploads\/2023\/03\/oil-and-gas-processing-tank-and-pipes-768x512.jpg",768,512,true],"large":["https:\/\/www.azurdrones.com\/wp-content\/uploads\/2023\/03\/oil-and-gas-processing-tank-and-pipes-1110x740.jpg",1110,740,true],"1536x1536":["https:\/\/www.azurdrones.com\/wp-content\/uploads\/2023\/03\/oil-and-gas-processing-tank-and-pipes-1536x1024.jpg",1536,1024,true],"2048x2048":["https:\/\/www.azurdrones.com\/wp-content\/uploads\/2023\/03\/oil-and-gas-processing-tank-and-pipes-2048x1366.jpg",2048,1366,true],"full_width":["https:\/\/www.azurdrones.com\/wp-content\/uploads\/2023\/03\/oil-and-gas-processing-tank-and-pipes.jpg",2560,1707,false]},"uagb_author_info":{"display_name":"Marine Le Liepvre","author_link":"https:\/\/www.azurdrones.com\/de\/author\/marine\/"},"uagb_comment_info":0,"uagb_excerpt":"AZUR&nbsp;DRONES&nbsp;SAS (im Folgenden als AZUR&nbsp;DRONES bezeichnet) verpflichtet sich im Rahmen seiner Aktivit\u00e4ten und in \u00dcbereinstimmung mit der in Frankreich und Europa geltenden Gesetzgebung, den Schutz,","_links":{"self":[{"href":"https:\/\/www.azurdrones.com\/de\/wp-json\/wp\/v2\/pages\/3178","targetHints":{"allow":["GET"]}}],"collection":[{"href":"https:\/\/www.azurdrones.com\/de\/wp-json\/wp\/v2\/pages"}],"about":[{"href":"https:\/\/www.azurdrones.com\/de\/wp-json\/wp\/v2\/types\/page"}],"author":[{"embeddable":true,"href":"https:\/\/www.azurdrones.com\/de\/wp-json\/wp\/v2\/users\/7"}],"replies":[{"embeddable":true,"href":"https:\/\/www.azurdrones.com\/de\/wp-json\/wp\/v2\/comments?post=3178"}],"version-history":[{"count":1,"href":"https:\/\/www.azurdrones.com\/de\/wp-json\/wp\/v2\/pages\/3178\/revisions"}],"predecessor-version":[{"id":3181,"href":"https:\/\/www.azurdrones.com\/de\/wp-json\/wp\/v2\/pages\/3178\/revisions\/3181"}],"wp:featuredmedia":[{"embeddable":true,"href":"https:\/\/www.azurdrones.com\/de\/wp-json\/wp\/v2\/media\/736"}],"wp:attachment":[{"href":"https:\/\/www.azurdrones.com\/de\/wp-json\/wp\/v2\/media?parent=3178"}],"curies":[{"name":"wp","href":"https:\/\/api.w.org\/{rel}","templated":true}]}}