{"id":1373,"date":"2023-03-09T15:40:43","date_gmt":"2023-03-09T14:40:43","guid":{"rendered":"https:\/\/www.azurdrones.com\/applications\/"},"modified":"2023-04-20T09:34:36","modified_gmt":"2023-04-20T07:34:36","slug":"applications","status":"publish","type":"page","link":"https:\/\/www.azurdrones.com\/fr\/applications\/","title":{"rendered":"Applications"},"content":{"rendered":"    <div id=\"btw_selected_posts-block_44f04f9ae2cefc4b658367829ecaf0cc\" class=\"btw_selected_posts alignfull\">\n\t\t\n\t\t\t\t\t\t\t\t\t<div class=\"grid_cards grid_cards--page grid_cards--columns3\">\n\t\t\t\t\t\t\t\t\t\t\t\t\t\t\t\t\t\n<article class=\"post_card post-1635 page type-page status-publish has-post-thumbnail hentry\" id=\"post-1635\">\n\t\n\t<div class=\"post_card__img\">\n\t\t<figure class=\"post_card__img__figure\">\n\t\t\t\t\t\t\t<img loading=\"lazy\" decoding=\"async\" width=\"550\" height=\"309\" src=\"https:\/\/www.azurdrones.com\/wp-content\/uploads\/2023\/03\/metallurgical-plant-heavy-industry-poor-ecology-top-view-smoke-from-chimneys-smog-550x309.jpg\" class=\"attachment-medium size-medium wp-image-637 wp-post-image\" alt=\"\" srcset=\"https:\/\/www.azurdrones.com\/wp-content\/uploads\/2023\/03\/metallurgical-plant-heavy-industry-poor-ecology-top-view-smoke-from-chimneys-smog-550x309.jpg 550w, https:\/\/www.azurdrones.com\/wp-content\/uploads\/2023\/03\/metallurgical-plant-heavy-industry-poor-ecology-top-view-smoke-from-chimneys-smog-1110x624.jpg 1110w, https:\/\/www.azurdrones.com\/wp-content\/uploads\/2023\/03\/metallurgical-plant-heavy-industry-poor-ecology-top-view-smoke-from-chimneys-smog-768x431.jpg 768w, https:\/\/www.azurdrones.com\/wp-content\/uploads\/2023\/03\/metallurgical-plant-heavy-industry-poor-ecology-top-view-smoke-from-chimneys-smog-1536x863.jpg 1536w, https:\/\/www.azurdrones.com\/wp-content\/uploads\/2023\/03\/metallurgical-plant-heavy-industry-poor-ecology-top-view-smoke-from-chimneys-smog-2048x1150.jpg 2048w\" sizes=\"auto, (max-width: 550px) 100vw, 550px\" \/>\t\t\t\t\t<\/figure>\n\t<\/div>\n\t\n\t<div class=\"post_card__body\">\n\t\t<h3 class=\"post_card__body__title\">Surveillance des fuites de gaz<\/h3>\n\t\t\t\t<p class=\"post_card__body__button\">En savoir plus<\/p>\n\t<\/div>\n\t<a href=\"https:\/\/www.azurdrones.com\/fr\/applications\/surveillance-des-fuites-de-gaz\/\" class=\"stretched-link\"><\/a>\n\n<\/article><!-- #post-## -->\n\t\t\t\t\t\t\t\t\t\t\t\t\t\t\t\t\t\n<article class=\"post_card post-1636 page type-page status-publish has-post-thumbnail hentry\" id=\"post-1636\">\n\t\n\t<div class=\"post_card__img\">\n\t\t<figure class=\"post_card__img__figure\">\n\t\t\t\t\t\t\t<img loading=\"lazy\" decoding=\"async\" width=\"550\" height=\"367\" src=\"https:\/\/www.azurdrones.com\/wp-content\/uploads\/2023\/03\/oil-and-gas-processing-tank-and-pipes-550x367.jpg\" class=\"attachment-medium size-medium wp-image-638 wp-post-image\" alt=\"\" srcset=\"https:\/\/www.azurdrones.com\/wp-content\/uploads\/2023\/03\/oil-and-gas-processing-tank-and-pipes-550x367.jpg 550w, https:\/\/www.azurdrones.com\/wp-content\/uploads\/2023\/03\/oil-and-gas-processing-tank-and-pipes-1110x740.jpg 1110w, https:\/\/www.azurdrones.com\/wp-content\/uploads\/2023\/03\/oil-and-gas-processing-tank-and-pipes-768x512.jpg 768w, https:\/\/www.azurdrones.com\/wp-content\/uploads\/2023\/03\/oil-and-gas-processing-tank-and-pipes-1536x1024.jpg 1536w, https:\/\/www.azurdrones.com\/wp-content\/uploads\/2023\/03\/oil-and-gas-processing-tank-and-pipes-2048x1366.jpg 2048w\" sizes=\"auto, (max-width: 550px) 100vw, 550px\" \/>\t\t\t\t\t<\/figure>\n\t<\/div>\n\t\n\t<div class=\"post_card__body\">\n\t\t<h3 class=\"post_card__body__title\">Inspection<\/h3>\n\t\t\t\t<p class=\"post_card__body__button\">En savoir plus<\/p>\n\t<\/div>\n\t<a href=\"https:\/\/www.azurdrones.com\/fr\/applications\/inspection\/\" class=\"stretched-link\"><\/a>\n\n<\/article><!-- #post-## -->\n\t\t\t\t\t\t\t\t\t\t\t\t\t\t\t\t\t\n<article class=\"post_card post-1578 page type-page status-publish has-post-thumbnail hentry\" id=\"post-1578\">\n\t\n\t<div class=\"post_card__img\">\n\t\t<figure class=\"post_card__img__figure\">\n\t\t\t\t\t\t\t<img loading=\"lazy\" decoding=\"async\" width=\"550\" height=\"309\" src=\"https:\/\/www.azurdrones.com\/wp-content\/uploads\/2023\/03\/conveyor-belts-mine-background-550x309.jpg\" class=\"attachment-medium size-medium wp-image-692 wp-post-image\" alt=\"\" srcset=\"https:\/\/www.azurdrones.com\/wp-content\/uploads\/2023\/03\/conveyor-belts-mine-background-550x309.jpg 550w, https:\/\/www.azurdrones.com\/wp-content\/uploads\/2023\/03\/conveyor-belts-mine-background-1110x624.jpg 1110w, https:\/\/www.azurdrones.com\/wp-content\/uploads\/2023\/03\/conveyor-belts-mine-background-768x432.jpg 768w, https:\/\/www.azurdrones.com\/wp-content\/uploads\/2023\/03\/conveyor-belts-mine-background-1536x864.jpg 1536w, https:\/\/www.azurdrones.com\/wp-content\/uploads\/2023\/03\/conveyor-belts-mine-background-2048x1152.jpg 2048w\" sizes=\"auto, (max-width: 550px) 100vw, 550px\" \/>\t\t\t\t\t<\/figure>\n\t<\/div>\n\t\n\t<div class=\"post_card__body\">\n\t\t<h3 class=\"post_card__body__title\">Photogramm\u00e9trie<\/h3>\n\t\t\t\t<p class=\"post_card__body__button\">En savoir plus<\/p>\n\t<\/div>\n\t<a href=\"https:\/\/www.azurdrones.com\/fr\/applications\/photogrammetrie\/\" class=\"stretched-link\"><\/a>\n\n<\/article><!-- #post-## -->\n\t\t\t\t\t\t\t\t\t\t\t\t\t\t\t\t\t\n<article class=\"post_card post-1582 page type-page status-publish has-post-thumbnail hentry\" id=\"post-1582\">\n\t\n\t<div class=\"post_card__img\">\n\t\t<figure class=\"post_card__img__figure\">\n\t\t\t\t\t\t\t<img loading=\"lazy\" decoding=\"async\" width=\"550\" height=\"367\" src=\"https:\/\/www.azurdrones.com\/wp-content\/uploads\/2023\/03\/power-plant-cooling-towers-steaming-on-dark-blue-sky-background-550x367.jpg\" class=\"attachment-medium size-medium wp-image-639 wp-post-image\" alt=\"\" srcset=\"https:\/\/www.azurdrones.com\/wp-content\/uploads\/2023\/03\/power-plant-cooling-towers-steaming-on-dark-blue-sky-background-550x367.jpg 550w, https:\/\/www.azurdrones.com\/wp-content\/uploads\/2023\/03\/power-plant-cooling-towers-steaming-on-dark-blue-sky-background-1110x741.jpg 1110w, https:\/\/www.azurdrones.com\/wp-content\/uploads\/2023\/03\/power-plant-cooling-towers-steaming-on-dark-blue-sky-background-768x513.jpg 768w, https:\/\/www.azurdrones.com\/wp-content\/uploads\/2023\/03\/power-plant-cooling-towers-steaming-on-dark-blue-sky-background-1536x1025.jpg 1536w, https:\/\/www.azurdrones.com\/wp-content\/uploads\/2023\/03\/power-plant-cooling-towers-steaming-on-dark-blue-sky-background-2048x1367.jpg 2048w\" sizes=\"auto, (max-width: 550px) 100vw, 550px\" \/>\t\t\t\t\t<\/figure>\n\t<\/div>\n\t\n\t<div class=\"post_card__body\">\n\t\t<h3 class=\"post_card__body__title\">Cartographie de la radioactivit\u00e9<\/h3>\n\t\t\t\t<p class=\"post_card__body__button\">En savoir plus<\/p>\n\t<\/div>\n\t<a href=\"https:\/\/www.azurdrones.com\/fr\/applications\/cartographie-de-la-radioactivite-et-identification-des-isotopes\/\" class=\"stretched-link\"><\/a>\n\n<\/article><!-- #post-## -->\n\t\t\t\t\t\t\t\t\t\t\t\t\t\t\t\t\t\n<article class=\"post_card post-1647 page type-page status-publish has-post-thumbnail hentry\" id=\"post-1647\">\n\t\n\t<div class=\"post_card__img\">\n\t\t<figure class=\"post_card__img__figure\">\n\t\t\t\t\t\t\t<img loading=\"lazy\" decoding=\"async\" width=\"550\" height=\"309\" src=\"https:\/\/www.azurdrones.com\/wp-content\/uploads\/2023\/03\/adobestock_419896756-550x309.jpeg\" class=\"attachment-medium size-medium wp-image-949 wp-post-image\" alt=\"\" srcset=\"https:\/\/www.azurdrones.com\/wp-content\/uploads\/2023\/03\/adobestock_419896756-550x309.jpeg 550w, https:\/\/www.azurdrones.com\/wp-content\/uploads\/2023\/03\/adobestock_419896756-1110x624.jpeg 1110w, https:\/\/www.azurdrones.com\/wp-content\/uploads\/2023\/03\/adobestock_419896756-768x432.jpeg 768w, https:\/\/www.azurdrones.com\/wp-content\/uploads\/2023\/03\/adobestock_419896756-1536x864.jpeg 1536w, https:\/\/www.azurdrones.com\/wp-content\/uploads\/2023\/03\/adobestock_419896756-2048x1152.jpeg 2048w\" sizes=\"auto, (max-width: 550px) 100vw, 550px\" \/>\t\t\t\t\t<\/figure>\n\t<\/div>\n\t\n\t<div class=\"post_card__body\">\n\t\t<h3 class=\"post_card__body__title\">S\u00fbret\u00e9 et S\u00e9curit\u00e9<\/h3>\n\t\t\t\t<p class=\"post_card__body__button\">En savoir plus<\/p>\n\t<\/div>\n\t<a href=\"https:\/\/www.azurdrones.com\/fr\/applications\/surete-et-securite\/\" class=\"stretched-link\"><\/a>\n\n<\/article><!-- #post-## -->\n\t\t\t\t\t\t\t\t\t\t\t\t\t\t\t\t\t\n<article class=\"post_card post-1629 page type-page status-publish has-post-thumbnail hentry\" id=\"post-1629\">\n\t\n\t<div class=\"post_card__img\">\n\t\t<figure class=\"post_card__img__figure\">\n\t\t\t\t\t\t\t<img loading=\"lazy\" decoding=\"async\" width=\"550\" height=\"309\" src=\"https:\/\/www.azurdrones.com\/wp-content\/uploads\/2023\/03\/istock-541111970-550x309.jpg\" class=\"attachment-medium size-medium wp-image-1077 wp-post-image\" alt=\"\" srcset=\"https:\/\/www.azurdrones.com\/wp-content\/uploads\/2023\/03\/istock-541111970-550x309.jpg 550w, https:\/\/www.azurdrones.com\/wp-content\/uploads\/2023\/03\/istock-541111970-1110x623.jpg 1110w, https:\/\/www.azurdrones.com\/wp-content\/uploads\/2023\/03\/istock-541111970-768x431.jpg 768w, https:\/\/www.azurdrones.com\/wp-content\/uploads\/2023\/03\/istock-541111970-1536x863.jpg 1536w, https:\/\/www.azurdrones.com\/wp-content\/uploads\/2023\/03\/istock-541111970-2048x1150.jpg 2048w\" sizes=\"auto, (max-width: 550px) 100vw, 550px\" \/>\t\t\t\t\t<\/figure>\n\t<\/div>\n\t\n\t<div class=\"post_card__body\">\n\t\t<h3 class=\"post_card__body__title\">Intervention d&rsquo;urgence<\/h3>\n\t\t\t\t<p class=\"post_card__body__button\">En savoir plus<\/p>\n\t<\/div>\n\t<a href=\"https:\/\/www.azurdrones.com\/fr\/applications\/intervention-durgence\/\" class=\"stretched-link\"><\/a>\n\n<\/article><!-- #post-## -->\n\t\t\t\t\t\t\t\t\t\t\t\t\t\t<\/div>\n\t\t\t\t\t\t\t\n    <\/div>\n    ","protected":false},"excerpt":{"rendered":"","protected":false},"author":1,"featured_media":0,"parent":0,"menu_order":0,"comment_status":"closed","ping_status":"closed","template":"","meta":{"_acf_changed":false,"_uag_custom_page_level_css":"","footnotes":""},"class_list":["post-1373","page","type-page","status-publish","hentry"],"acf":[],"yoast_head":"<!-- This site is optimized with the Yoast SEO plugin v27.3 - https:\/\/yoast.com\/product\/yoast-seo-wordpress\/ -->\n<title>Applications - Azur Drones<\/title>\n<meta name=\"robots\" content=\"index, follow, max-snippet:-1, max-image-preview:large, max-video-preview:-1\" \/>\n<link rel=\"canonical\" href=\"https:\/\/www.azurdrones.com\/fr\/applications\/\" \/>\n<meta property=\"og:locale\" content=\"fr_FR\" \/>\n<meta property=\"og:type\" content=\"article\" \/>\n<meta property=\"og:title\" content=\"Applications - Azur Drones\" \/>\n<meta property=\"og:url\" content=\"https:\/\/www.azurdrones.com\/fr\/applications\/\" \/>\n<meta property=\"og:site_name\" content=\"Azur Drones\" \/>\n<meta property=\"article:modified_time\" content=\"2023-04-20T07:34:36+00:00\" \/>\n<meta property=\"og:image\" content=\"https:\/\/www.azurdrones.com\/wp-content\/uploads\/2023\/03\/skt-e2-screenshot-video-reveal.png\" \/>\n\t<meta property=\"og:image:width\" content=\"1594\" \/>\n\t<meta property=\"og:image:height\" content=\"880\" \/>\n\t<meta property=\"og:image:type\" content=\"image\/png\" \/>\n<meta name=\"twitter:card\" content=\"summary_large_image\" \/>\n<script type=\"application\/ld+json\" class=\"yoast-schema-graph\">{\"@context\":\"https:\\\/\\\/schema.org\",\"@graph\":[{\"@type\":\"WebPage\",\"@id\":\"https:\\\/\\\/www.azurdrones.com\\\/fr\\\/applications\\\/\",\"url\":\"https:\\\/\\\/www.azurdrones.com\\\/fr\\\/applications\\\/\",\"name\":\"Applications - Azur Drones\",\"isPartOf\":{\"@id\":\"https:\\\/\\\/www.azurdrones.com\\\/fr\\\/#website\"},\"datePublished\":\"2023-03-09T14:40:43+00:00\",\"dateModified\":\"2023-04-20T07:34:36+00:00\",\"breadcrumb\":{\"@id\":\"https:\\\/\\\/www.azurdrones.com\\\/fr\\\/applications\\\/#breadcrumb\"},\"inLanguage\":\"fr-FR\",\"potentialAction\":[{\"@type\":\"ReadAction\",\"target\":[\"https:\\\/\\\/www.azurdrones.com\\\/fr\\\/applications\\\/\"]}]},{\"@type\":\"BreadcrumbList\",\"@id\":\"https:\\\/\\\/www.azurdrones.com\\\/fr\\\/applications\\\/#breadcrumb\",\"itemListElement\":[{\"@type\":\"ListItem\",\"position\":1,\"name\":\"Accueil\",\"item\":\"https:\\\/\\\/www.azurdrones.com\\\/fr\\\/\"},{\"@type\":\"ListItem\",\"position\":2,\"name\":\"Applications\"}]},{\"@type\":\"WebSite\",\"@id\":\"https:\\\/\\\/www.azurdrones.com\\\/fr\\\/#website\",\"url\":\"https:\\\/\\\/www.azurdrones.com\\\/fr\\\/\",\"name\":\"Azur Drones\",\"description\":\"Autonomous aerial surveillance\",\"publisher\":{\"@id\":\"https:\\\/\\\/www.azurdrones.com\\\/fr\\\/#organization\"},\"potentialAction\":[{\"@type\":\"SearchAction\",\"target\":{\"@type\":\"EntryPoint\",\"urlTemplate\":\"https:\\\/\\\/www.azurdrones.com\\\/fr\\\/?s={search_term_string}\"},\"query-input\":{\"@type\":\"PropertyValueSpecification\",\"valueRequired\":true,\"valueName\":\"search_term_string\"}}],\"inLanguage\":\"fr-FR\"},{\"@type\":\"Organization\",\"@id\":\"https:\\\/\\\/www.azurdrones.com\\\/fr\\\/#organization\",\"name\":\"Azur Drones\",\"url\":\"https:\\\/\\\/www.azurdrones.com\\\/fr\\\/\",\"logo\":{\"@type\":\"ImageObject\",\"inLanguage\":\"fr-FR\",\"@id\":\"https:\\\/\\\/www.azurdrones.com\\\/fr\\\/#\\\/schema\\\/logo\\\/image\\\/\",\"url\":\"https:\\\/\\\/www.azurdrones.com\\\/wp-content\\\/uploads\\\/2023\\\/03\\\/logo-azur-drones.png\",\"contentUrl\":\"https:\\\/\\\/www.azurdrones.com\\\/wp-content\\\/uploads\\\/2023\\\/03\\\/logo-azur-drones.png\",\"width\":738,\"height\":96,\"caption\":\"Azur Drones\"},\"image\":{\"@id\":\"https:\\\/\\\/www.azurdrones.com\\\/fr\\\/#\\\/schema\\\/logo\\\/image\\\/\"}}]}<\/script>\n<!-- \/ Yoast SEO plugin. -->","yoast_head_json":{"title":"Applications - Azur Drones","robots":{"index":"index","follow":"follow","max-snippet":"max-snippet:-1","max-image-preview":"max-image-preview:large","max-video-preview":"max-video-preview:-1"},"canonical":"https:\/\/www.azurdrones.com\/fr\/applications\/","og_locale":"fr_FR","og_type":"article","og_title":"Applications - Azur Drones","og_url":"https:\/\/www.azurdrones.com\/fr\/applications\/","og_site_name":"Azur Drones","article_modified_time":"2023-04-20T07:34:36+00:00","og_image":[{"width":1594,"height":880,"url":"https:\/\/www.azurdrones.com\/wp-content\/uploads\/2023\/03\/skt-e2-screenshot-video-reveal.png","type":"image\/png"}],"twitter_card":"summary_large_image","schema":{"@context":"https:\/\/schema.org","@graph":[{"@type":"WebPage","@id":"https:\/\/www.azurdrones.com\/fr\/applications\/","url":"https:\/\/www.azurdrones.com\/fr\/applications\/","name":"Applications - Azur Drones","isPartOf":{"@id":"https:\/\/www.azurdrones.com\/fr\/#website"},"datePublished":"2023-03-09T14:40:43+00:00","dateModified":"2023-04-20T07:34:36+00:00","breadcrumb":{"@id":"https:\/\/www.azurdrones.com\/fr\/applications\/#breadcrumb"},"inLanguage":"fr-FR","potentialAction":[{"@type":"ReadAction","target":["https:\/\/www.azurdrones.com\/fr\/applications\/"]}]},{"@type":"BreadcrumbList","@id":"https:\/\/www.azurdrones.com\/fr\/applications\/#breadcrumb","itemListElement":[{"@type":"ListItem","position":1,"name":"Accueil","item":"https:\/\/www.azurdrones.com\/fr\/"},{"@type":"ListItem","position":2,"name":"Applications"}]},{"@type":"WebSite","@id":"https:\/\/www.azurdrones.com\/fr\/#website","url":"https:\/\/www.azurdrones.com\/fr\/","name":"Azur Drones","description":"Autonomous aerial surveillance","publisher":{"@id":"https:\/\/www.azurdrones.com\/fr\/#organization"},"potentialAction":[{"@type":"SearchAction","target":{"@type":"EntryPoint","urlTemplate":"https:\/\/www.azurdrones.com\/fr\/?s={search_term_string}"},"query-input":{"@type":"PropertyValueSpecification","valueRequired":true,"valueName":"search_term_string"}}],"inLanguage":"fr-FR"},{"@type":"Organization","@id":"https:\/\/www.azurdrones.com\/fr\/#organization","name":"Azur Drones","url":"https:\/\/www.azurdrones.com\/fr\/","logo":{"@type":"ImageObject","inLanguage":"fr-FR","@id":"https:\/\/www.azurdrones.com\/fr\/#\/schema\/logo\/image\/","url":"https:\/\/www.azurdrones.com\/wp-content\/uploads\/2023\/03\/logo-azur-drones.png","contentUrl":"https:\/\/www.azurdrones.com\/wp-content\/uploads\/2023\/03\/logo-azur-drones.png","width":738,"height":96,"caption":"Azur Drones"},"image":{"@id":"https:\/\/www.azurdrones.com\/fr\/#\/schema\/logo\/image\/"}}]}},"uagb_featured_image_src":{"full":false,"thumbnail":false,"medium":false,"medium_large":false,"large":false,"1536x1536":false,"2048x2048":false,"full_width":false},"uagb_author_info":{"display_name":"bougetonweb","author_link":"https:\/\/www.azurdrones.com\/fr\/author\/bougetonweb\/"},"uagb_comment_info":0,"uagb_excerpt":null,"_links":{"self":[{"href":"https:\/\/www.azurdrones.com\/fr\/wp-json\/wp\/v2\/pages\/1373","targetHints":{"allow":["GET"]}}],"collection":[{"href":"https:\/\/www.azurdrones.com\/fr\/wp-json\/wp\/v2\/pages"}],"about":[{"href":"https:\/\/www.azurdrones.com\/fr\/wp-json\/wp\/v2\/types\/page"}],"author":[{"embeddable":true,"href":"https:\/\/www.azurdrones.com\/fr\/wp-json\/wp\/v2\/users\/1"}],"replies":[{"embeddable":true,"href":"https:\/\/www.azurdrones.com\/fr\/wp-json\/wp\/v2\/comments?post=1373"}],"version-history":[{"count":10,"href":"https:\/\/www.azurdrones.com\/fr\/wp-json\/wp\/v2\/pages\/1373\/revisions"}],"predecessor-version":[{"id":3554,"href":"https:\/\/www.azurdrones.com\/fr\/wp-json\/wp\/v2\/pages\/1373\/revisions\/3554"}],"wp:attachment":[{"href":"https:\/\/www.azurdrones.com\/fr\/wp-json\/wp\/v2\/media?parent=1373"}],"curies":[{"name":"wp","href":"https:\/\/api.w.org\/{rel}","templated":true}]}}