{"id":1509,"date":"2023-03-09T15:40:20","date_gmt":"2023-03-09T14:40:20","guid":{"rendered":"https:\/\/www.azurdrones.com\/a-propos\/entreprise\/"},"modified":"2023-04-19T18:14:16","modified_gmt":"2023-04-19T16:14:16","slug":"entreprise","status":"publish","type":"page","link":"https:\/\/www.azurdrones.com\/fr\/a-propos\/entreprise\/","title":{"rendered":"Entreprise"},"content":{"rendered":"\n<div style=\"height:50px\" aria-hidden=\"true\" class=\"wp-block-spacer\"><\/div>\n\n\n\n<div class=\"wp-block-columns are-vertically-aligned-center is-layout-flex wp-container-core-columns-is-layout-9d6595d7 wp-block-columns-is-layout-flex\">\n<div class=\"wp-block-column is-vertically-aligned-center is-layout-flow wp-block-column-is-layout-flow\">\n<p>Fond\u00e9e en 2012, Azur Drones est aujourd&rsquo;hui le leader europ\u00e9en des solutions de surveillance et d&rsquo;inspection par drone. Pionni\u00e8re de l&rsquo;infrastructure Drone in a Box, l&rsquo;entreprise a mis au point une solution enti\u00e8rement automatis\u00e9e pour assurer la s\u00fbret\u00e9, la s\u00e9curit\u00e9 et le soutien des applications op\u00e9rationnelles, m\u00eame dans les environnements les plus sensibles et les plus complexes.<\/p>\n\n\n\n<p>Pionni\u00e8re dans l\u2019obtention d\u2019autorisations de d\u00e9ploiements de drones automatiques, Azur Drones a d\u00e9ploy\u00e9 son syst\u00e8me de drones sans pilote dans plus de 10 pays en Europe, au Moyen-Orient, dans la r\u00e9gion Asie-Pacifique et en Am\u00e9rique du Sud.<\/p>\n<\/div>\n\n\n\n<div class=\"wp-block-column is-vertically-aligned-center is-layout-flow wp-block-column-is-layout-flow\">    <div id=\"btw_slider-block_38c44baa3dfaf85acd4da2b6f3b1797e\" class=\"btw_slider\">\n\t\t<div class=\"slider slider_standard\">\n\t\t\t\t\t\t\t\t\t\t\t<div class=\"slider__slide\" >\n\t\t\t\t\t<div class=\"slider__slide__img\">\n\t\t\t\t\t\t<img loading=\"lazy\" decoding=\"async\" width=\"2560\" height=\"1920\" src=\"https:\/\/www.azurdrones.com\/wp-content\/uploads\/2023\/04\/20230413_150731-2560x1920.jpg\" class=\"slider__slide__img__img wp-image-2975\" alt=\"\" srcset=\"https:\/\/www.azurdrones.com\/wp-content\/uploads\/2023\/04\/20230413_150731-2560x1920.jpg 2560w, https:\/\/www.azurdrones.com\/wp-content\/uploads\/2023\/04\/20230413_150731-550x413.jpg 550w, https:\/\/www.azurdrones.com\/wp-content\/uploads\/2023\/04\/20230413_150731-1110x833.jpg 1110w, https:\/\/www.azurdrones.com\/wp-content\/uploads\/2023\/04\/20230413_150731-768x576.jpg 768w, https:\/\/www.azurdrones.com\/wp-content\/uploads\/2023\/04\/20230413_150731-1536x1152.jpg 1536w, https:\/\/www.azurdrones.com\/wp-content\/uploads\/2023\/04\/20230413_150731-2048x1536.jpg 2048w\" sizes=\"auto, (max-width: 2560px) 100vw, 2560px\" \/>\t\t\t\t\t<\/div>\n\t\t\t\t\t\t\t\t\t\t\t\t\t\t<\/div>\n\t\t\t\t\t\t\t\t\t\t\t\t\t\t\t<div class=\"slider__slide\" >\n\t\t\t\t\t<div class=\"slider__slide__img\">\n\t\t\t\t\t\t<img loading=\"lazy\" decoding=\"async\" width=\"2560\" height=\"1920\" src=\"https:\/\/www.azurdrones.com\/wp-content\/uploads\/2023\/04\/20230413_150049-2560x1920.jpg\" class=\"slider__slide__img__img wp-image-2958\" alt=\"\" srcset=\"https:\/\/www.azurdrones.com\/wp-content\/uploads\/2023\/04\/20230413_150049-2560x1920.jpg 2560w, https:\/\/www.azurdrones.com\/wp-content\/uploads\/2023\/04\/20230413_150049-550x413.jpg 550w, https:\/\/www.azurdrones.com\/wp-content\/uploads\/2023\/04\/20230413_150049-1110x833.jpg 1110w, https:\/\/www.azurdrones.com\/wp-content\/uploads\/2023\/04\/20230413_150049-768x576.jpg 768w, https:\/\/www.azurdrones.com\/wp-content\/uploads\/2023\/04\/20230413_150049-1536x1152.jpg 1536w, https:\/\/www.azurdrones.com\/wp-content\/uploads\/2023\/04\/20230413_150049-2048x1536.jpg 2048w\" sizes=\"auto, (max-width: 2560px) 100vw, 2560px\" \/>\t\t\t\t\t<\/div>\n\t\t\t\t\t\t\t\t\t\t\t\t\t\t<\/div>\n\t\t\t\t\t\t\t\t\t<\/div>\n    <\/div>\n    <\/div>\n<\/div>\n\n\n\n<div style=\"height:50px\" aria-hidden=\"true\" class=\"wp-block-spacer\"><\/div>\n\n\n\n<div class=\"wp-block-columns are-vertically-aligned-center is-layout-flex wp-container-core-columns-is-layout-9d6595d7 wp-block-columns-is-layout-flex\">\n<div class=\"wp-block-column is-vertically-aligned-center is-layout-flow wp-block-column-is-layout-flow\">    <div id=\"btw_slider-block_8ac68a2b2c2451327891f0e1c76d7175\" class=\"btw_slider\">\n\t\t<div class=\"slider slider_standard\">\n\t\t\t\t\t\t\t\t\t\t\t\t\t\t\t\t\t\t<div class=\"slider__slide\" >\n\t\t\t\t\t<div class=\"slider__slide__img\">\n\t\t\t\t\t\t<img loading=\"lazy\" decoding=\"async\" width=\"2560\" height=\"1920\" src=\"https:\/\/www.azurdrones.com\/wp-content\/uploads\/2023\/04\/20230413_150737-2560x1920.jpg\" class=\"slider__slide__img__img wp-image-2978\" alt=\"\" srcset=\"https:\/\/www.azurdrones.com\/wp-content\/uploads\/2023\/04\/20230413_150737-2560x1920.jpg 2560w, https:\/\/www.azurdrones.com\/wp-content\/uploads\/2023\/04\/20230413_150737-550x413.jpg 550w, https:\/\/www.azurdrones.com\/wp-content\/uploads\/2023\/04\/20230413_150737-1110x833.jpg 1110w, https:\/\/www.azurdrones.com\/wp-content\/uploads\/2023\/04\/20230413_150737-768x576.jpg 768w, https:\/\/www.azurdrones.com\/wp-content\/uploads\/2023\/04\/20230413_150737-1536x1152.jpg 1536w, https:\/\/www.azurdrones.com\/wp-content\/uploads\/2023\/04\/20230413_150737-2048x1536.jpg 2048w\" sizes=\"auto, (max-width: 2560px) 100vw, 2560px\" \/>\t\t\t\t\t<\/div>\n\t\t\t\t\t\t\t\t\t\t\t\t\t\t<\/div>\n\t\t\t\t\t\t\t\t\t\t\t\t\t\t\t<div class=\"slider__slide\" >\n\t\t\t\t\t<div class=\"slider__slide__img\">\n\t\t\t\t\t\t<img loading=\"lazy\" decoding=\"async\" width=\"2560\" height=\"1920\" src=\"https:\/\/www.azurdrones.com\/wp-content\/uploads\/2023\/04\/20230413_155629-2560x1920.jpg\" class=\"slider__slide__img__img wp-image-3026\" alt=\"\" srcset=\"https:\/\/www.azurdrones.com\/wp-content\/uploads\/2023\/04\/20230413_155629-2560x1920.jpg 2560w, https:\/\/www.azurdrones.com\/wp-content\/uploads\/2023\/04\/20230413_155629-550x413.jpg 550w, https:\/\/www.azurdrones.com\/wp-content\/uploads\/2023\/04\/20230413_155629-1110x833.jpg 1110w, https:\/\/www.azurdrones.com\/wp-content\/uploads\/2023\/04\/20230413_155629-768x576.jpg 768w, https:\/\/www.azurdrones.com\/wp-content\/uploads\/2023\/04\/20230413_155629-1536x1152.jpg 1536w, https:\/\/www.azurdrones.com\/wp-content\/uploads\/2023\/04\/20230413_155629-2048x1536.jpg 2048w\" sizes=\"auto, (max-width: 2560px) 100vw, 2560px\" \/>\t\t\t\t\t<\/div>\n\t\t\t\t\t\t\t\t\t\t\t\t\t\t<\/div>\n\t\t\t\t\t\t\t\t\t<\/div>\n    <\/div>\n    <\/div>\n\n\n\n<div class=\"wp-block-column is-vertically-aligned-center is-layout-flow wp-block-column-is-layout-flow\">\n<p>L&rsquo;entreprise compte parmi ses clients les plus grands donneurs d&rsquo;ordre industriels et gouvernementaux en France comme \u00e0 l&rsquo;\u00e9tranger, parmi lesquels TotalEnergies, ArcelorMittal, Orano, Oiltanking, Eamus Cork\/Port de Dunkerque, Dubai Police, BASF, l&rsquo;Union europ\u00e9enne, etc.<\/p>\n\n\n\n<p>Bas\u00e9e \u00e0 Bordeaux, Paris et Duba\u00ef, Azur Drones con\u00e7oit, produit et d\u00e9ploie une solution unique de drones, et rassemble plus de 65 employ\u00e9s d\u00e9di\u00e9s \u00e0 la R&amp;D, la production, l&rsquo;installation, la formation et la maintenance de sa solution.<\/p>\n<\/div>\n<\/div>\n\n\n\n<div style=\"height:50px\" aria-hidden=\"true\" class=\"wp-block-spacer\"><\/div>\n\n\n\n<div class=\"wp-block-columns are-vertically-aligned-center is-layout-flex wp-container-core-columns-is-layout-9d6595d7 wp-block-columns-is-layout-flex\">\n<div class=\"wp-block-column is-vertically-aligned-center is-layout-flow wp-block-column-is-layout-flow\">\n<p>Fonctionnant 24h\/24 et 7j\/7, les solutions d&rsquo;Azur Drones permettent une collecte de donn\u00e9es a\u00e9riennes sans \u00e9gale dans les domaines de la s\u00fbret\u00e9, de la s\u00e9curit\u00e9, de la maintenance, de l\u2019inspection et des op\u00e9rations industrielles.<\/p>\n\n\n\n<p><\/p>\n<\/div>\n\n\n\n<div class=\"wp-block-column is-vertically-aligned-center is-layout-flow wp-block-column-is-layout-flow\">    <div id=\"btw_slider-block_8b803b93cfd6a05a7dc942491a291501\" class=\"btw_slider\">\n\t\t<div class=\"slider slider_standard\">\n\t\t\t\t\t\t\t\t\t\t\t<div class=\"slider__slide\" >\n\t\t\t\t\t<div class=\"slider__slide__img\">\n\t\t\t\t\t\t<img loading=\"lazy\" decoding=\"async\" width=\"2560\" height=\"1440\" src=\"https:\/\/www.azurdrones.com\/wp-content\/uploads\/2023\/04\/face_de_loin.jpg\" class=\"slider__slide__img__img wp-image-2842\" alt=\"\" srcset=\"https:\/\/www.azurdrones.com\/wp-content\/uploads\/2023\/04\/face_de_loin.jpg 2560w, https:\/\/www.azurdrones.com\/wp-content\/uploads\/2023\/04\/face_de_loin-550x309.jpg 550w, https:\/\/www.azurdrones.com\/wp-content\/uploads\/2023\/04\/face_de_loin-1110x624.jpg 1110w, https:\/\/www.azurdrones.com\/wp-content\/uploads\/2023\/04\/face_de_loin-768x432.jpg 768w, https:\/\/www.azurdrones.com\/wp-content\/uploads\/2023\/04\/face_de_loin-1536x864.jpg 1536w, https:\/\/www.azurdrones.com\/wp-content\/uploads\/2023\/04\/face_de_loin-2048x1152.jpg 2048w\" sizes=\"auto, (max-width: 2560px) 100vw, 2560px\" \/>\t\t\t\t\t<\/div>\n\t\t\t\t\t\t\t\t\t\t\t\t\t\t<\/div>\n\t\t\t\t\t\t\t\t\t\t\t\t\t\t\t<div class=\"slider__slide\" >\n\t\t\t\t\t<div class=\"slider__slide__img\">\n\t\t\t\t\t\t<img loading=\"lazy\" decoding=\"async\" width=\"2560\" height=\"1707\" src=\"https:\/\/www.azurdrones.com\/wp-content\/uploads\/2023\/04\/lr-8077-2560x1707.jpg\" class=\"slider__slide__img__img wp-image-2836\" alt=\"\" srcset=\"https:\/\/www.azurdrones.com\/wp-content\/uploads\/2023\/04\/lr-8077-2560x1707.jpg 2560w, https:\/\/www.azurdrones.com\/wp-content\/uploads\/2023\/04\/lr-8077-550x367.jpg 550w, https:\/\/www.azurdrones.com\/wp-content\/uploads\/2023\/04\/lr-8077-1110x740.jpg 1110w, https:\/\/www.azurdrones.com\/wp-content\/uploads\/2023\/04\/lr-8077-768x512.jpg 768w, https:\/\/www.azurdrones.com\/wp-content\/uploads\/2023\/04\/lr-8077-1536x1024.jpg 1536w, https:\/\/www.azurdrones.com\/wp-content\/uploads\/2023\/04\/lr-8077-2048x1365.jpg 2048w\" sizes=\"auto, (max-width: 2560px) 100vw, 2560px\" \/>\t\t\t\t\t<\/div>\n\t\t\t\t\t\t\t\t\t\t\t\t\t\t<\/div>\n\t\t\t\t\t\t\t\t\t\t\t\t\t\t\t<div class=\"slider__slide\" >\n\t\t\t\t\t<div class=\"slider__slide__img\">\n\t\t\t\t\t\t<img loading=\"lazy\" decoding=\"async\" width=\"2560\" height=\"1707\" src=\"https:\/\/www.azurdrones.com\/wp-content\/uploads\/2023\/04\/lr-8138-2560x1707.jpg\" class=\"slider__slide__img__img wp-image-2839\" alt=\"\" srcset=\"https:\/\/www.azurdrones.com\/wp-content\/uploads\/2023\/04\/lr-8138-2560x1707.jpg 2560w, https:\/\/www.azurdrones.com\/wp-content\/uploads\/2023\/04\/lr-8138-550x367.jpg 550w, https:\/\/www.azurdrones.com\/wp-content\/uploads\/2023\/04\/lr-8138-1110x740.jpg 1110w, https:\/\/www.azurdrones.com\/wp-content\/uploads\/2023\/04\/lr-8138-768x512.jpg 768w, https:\/\/www.azurdrones.com\/wp-content\/uploads\/2023\/04\/lr-8138-1536x1024.jpg 1536w, https:\/\/www.azurdrones.com\/wp-content\/uploads\/2023\/04\/lr-8138-2048x1365.jpg 2048w\" sizes=\"auto, (max-width: 2560px) 100vw, 2560px\" \/>\t\t\t\t\t<\/div>\n\t\t\t\t\t\t\t\t\t\t\t\t\t\t<\/div>\n\t\t\t\t\t\t\t\t\t<\/div>\n    <\/div>\n    <\/div>\n<\/div>\n","protected":false},"excerpt":{"rendered":"<p>Fond\u00e9e en 2012, Azur Drones est aujourd&rsquo;hui le leader europ\u00e9en des solutions de surveillance et d&rsquo;inspection par drone. Pionni\u00e8re de l&rsquo;infrastructure Drone in a Box,<\/p>\n","protected":false},"author":1,"featured_media":3143,"parent":1377,"menu_order":0,"comment_status":"closed","ping_status":"closed","template":"","meta":{"_acf_changed":false,"_uag_custom_page_level_css":"","footnotes":""},"class_list":["post-1509","page","type-page","status-publish","has-post-thumbnail","hentry"],"acf":[],"yoast_head":"<!-- This site is optimized with the Yoast SEO plugin v27.3 - https:\/\/yoast.com\/product\/yoast-seo-wordpress\/ -->\n<title>Entreprise - Azur Drones<\/title>\n<meta name=\"description\" content=\"Fond\u00e9e en 2012, Azur Drones est aujourd&#039;hui le leader europ\u00e9en des solutions de surveillance et d&#039;inspection par drone. Pionni\u00e8re de l&#039;infrastructure Drone in a Box, l&#039;entreprise a mis au point une solution enti\u00e8rement automatis\u00e9e pour assurer la s\u00fbret\u00e9, la s\u00e9curit\u00e9 et le soutien des applications op\u00e9rationnelles, m\u00eame dans les environnements les plus sensibles et les plus complexes.\" \/>\n<meta name=\"robots\" content=\"index, follow, max-snippet:-1, max-image-preview:large, max-video-preview:-1\" \/>\n<link rel=\"canonical\" href=\"https:\/\/www.azurdrones.com\/fr\/a-propos\/entreprise\/\" \/>\n<meta property=\"og:locale\" content=\"fr_FR\" \/>\n<meta property=\"og:type\" content=\"article\" \/>\n<meta property=\"og:title\" content=\"Entreprise - Azur Drones\" \/>\n<meta property=\"og:description\" content=\"Fond\u00e9e en 2012, Azur Drones est aujourd&#039;hui le leader europ\u00e9en des solutions de surveillance et d&#039;inspection par drone. Pionni\u00e8re de l&#039;infrastructure Drone in a Box, l&#039;entreprise a mis au point une solution enti\u00e8rement automatis\u00e9e pour assurer la s\u00fbret\u00e9, la s\u00e9curit\u00e9 et le soutien des applications op\u00e9rationnelles, m\u00eame dans les environnements les plus sensibles et les plus complexes.\" \/>\n<meta property=\"og:url\" content=\"https:\/\/www.azurdrones.com\/fr\/a-propos\/entreprise\/\" \/>\n<meta property=\"og:site_name\" content=\"Azur Drones\" \/>\n<meta property=\"article:modified_time\" content=\"2023-04-19T16:14:16+00:00\" \/>\n<meta property=\"og:image\" content=\"https:\/\/www.azurdrones.com\/wp-content\/uploads\/2023\/04\/005-scaled.jpg\" \/>\n\t<meta property=\"og:image:width\" content=\"2560\" \/>\n\t<meta property=\"og:image:height\" content=\"1709\" \/>\n\t<meta property=\"og:image:type\" content=\"image\/jpeg\" \/>\n<meta name=\"twitter:card\" content=\"summary_large_image\" \/>\n<meta name=\"twitter:label1\" content=\"Dur\u00e9e de lecture estim\u00e9e\" \/>\n\t<meta name=\"twitter:data1\" content=\"2 minutes\" \/>\n<script type=\"application\/ld+json\" class=\"yoast-schema-graph\">{\"@context\":\"https:\\\/\\\/schema.org\",\"@graph\":[{\"@type\":\"WebPage\",\"@id\":\"https:\\\/\\\/www.azurdrones.com\\\/fr\\\/a-propos\\\/entreprise\\\/\",\"url\":\"https:\\\/\\\/www.azurdrones.com\\\/fr\\\/a-propos\\\/entreprise\\\/\",\"name\":\"Entreprise - Azur Drones\",\"isPartOf\":{\"@id\":\"https:\\\/\\\/www.azurdrones.com\\\/fr\\\/#website\"},\"primaryImageOfPage\":{\"@id\":\"https:\\\/\\\/www.azurdrones.com\\\/fr\\\/a-propos\\\/entreprise\\\/#primaryimage\"},\"image\":{\"@id\":\"https:\\\/\\\/www.azurdrones.com\\\/fr\\\/a-propos\\\/entreprise\\\/#primaryimage\"},\"thumbnailUrl\":\"https:\\\/\\\/www.azurdrones.com\\\/wp-content\\\/uploads\\\/2023\\\/04\\\/005-scaled.jpg\",\"datePublished\":\"2023-03-09T14:40:20+00:00\",\"dateModified\":\"2023-04-19T16:14:16+00:00\",\"description\":\"Fond\u00e9e en 2012, Azur Drones est aujourd'hui le leader europ\u00e9en des solutions de surveillance et d'inspection par drone. Pionni\u00e8re de l'infrastructure Drone in a Box, l'entreprise a mis au point une solution enti\u00e8rement automatis\u00e9e pour assurer la s\u00fbret\u00e9, la s\u00e9curit\u00e9 et le soutien des applications op\u00e9rationnelles, m\u00eame dans les environnements les plus sensibles et les plus complexes.\",\"breadcrumb\":{\"@id\":\"https:\\\/\\\/www.azurdrones.com\\\/fr\\\/a-propos\\\/entreprise\\\/#breadcrumb\"},\"inLanguage\":\"fr-FR\",\"potentialAction\":[{\"@type\":\"ReadAction\",\"target\":[\"https:\\\/\\\/www.azurdrones.com\\\/fr\\\/a-propos\\\/entreprise\\\/\"]}]},{\"@type\":\"ImageObject\",\"inLanguage\":\"fr-FR\",\"@id\":\"https:\\\/\\\/www.azurdrones.com\\\/fr\\\/a-propos\\\/entreprise\\\/#primaryimage\",\"url\":\"https:\\\/\\\/www.azurdrones.com\\\/wp-content\\\/uploads\\\/2023\\\/04\\\/005-scaled.jpg\",\"contentUrl\":\"https:\\\/\\\/www.azurdrones.com\\\/wp-content\\\/uploads\\\/2023\\\/04\\\/005-scaled.jpg\",\"width\":2560,\"height\":1709},{\"@type\":\"BreadcrumbList\",\"@id\":\"https:\\\/\\\/www.azurdrones.com\\\/fr\\\/a-propos\\\/entreprise\\\/#breadcrumb\",\"itemListElement\":[{\"@type\":\"ListItem\",\"position\":1,\"name\":\"Accueil\",\"item\":\"https:\\\/\\\/www.azurdrones.com\\\/fr\\\/\"},{\"@type\":\"ListItem\",\"position\":2,\"name\":\"\u00c0 propos\",\"item\":\"https:\\\/\\\/www.azurdrones.com\\\/fr\\\/a-propos\\\/\"},{\"@type\":\"ListItem\",\"position\":3,\"name\":\"Entreprise\"}]},{\"@type\":\"WebSite\",\"@id\":\"https:\\\/\\\/www.azurdrones.com\\\/fr\\\/#website\",\"url\":\"https:\\\/\\\/www.azurdrones.com\\\/fr\\\/\",\"name\":\"Azur Drones\",\"description\":\"Autonomous aerial surveillance\",\"publisher\":{\"@id\":\"https:\\\/\\\/www.azurdrones.com\\\/fr\\\/#organization\"},\"potentialAction\":[{\"@type\":\"SearchAction\",\"target\":{\"@type\":\"EntryPoint\",\"urlTemplate\":\"https:\\\/\\\/www.azurdrones.com\\\/fr\\\/?s={search_term_string}\"},\"query-input\":{\"@type\":\"PropertyValueSpecification\",\"valueRequired\":true,\"valueName\":\"search_term_string\"}}],\"inLanguage\":\"fr-FR\"},{\"@type\":\"Organization\",\"@id\":\"https:\\\/\\\/www.azurdrones.com\\\/fr\\\/#organization\",\"name\":\"Azur Drones\",\"url\":\"https:\\\/\\\/www.azurdrones.com\\\/fr\\\/\",\"logo\":{\"@type\":\"ImageObject\",\"inLanguage\":\"fr-FR\",\"@id\":\"https:\\\/\\\/www.azurdrones.com\\\/fr\\\/#\\\/schema\\\/logo\\\/image\\\/\",\"url\":\"https:\\\/\\\/www.azurdrones.com\\\/wp-content\\\/uploads\\\/2023\\\/03\\\/logo-azur-drones.png\",\"contentUrl\":\"https:\\\/\\\/www.azurdrones.com\\\/wp-content\\\/uploads\\\/2023\\\/03\\\/logo-azur-drones.png\",\"width\":738,\"height\":96,\"caption\":\"Azur Drones\"},\"image\":{\"@id\":\"https:\\\/\\\/www.azurdrones.com\\\/fr\\\/#\\\/schema\\\/logo\\\/image\\\/\"}}]}<\/script>\n<!-- \/ Yoast SEO plugin. -->","yoast_head_json":{"title":"Entreprise - Azur Drones","description":"Fond\u00e9e en 2012, Azur Drones est aujourd'hui le leader europ\u00e9en des solutions de surveillance et d'inspection par drone. Pionni\u00e8re de l'infrastructure Drone in a Box, l'entreprise a mis au point une solution enti\u00e8rement automatis\u00e9e pour assurer la s\u00fbret\u00e9, la s\u00e9curit\u00e9 et le soutien des applications op\u00e9rationnelles, m\u00eame dans les environnements les plus sensibles et les plus complexes.","robots":{"index":"index","follow":"follow","max-snippet":"max-snippet:-1","max-image-preview":"max-image-preview:large","max-video-preview":"max-video-preview:-1"},"canonical":"https:\/\/www.azurdrones.com\/fr\/a-propos\/entreprise\/","og_locale":"fr_FR","og_type":"article","og_title":"Entreprise - Azur Drones","og_description":"Fond\u00e9e en 2012, Azur Drones est aujourd'hui le leader europ\u00e9en des solutions de surveillance et d'inspection par drone. Pionni\u00e8re de l'infrastructure Drone in a Box, l'entreprise a mis au point une solution enti\u00e8rement automatis\u00e9e pour assurer la s\u00fbret\u00e9, la s\u00e9curit\u00e9 et le soutien des applications op\u00e9rationnelles, m\u00eame dans les environnements les plus sensibles et les plus complexes.","og_url":"https:\/\/www.azurdrones.com\/fr\/a-propos\/entreprise\/","og_site_name":"Azur Drones","article_modified_time":"2023-04-19T16:14:16+00:00","og_image":[{"width":2560,"height":1709,"url":"https:\/\/www.azurdrones.com\/wp-content\/uploads\/2023\/04\/005-scaled.jpg","type":"image\/jpeg"}],"twitter_card":"summary_large_image","twitter_misc":{"Dur\u00e9e de lecture estim\u00e9e":"2 minutes"},"schema":{"@context":"https:\/\/schema.org","@graph":[{"@type":"WebPage","@id":"https:\/\/www.azurdrones.com\/fr\/a-propos\/entreprise\/","url":"https:\/\/www.azurdrones.com\/fr\/a-propos\/entreprise\/","name":"Entreprise - Azur Drones","isPartOf":{"@id":"https:\/\/www.azurdrones.com\/fr\/#website"},"primaryImageOfPage":{"@id":"https:\/\/www.azurdrones.com\/fr\/a-propos\/entreprise\/#primaryimage"},"image":{"@id":"https:\/\/www.azurdrones.com\/fr\/a-propos\/entreprise\/#primaryimage"},"thumbnailUrl":"https:\/\/www.azurdrones.com\/wp-content\/uploads\/2023\/04\/005-scaled.jpg","datePublished":"2023-03-09T14:40:20+00:00","dateModified":"2023-04-19T16:14:16+00:00","description":"Fond\u00e9e en 2012, Azur Drones est aujourd'hui le leader europ\u00e9en des solutions de surveillance et d'inspection par drone. Pionni\u00e8re de l'infrastructure Drone in a Box, l'entreprise a mis au point une solution enti\u00e8rement automatis\u00e9e pour assurer la s\u00fbret\u00e9, la s\u00e9curit\u00e9 et le soutien des applications op\u00e9rationnelles, m\u00eame dans les environnements les plus sensibles et les plus complexes.","breadcrumb":{"@id":"https:\/\/www.azurdrones.com\/fr\/a-propos\/entreprise\/#breadcrumb"},"inLanguage":"fr-FR","potentialAction":[{"@type":"ReadAction","target":["https:\/\/www.azurdrones.com\/fr\/a-propos\/entreprise\/"]}]},{"@type":"ImageObject","inLanguage":"fr-FR","@id":"https:\/\/www.azurdrones.com\/fr\/a-propos\/entreprise\/#primaryimage","url":"https:\/\/www.azurdrones.com\/wp-content\/uploads\/2023\/04\/005-scaled.jpg","contentUrl":"https:\/\/www.azurdrones.com\/wp-content\/uploads\/2023\/04\/005-scaled.jpg","width":2560,"height":1709},{"@type":"BreadcrumbList","@id":"https:\/\/www.azurdrones.com\/fr\/a-propos\/entreprise\/#breadcrumb","itemListElement":[{"@type":"ListItem","position":1,"name":"Accueil","item":"https:\/\/www.azurdrones.com\/fr\/"},{"@type":"ListItem","position":2,"name":"\u00c0 propos","item":"https:\/\/www.azurdrones.com\/fr\/a-propos\/"},{"@type":"ListItem","position":3,"name":"Entreprise"}]},{"@type":"WebSite","@id":"https:\/\/www.azurdrones.com\/fr\/#website","url":"https:\/\/www.azurdrones.com\/fr\/","name":"Azur Drones","description":"Autonomous aerial surveillance","publisher":{"@id":"https:\/\/www.azurdrones.com\/fr\/#organization"},"potentialAction":[{"@type":"SearchAction","target":{"@type":"EntryPoint","urlTemplate":"https:\/\/www.azurdrones.com\/fr\/?s={search_term_string}"},"query-input":{"@type":"PropertyValueSpecification","valueRequired":true,"valueName":"search_term_string"}}],"inLanguage":"fr-FR"},{"@type":"Organization","@id":"https:\/\/www.azurdrones.com\/fr\/#organization","name":"Azur Drones","url":"https:\/\/www.azurdrones.com\/fr\/","logo":{"@type":"ImageObject","inLanguage":"fr-FR","@id":"https:\/\/www.azurdrones.com\/fr\/#\/schema\/logo\/image\/","url":"https:\/\/www.azurdrones.com\/wp-content\/uploads\/2023\/03\/logo-azur-drones.png","contentUrl":"https:\/\/www.azurdrones.com\/wp-content\/uploads\/2023\/03\/logo-azur-drones.png","width":738,"height":96,"caption":"Azur Drones"},"image":{"@id":"https:\/\/www.azurdrones.com\/fr\/#\/schema\/logo\/image\/"}}]}},"uagb_featured_image_src":{"full":["https:\/\/www.azurdrones.com\/wp-content\/uploads\/2023\/04\/005-scaled.jpg",2560,1709,false],"thumbnail":["https:\/\/www.azurdrones.com\/wp-content\/uploads\/2023\/04\/005-300x300.jpg",300,300,true],"medium":["https:\/\/www.azurdrones.com\/wp-content\/uploads\/2023\/04\/005-550x367.jpg",550,367,true],"medium_large":["https:\/\/www.azurdrones.com\/wp-content\/uploads\/2023\/04\/005-768x513.jpg",768,513,true],"large":["https:\/\/www.azurdrones.com\/wp-content\/uploads\/2023\/04\/005-1110x741.jpg",1110,741,true],"1536x1536":["https:\/\/www.azurdrones.com\/wp-content\/uploads\/2023\/04\/005-1536x1025.jpg",1536,1025,true],"2048x2048":["https:\/\/www.azurdrones.com\/wp-content\/uploads\/2023\/04\/005-2048x1367.jpg",2048,1367,true],"full_width":["https:\/\/www.azurdrones.com\/wp-content\/uploads\/2023\/04\/005-2560x1709.jpg",2560,1709,true]},"uagb_author_info":{"display_name":"bougetonweb","author_link":"https:\/\/www.azurdrones.com\/fr\/author\/bougetonweb\/"},"uagb_comment_info":0,"uagb_excerpt":"Fond\u00e9e en 2012, Azur Drones est aujourd&rsquo;hui le leader europ\u00e9en des solutions de surveillance et d&rsquo;inspection par drone. Pionni\u00e8re de l&rsquo;infrastructure Drone in a Box,","_links":{"self":[{"href":"https:\/\/www.azurdrones.com\/fr\/wp-json\/wp\/v2\/pages\/1509","targetHints":{"allow":["GET"]}}],"collection":[{"href":"https:\/\/www.azurdrones.com\/fr\/wp-json\/wp\/v2\/pages"}],"about":[{"href":"https:\/\/www.azurdrones.com\/fr\/wp-json\/wp\/v2\/types\/page"}],"author":[{"embeddable":true,"href":"https:\/\/www.azurdrones.com\/fr\/wp-json\/wp\/v2\/users\/1"}],"replies":[{"embeddable":true,"href":"https:\/\/www.azurdrones.com\/fr\/wp-json\/wp\/v2\/comments?post=1509"}],"version-history":[{"count":25,"href":"https:\/\/www.azurdrones.com\/fr\/wp-json\/wp\/v2\/pages\/1509\/revisions"}],"predecessor-version":[{"id":3546,"href":"https:\/\/www.azurdrones.com\/fr\/wp-json\/wp\/v2\/pages\/1509\/revisions\/3546"}],"up":[{"embeddable":true,"href":"https:\/\/www.azurdrones.com\/fr\/wp-json\/wp\/v2\/pages\/1377"}],"wp:featuredmedia":[{"embeddable":true,"href":"https:\/\/www.azurdrones.com\/fr\/wp-json\/wp\/v2\/media\/3143"}],"wp:attachment":[{"href":"https:\/\/www.azurdrones.com\/fr\/wp-json\/wp\/v2\/media?parent=1509"}],"curies":[{"name":"wp","href":"https:\/\/api.w.org\/{rel}","templated":true}]}}