{"id":1513,"date":"2023-03-09T15:38:57","date_gmt":"2023-03-09T14:38:57","guid":{"rendered":"https:\/\/www.azurdrones.com\/contactez-nous\/"},"modified":"2025-05-19T11:58:47","modified_gmt":"2025-05-19T09:58:47","slug":"contactez-nous","status":"publish","type":"page","link":"https:\/\/www.azurdrones.com\/fr\/contactez-nous\/","title":{"rendered":"Contactez-nous"},"content":{"rendered":"\n<div class=\"wp-block-cover alignfull is-light has-parallax\"><div class=\"wp-block-cover__image-background wp-image-97 has-parallax\" style=\"background-position:50% 50%;background-image:url(https:\/\/www.azurdrones.com\/wp-content\/uploads\/2023\/03\/background-waves.jpg)\"><\/div><span aria-hidden=\"true\" class=\"wp-block-cover__background has-background-dim-0 has-background-dim\"><\/span><div class=\"wp-block-cover__inner-container is-layout-flow wp-block-cover-is-layout-flow\">\n<div class=\"wp-block-columns are-vertically-aligned-center is-layout-flex wp-container-core-columns-is-layout-9d6595d7 wp-block-columns-is-layout-flex\">\n<div class=\"wp-block-column is-vertically-aligned-center is-layout-flow wp-block-column-is-layout-flow\">\n<h1 class=\"wp-block-heading\"><strong>Restons en contact !<\/strong><\/h1>\n<\/div>\n\n\n\n<div class=\"wp-block-column is-vertically-aligned-center is-layout-flow wp-block-column-is-layout-flow\">\n<p class=\"h5\">Si vous souhaitez en savoir plus sur Azur Drones et Skeyetech E2, remplissez le formulaire ci-dessous, nous vous renseignerons avec plaisir !<\/p>\n<\/div>\n<\/div>\n\n\n<div class=\"frm_forms \" id=\"frm_form_1_container\" data-token=\"ad1ea3bdec8083cc4c0f44f80a56c2bb\">\n<form enctype=\"multipart\/form-data\" method=\"post\" class=\"frm-show-form  frm_js_validate  frm_ajax_submit  frm_pro_form \" id=\"form_contact-form\" data-token=\"ad1ea3bdec8083cc4c0f44f80a56c2bb\">\n<div class=\"frm_form_fields \">\n<fieldset>\n<legend class=\"frm_screen_reader\">Nous contacter<\/legend>\r\n\r\n<div class=\"frm_fields_container\">\n<input type=\"hidden\" name=\"frm_action\" value=\"create\" \/>\n<input type=\"hidden\" name=\"form_id\" value=\"1\" \/>\n<input type=\"hidden\" name=\"frm_hide_fields_1\" id=\"frm_hide_fields_1\" value=\"\" \/>\n<input type=\"hidden\" name=\"form_key\" value=\"contact-form\" \/>\n<input type=\"hidden\" name=\"item_meta[0]\" value=\"\" \/>\n<input type=\"hidden\" id=\"frm_submit_entry_1\" name=\"frm_submit_entry_1\" value=\"6a0cb138fe\" \/><input type=\"hidden\" name=\"_wp_http_referer\" value=\"\/fr\/wp-json\/wp\/v2\/pages\/1513\" \/><div id=\"frm_field_7_container\" class=\"frm_form_field form-field  frm_required_field form-group frm_top_container\">\r\n\t<label for=\"field_72x49\" id=\"field_72x49_label\" class=\"frm_primary_label col-form-label form-label\">Nom de la soci\u00e9t\u00e9\r\n\t\t<span class=\"frm_required\" aria-hidden=\"true\">*<\/span>\r\n\t<\/label>\r\n\t<input  type=\"text\" id=\"field_72x49\" name=\"item_meta[7]\" value=\"\"  data-reqmsg=\"Ce champ ne peut pas \u00eatre vide\" aria-required=\"true\" data-invmsg=\" Nom de la soci\u00e9t\u00e9 n&#039;est pas valide\" class=\"form-control\" aria-invalid=\"false\"   \/>\r\n\t\r\n\t\r\n<\/div>\n<div id=\"frm_field_14_container\" class=\"frm_form_field form-field  frm_required_field form-group frm_top_container\">\r\n\t<label for=\"field_pm0nl\" id=\"field_pm0nl_label\" class=\"frm_primary_label col-form-label form-label\">Secteur d&rsquo;activit\u00e9\r\n\t\t<span class=\"frm_required\" aria-hidden=\"true\">*<\/span>\r\n\t<\/label>\r\n\t\t\t<select name=\"item_meta[14]\" id=\"field_pm0nl\"  data-reqmsg=\"Ce champ ne peut pas \u00eatre vide\" aria-required=\"true\" data-invmsg=\" Secteur d&#039;activit\u00e9 n&#039;est pas valide\" class=\"form-control\" aria-invalid=\"false\"  >\n\t\t<option  value=\"\" selected='selected'> <\/option><option  value=\"Agriculture\/Agri-Food\">Agriculture\/ Agroalimentaire<\/option><option  value=\"Architecture\/Urban Planning\/Landscaping\"> Architecture \/ Urbanisme \/ Paysagisme<\/option><option  value=\"Arts\/Culture\/Leisure\">Arts \/ Culture \/ Loisirs<\/option><option  value=\"Insurance\/Mutual Insurance\">Assurance \/ Mutuelle<\/option><option  value=\"Automotive\/Mobility\">Automobile \/ Mobilit\u00e9<\/option><option  value=\"Banking\/Finance\">Banque \/ Finance<\/option><option  value=\"Construction\/Public Works\">B\u00e2timent \/ Travaux publics<\/option><option  value=\"Chemistry\/Pharmacy\/Health\">Chimie \/ Pharmacie \/ Sant\u00e9<\/option><option  value=\"Commerce\/Distribution\">Commerce \/ Distribution<\/option><option  value=\"Communication\/Marketing\/Advertising\">Communication \/ Marketing \/ Publicit\u00e9<\/option><option  value=\"Consulting\/Audit\/Legal\">Conseil \/ Audit \/ Juridique<\/option><option  value=\"Defense\">D\u00e9fense<\/option><option  value=\"Security Companies\">Soci\u00e9t\u00e9 de S\u00e9curit\u00e9<\/option><option  value=\"Education\/Training\/Research\">\u00c9ducation \/ Formation \/ Recherche<\/option><option  value=\"Energy\/Environment\/Sustainable Development\">\u00c9nergie \/ Environnement \/ D\u00e9veloppement durable<\/option><option  value=\"Hospitality\/Tourism\/Catering\">H\u00f4tellerie \/ Tourisme \/ Restauration<\/option><option  value=\"Real Estate\">Immobilier<\/option><option  value=\"Industry\/Production\/Manufacturing\">Industrie \/ Production \/ Fabrication<\/option><option  value=\"IT\/Telecoms\/Digital\">Informatique \/ T\u00e9l\u00e9coms \/ Num\u00e9rique<\/option><option  value=\"Logistics\/Transport\/Supply Chain\">Logistique \/ Transport \/ Supply Chain<\/option><option  value=\"Luxury Goods\/Fashion\/Cosmetics\">Luxe \/ Mode \/ Cosm\u00e9tique<\/option><option  value=\"Media\/Publishing\">M\u00e9dias \/ \u00c9dition<\/option><option  value=\"Public Bodies\/Administration\/Local Authorities\">Organismes publics \/ Administration \/ Collectivit\u00e9s<\/option><option  value=\"Human Resources\/Recruitment\">Ressources humaines \/ Recrutement<\/option><option  value=\"Science and Technology\">Sciences et technologies<\/option><option  value=\"Services Companies\">Services aux entreprises<\/option><option  value=\"Start-ups \/ Innovation\">Start-up \/ Innovation<\/option><option  value=\"Other\">Autre<\/option>\t<\/select>\n\t\r\n\t\r\n\t\r\n<\/div>\n<div id=\"frm_field_15_container\" class=\"frm_form_field form-field  frm_required_field form-group frm_top_container\">\r\n\t<label for=\"field_rcdy3\" id=\"field_rcdy3_label\" class=\"frm_primary_label col-form-label form-label\">Autre secteur (veuillez pr\u00e9ciser)\r\n\t\t<span class=\"frm_required\" aria-hidden=\"true\">*<\/span>\r\n\t<\/label>\r\n\t<input  type=\"text\" id=\"field_rcdy3\" name=\"item_meta[15]\" value=\"\"  data-reqmsg=\"Ce champ ne peut pas \u00eatre vide\" aria-required=\"true\" data-invmsg=\"Autre secteur (veuillez pr\u00e9ciser) n&#039;est pas valide\" class=\"form-control\" aria-invalid=\"false\"   \/>\r\n\t\r\n\t\r\n<\/div>\n<div id=\"frm_field_8_container\" class=\"frm_form_field form-field  frm_required_field form-group frm_top_container\">\r\n\t<label for=\"field_mxj2h\" id=\"field_mxj2h_label\" class=\"frm_primary_label col-form-label form-label\">Pr\u00e9nom\r\n\t\t<span class=\"frm_required\" aria-hidden=\"true\">*<\/span>\r\n\t<\/label>\r\n\t<input  type=\"text\" id=\"field_mxj2h\" name=\"item_meta[8]\" value=\"\"  data-reqmsg=\"Ce champ ne peut pas \u00eatre vide\" aria-required=\"true\" data-invmsg=\"Pr\u00e9nom n&#039;est pas valide\" class=\"form-control\" aria-invalid=\"false\"   \/>\r\n\t\r\n\t\r\n<\/div>\n<div id=\"frm_field_9_container\" class=\"frm_form_field form-field  frm_required_field form-group frm_top_container\">\r\n\t<label for=\"field_8o3gl\" id=\"field_8o3gl_label\" class=\"frm_primary_label col-form-label form-label\">Nom\r\n\t\t<span class=\"frm_required\" aria-hidden=\"true\">*<\/span>\r\n\t<\/label>\r\n\t<input  type=\"text\" id=\"field_8o3gl\" name=\"item_meta[9]\" value=\"\"  data-reqmsg=\"Ce champ ne peut pas \u00eatre vide\" aria-required=\"true\" data-invmsg=\"Nom n&#039;est pas valide\" class=\"form-control\" aria-invalid=\"false\"   \/>\r\n\t\r\n\t\r\n<\/div>\n<div id=\"frm_field_10_container\" class=\"frm_form_field form-field  frm_required_field form-group frm_top_container\">\r\n\t<label for=\"field_930ec\" id=\"field_930ec_label\" class=\"frm_primary_label col-form-label form-label\">Fonction au sein de l&rsquo;entreprise\r\n\t\t<span class=\"frm_required\" aria-hidden=\"true\">*<\/span>\r\n\t<\/label>\r\n\t<input  type=\"text\" id=\"field_930ec\" name=\"item_meta[10]\" value=\"\"  data-reqmsg=\"Ce champ ne peut pas \u00eatre vide\" aria-required=\"true\" data-invmsg=\"Fonction au sein de l&#039;entreprise n&#039;est pas valide\" class=\"form-control\" aria-invalid=\"false\"   \/>\r\n\t\r\n\t\r\n<\/div>\n<div id=\"frm_field_12_container\" class=\"frm_form_field form-field  frm_required_field form-group frm_top_container\">\r\n\t<label for=\"field_an5c2\" id=\"field_an5c2_label\" class=\"frm_primary_label col-form-label form-label\">E-mail\r\n\t\t<span class=\"frm_required\" aria-hidden=\"true\">*<\/span>\r\n\t<\/label>\r\n\t<input type=\"email\" id=\"field_an5c2\" name=\"item_meta[12]\" value=\"\"  autocomplete=\"email\"  data-reqmsg=\"Ce champ ne peut pas \u00eatre vide\" aria-required=\"true\" data-invmsg=\"E-mail n&#039;est pas valide\" class=\"form-control\" aria-invalid=\"false\"  \/>\r\n\t\r\n\t\r\n<\/div>\n<div id=\"frm_field_13_container\" class=\"frm_form_field form-field  form-group frm_top_container\">\r\n\t<label for=\"field_pmkfq\" id=\"field_pmkfq_label\" class=\"frm_primary_label col-form-label form-label\">T\u00e9l\u00e9phone\r\n\t\t<span class=\"frm_required\" aria-hidden=\"true\"><\/span>\r\n\t<\/label>\r\n\t<input type=\"tel\" id=\"field_pmkfq\" name=\"item_meta[13]\" value=\"\"  data-invmsg=\"T\u00e9l\u00e9phone n&#039;est pas valide\" class=\"form-control\" aria-invalid=\"false\" pattern=\"((\\+\\d{1,3}(-|.| )?\\(?\\d\\)?(-| |.)?\\d{1,5})|(\\(?\\d{2,6}\\)?))(-|.| )?(\\d{3,4})(-|.| )?(\\d{4})(( x| ext)\\d{1,5}){0,1}$\"  \/>\r\n\t\r\n\t\r\n<\/div>\n<div id=\"frm_field_19_container\" class=\"frm_form_field form-field  frm_required_field form-group frm_top_container\">\r\n\t<label for=\"field_a6i2j\" id=\"field_a6i2j_label\" class=\"frm_primary_label col-form-label form-label\">Je souhaite \u00eatre contact\u00e9 par\r\n\t\t<span class=\"frm_required\" aria-hidden=\"true\">*<\/span>\r\n\t<\/label>\r\n\t\t\t<select name=\"item_meta[19]\" id=\"field_a6i2j\"  data-reqmsg=\"Ce champ ne peut pas \u00eatre vide\" aria-required=\"true\" data-invmsg=\"Je souhaite \u00eatre contact\u00e9 par n&#039;est pas valide\" class=\"form-control\" aria-invalid=\"false\"  >\n\t\t<option  value=\"\" selected='selected'> <\/option><option  value=\"The sales team\">L&#039;\u00e9quipe commerciale<\/option><option  value=\"The communication team\">L&#039;\u00e9quipe marketing<\/option>\t<\/select>\n\t\r\n\t\r\n\t\r\n<\/div>\n<div id=\"frm_field_18_container\" class=\"frm_form_field form-field  frm_required_field form-group frm_top_container\">\r\n\t<label for=\"field_3wlmd\" id=\"field_3wlmd_label\" class=\"frm_primary_label col-form-label form-label\">Message\r\n\t\t<span class=\"frm_required\" aria-hidden=\"true\">*<\/span>\r\n\t<\/label>\r\n\t<textarea name=\"item_meta[18]\" id=\"field_3wlmd\" rows=\"5\"  data-reqmsg=\"Ce champ ne peut pas \u00eatre vide\" aria-required=\"true\" data-invmsg=\"Message n&#039;est pas valide\" class=\"form-control\" aria-invalid=\"false\"  ><\/textarea>\r\n\t\r\n\t\r\n<\/div>\n<div id=\"frm_field_17_container\" class=\"frm_form_field form-field  form-group frm_none_container vertical_radio\">\r\n\t<div  id=\"field_whjwn_label\" class=\"frm_primary_label col-form-label form-label\">Newsletter\r\n\t\t<span class=\"frm_required\" aria-hidden=\"true\"><\/span>\r\n\t<\/div>\r\n\t<div class=\"frm_opt_container\" aria-labelledby=\"field_whjwn_label\" role=\"group\">\t\t<div class=\"frm_checkbox checkbox\" id=\"frm_checkbox_17-0\">\t\t\t<label  for=\"field_whjwn-0\">\n\t\t\t<input type=\"checkbox\" name=\"item_meta[17][]\" id=\"field_whjwn-0\" value=\"I subscribe to the Azur Drones Newsletter\"  data-invmsg=\"Newsletter n&#039;est pas valide\"   \/> Je m&rsquo;abonne \u00e0 la Newsletter Azur Drones<\/label><\/div>\n<\/div>\r\n\t\r\n\t\r\n<\/div>\n<div id=\"frm_field_16_container\" class=\"frm_form_field form-field  frm_required_field form-group frm_none_container vertical_radio\">\r\n\t<div  id=\"field_ofpn1_label\" class=\"frm_primary_label col-form-label form-label\">Politique de confidentialit\u00e9\r\n\t\t<span class=\"frm_required\" aria-hidden=\"true\">*<\/span>\r\n\t<\/div>\r\n\t<div class=\"frm_opt_container\" aria-labelledby=\"field_ofpn1_label\" role=\"group\">\t\t<div class=\"frm_checkbox checkbox\" id=\"frm_checkbox_16-0\">\t\t\t<label  for=\"field_ofpn1-0\">\n\t\t\t<input type=\"checkbox\" name=\"item_meta[16][]\" id=\"field_ofpn1-0\" value=\"By submitting this form, I agree that the information entered will be used to contact me regarding my request.\"  data-reqmsg=\"Vous devez accepter la politique de confidentialit\u00e9 en cochant la case.\" data-invmsg=\"Politique de confidentialit\u00e9 n&#039;est pas valide\"   aria-required=\"true\"  \/> En soumettant ce formulaire, j&rsquo;accepte que les informations saisies soient utilis\u00e9es pour me contacter concernant ma demande.<\/label><\/div>\n<\/div>\r\n\t\r\n\t\r\n<\/div>\n<div id=\"frm_field_6_container\" class=\"frm_form_field form-field  form-group\">\r\n\t<div class=\"form-group frm_submit\">\r\n\r\n<button class=\"frm_button_submit btn btn-secondary frm_final_submit\" type=\"submit\"   formnovalidate=\"formnovalidate\">Envoyer<\/button>\r\n\r\n\r\n<\/div>\r\n<\/div>\n\t<input type=\"hidden\" name=\"item_key\" value=\"\" \/>\n\t\t\t<div id=\"frm_field_33_container\">\n\t\t\t<label for=\"field_wt6ua\" >\n\t\t\t\tSi vous \u00eates un humain, ne remplissez pas ce champ.\t\t\t<\/label>\n\t\t\t<input  id=\"field_wt6ua\" type=\"text\" class=\"frm_form_field form-field frm_verify\" name=\"item_meta[33]\" value=\"\"  \/>\n\t\t<\/div>\n\t\t<input name=\"frm_state\" type=\"hidden\" value=\"R64d848XPTSsGSkA\/CFJUZQVlXL1KKxV+bnQdf1UPsDz1PPmbjyL4EK6OeF\/ibhe\" \/><\/div>\n<\/fieldset>\n<\/div>\n\n<\/form>\n<\/div>\n<\/div><\/div>\n","protected":false},"excerpt":{"rendered":"","protected":false},"author":1,"featured_media":0,"parent":0,"menu_order":0,"comment_status":"closed","ping_status":"closed","template":"","meta":{"_acf_changed":false,"_uag_custom_page_level_css":"","footnotes":""},"class_list":["post-1513","page","type-page","status-publish","hentry"],"acf":[],"yoast_head":"<!-- This site is optimized with the Yoast SEO plugin v27.3 - https:\/\/yoast.com\/product\/yoast-seo-wordpress\/ -->\n<title>Contactez-nous - Azur Drones<\/title>\n<meta name=\"robots\" content=\"index, follow, max-snippet:-1, max-image-preview:large, max-video-preview:-1\" \/>\n<link rel=\"canonical\" href=\"https:\/\/www.azurdrones.com\/fr\/contactez-nous\/\" \/>\n<meta property=\"og:locale\" content=\"fr_FR\" \/>\n<meta property=\"og:type\" content=\"article\" \/>\n<meta property=\"og:title\" content=\"Contactez-nous - Azur Drones\" \/>\n<meta property=\"og:url\" content=\"https:\/\/www.azurdrones.com\/fr\/contactez-nous\/\" \/>\n<meta property=\"og:site_name\" content=\"Azur Drones\" \/>\n<meta property=\"article:modified_time\" content=\"2025-05-19T09:58:47+00:00\" \/>\n<meta property=\"og:image\" content=\"https:\/\/www.azurdrones.com\/wp-content\/uploads\/2023\/03\/skt-e2-screenshot-video-reveal.png\" \/>\n\t<meta property=\"og:image:width\" content=\"1594\" \/>\n\t<meta property=\"og:image:height\" content=\"880\" \/>\n\t<meta property=\"og:image:type\" content=\"image\/png\" \/>\n<meta name=\"twitter:card\" content=\"summary_large_image\" \/>\n<meta name=\"twitter:label1\" content=\"Dur\u00e9e de lecture estim\u00e9e\" \/>\n\t<meta name=\"twitter:data1\" content=\"1 minute\" \/>\n<script type=\"application\/ld+json\" class=\"yoast-schema-graph\">{\"@context\":\"https:\\\/\\\/schema.org\",\"@graph\":[{\"@type\":\"WebPage\",\"@id\":\"https:\\\/\\\/www.azurdrones.com\\\/fr\\\/contactez-nous\\\/\",\"url\":\"https:\\\/\\\/www.azurdrones.com\\\/fr\\\/contactez-nous\\\/\",\"name\":\"Contactez-nous - Azur Drones\",\"isPartOf\":{\"@id\":\"https:\\\/\\\/www.azurdrones.com\\\/fr\\\/#website\"},\"datePublished\":\"2023-03-09T14:38:57+00:00\",\"dateModified\":\"2025-05-19T09:58:47+00:00\",\"breadcrumb\":{\"@id\":\"https:\\\/\\\/www.azurdrones.com\\\/fr\\\/contactez-nous\\\/#breadcrumb\"},\"inLanguage\":\"fr-FR\",\"potentialAction\":[{\"@type\":\"ReadAction\",\"target\":[\"https:\\\/\\\/www.azurdrones.com\\\/fr\\\/contactez-nous\\\/\"]}]},{\"@type\":\"BreadcrumbList\",\"@id\":\"https:\\\/\\\/www.azurdrones.com\\\/fr\\\/contactez-nous\\\/#breadcrumb\",\"itemListElement\":[{\"@type\":\"ListItem\",\"position\":1,\"name\":\"Accueil\",\"item\":\"https:\\\/\\\/www.azurdrones.com\\\/fr\\\/\"},{\"@type\":\"ListItem\",\"position\":2,\"name\":\"Contactez-nous\"}]},{\"@type\":\"WebSite\",\"@id\":\"https:\\\/\\\/www.azurdrones.com\\\/fr\\\/#website\",\"url\":\"https:\\\/\\\/www.azurdrones.com\\\/fr\\\/\",\"name\":\"Azur Drones\",\"description\":\"Autonomous aerial surveillance\",\"publisher\":{\"@id\":\"https:\\\/\\\/www.azurdrones.com\\\/fr\\\/#organization\"},\"potentialAction\":[{\"@type\":\"SearchAction\",\"target\":{\"@type\":\"EntryPoint\",\"urlTemplate\":\"https:\\\/\\\/www.azurdrones.com\\\/fr\\\/?s={search_term_string}\"},\"query-input\":{\"@type\":\"PropertyValueSpecification\",\"valueRequired\":true,\"valueName\":\"search_term_string\"}}],\"inLanguage\":\"fr-FR\"},{\"@type\":\"Organization\",\"@id\":\"https:\\\/\\\/www.azurdrones.com\\\/fr\\\/#organization\",\"name\":\"Azur Drones\",\"url\":\"https:\\\/\\\/www.azurdrones.com\\\/fr\\\/\",\"logo\":{\"@type\":\"ImageObject\",\"inLanguage\":\"fr-FR\",\"@id\":\"https:\\\/\\\/www.azurdrones.com\\\/fr\\\/#\\\/schema\\\/logo\\\/image\\\/\",\"url\":\"https:\\\/\\\/www.azurdrones.com\\\/wp-content\\\/uploads\\\/2023\\\/03\\\/logo-azur-drones.png\",\"contentUrl\":\"https:\\\/\\\/www.azurdrones.com\\\/wp-content\\\/uploads\\\/2023\\\/03\\\/logo-azur-drones.png\",\"width\":738,\"height\":96,\"caption\":\"Azur Drones\"},\"image\":{\"@id\":\"https:\\\/\\\/www.azurdrones.com\\\/fr\\\/#\\\/schema\\\/logo\\\/image\\\/\"}}]}<\/script>\n<!-- \/ Yoast SEO plugin. -->","yoast_head_json":{"title":"Contactez-nous - Azur Drones","robots":{"index":"index","follow":"follow","max-snippet":"max-snippet:-1","max-image-preview":"max-image-preview:large","max-video-preview":"max-video-preview:-1"},"canonical":"https:\/\/www.azurdrones.com\/fr\/contactez-nous\/","og_locale":"fr_FR","og_type":"article","og_title":"Contactez-nous - Azur Drones","og_url":"https:\/\/www.azurdrones.com\/fr\/contactez-nous\/","og_site_name":"Azur Drones","article_modified_time":"2025-05-19T09:58:47+00:00","og_image":[{"width":1594,"height":880,"url":"https:\/\/www.azurdrones.com\/wp-content\/uploads\/2023\/03\/skt-e2-screenshot-video-reveal.png","type":"image\/png"}],"twitter_card":"summary_large_image","twitter_misc":{"Dur\u00e9e de lecture estim\u00e9e":"1 minute"},"schema":{"@context":"https:\/\/schema.org","@graph":[{"@type":"WebPage","@id":"https:\/\/www.azurdrones.com\/fr\/contactez-nous\/","url":"https:\/\/www.azurdrones.com\/fr\/contactez-nous\/","name":"Contactez-nous - Azur Drones","isPartOf":{"@id":"https:\/\/www.azurdrones.com\/fr\/#website"},"datePublished":"2023-03-09T14:38:57+00:00","dateModified":"2025-05-19T09:58:47+00:00","breadcrumb":{"@id":"https:\/\/www.azurdrones.com\/fr\/contactez-nous\/#breadcrumb"},"inLanguage":"fr-FR","potentialAction":[{"@type":"ReadAction","target":["https:\/\/www.azurdrones.com\/fr\/contactez-nous\/"]}]},{"@type":"BreadcrumbList","@id":"https:\/\/www.azurdrones.com\/fr\/contactez-nous\/#breadcrumb","itemListElement":[{"@type":"ListItem","position":1,"name":"Accueil","item":"https:\/\/www.azurdrones.com\/fr\/"},{"@type":"ListItem","position":2,"name":"Contactez-nous"}]},{"@type":"WebSite","@id":"https:\/\/www.azurdrones.com\/fr\/#website","url":"https:\/\/www.azurdrones.com\/fr\/","name":"Azur Drones","description":"Autonomous aerial surveillance","publisher":{"@id":"https:\/\/www.azurdrones.com\/fr\/#organization"},"potentialAction":[{"@type":"SearchAction","target":{"@type":"EntryPoint","urlTemplate":"https:\/\/www.azurdrones.com\/fr\/?s={search_term_string}"},"query-input":{"@type":"PropertyValueSpecification","valueRequired":true,"valueName":"search_term_string"}}],"inLanguage":"fr-FR"},{"@type":"Organization","@id":"https:\/\/www.azurdrones.com\/fr\/#organization","name":"Azur Drones","url":"https:\/\/www.azurdrones.com\/fr\/","logo":{"@type":"ImageObject","inLanguage":"fr-FR","@id":"https:\/\/www.azurdrones.com\/fr\/#\/schema\/logo\/image\/","url":"https:\/\/www.azurdrones.com\/wp-content\/uploads\/2023\/03\/logo-azur-drones.png","contentUrl":"https:\/\/www.azurdrones.com\/wp-content\/uploads\/2023\/03\/logo-azur-drones.png","width":738,"height":96,"caption":"Azur Drones"},"image":{"@id":"https:\/\/www.azurdrones.com\/fr\/#\/schema\/logo\/image\/"}}]}},"uagb_featured_image_src":{"full":false,"thumbnail":false,"medium":false,"medium_large":false,"large":false,"1536x1536":false,"2048x2048":false,"full_width":false},"uagb_author_info":{"display_name":"bougetonweb","author_link":"https:\/\/www.azurdrones.com\/fr\/author\/bougetonweb\/"},"uagb_comment_info":0,"uagb_excerpt":null,"_links":{"self":[{"href":"https:\/\/www.azurdrones.com\/fr\/wp-json\/wp\/v2\/pages\/1513","targetHints":{"allow":["GET"]}}],"collection":[{"href":"https:\/\/www.azurdrones.com\/fr\/wp-json\/wp\/v2\/pages"}],"about":[{"href":"https:\/\/www.azurdrones.com\/fr\/wp-json\/wp\/v2\/types\/page"}],"author":[{"embeddable":true,"href":"https:\/\/www.azurdrones.com\/fr\/wp-json\/wp\/v2\/users\/1"}],"replies":[{"embeddable":true,"href":"https:\/\/www.azurdrones.com\/fr\/wp-json\/wp\/v2\/comments?post=1513"}],"version-history":[{"count":586,"href":"https:\/\/www.azurdrones.com\/fr\/wp-json\/wp\/v2\/pages\/1513\/revisions"}],"predecessor-version":[{"id":4153,"href":"https:\/\/www.azurdrones.com\/fr\/wp-json\/wp\/v2\/pages\/1513\/revisions\/4153"}],"wp:attachment":[{"href":"https:\/\/www.azurdrones.com\/fr\/wp-json\/wp\/v2\/media?parent=1513"}],"curies":[{"name":"wp","href":"https:\/\/api.w.org\/{rel}","templated":true}]}}