{"id":1578,"date":"2023-03-31T15:25:36","date_gmt":"2023-03-31T13:25:36","guid":{"rendered":"https:\/\/www.azurdrones.com\/applications\/photogrammetrie\/"},"modified":"2023-04-27T12:00:40","modified_gmt":"2023-04-27T10:00:40","slug":"photogrammetrie","status":"publish","type":"page","link":"https:\/\/www.azurdrones.com\/fr\/applications\/photogrammetrie\/","title":{"rendered":"Photogramm\u00e9trie"},"content":{"rendered":"\n<div class=\"wp-block-cover alignfull is-light has-parallax banniere-intro\" style=\"min-height:90vh;aspect-ratio:unset;\"><span aria-hidden=\"true\" class=\"wp-block-cover__background has-secondary-background-color has-background-dim-40 has-background-dim\"><\/span><div role=\"img\" class=\"wp-block-cover__image-background wp-image-1495 has-parallax\" style=\"background-position:50% 50%;background-image:url(https:\/\/www.azurdrones.com\/wp-content\/uploads\/2023\/04\/work-of-heavy-equipment-in-an-open-pit-scaled.jpg)\"><\/div><div class=\"wp-block-cover__inner-container is-layout-flow wp-block-cover-is-layout-flow\">\n<h1 class=\"wp-block-heading has-white-color has-text-color\">Automatisez vos missions de photogramm\u00e9trie et acc\u00e9dez \u00e0 des donn\u00e9es de la plus grande pr\u00e9cision.<\/h1>\n<\/div><\/div>\n\n\n\n<div style=\"height:75px\" aria-hidden=\"true\" class=\"wp-block-spacer\"><\/div>\n\n\n\n<div class=\"wp-block-media-text alignfull has-media-on-the-right is-stacked-on-mobile is-image-fill\"><div class=\"wp-block-media-text__content\">\n<h2 class=\"wp-block-heading\">Skeyetech E2 : une approche simple et efficace pour mesurer et mod\u00e9liser vos sites et infrastructures.<\/h2>\n\n\n\n<p>Equip\u00e9 d\u2019une cam\u00e9ra photogramm\u00e9trique, Skeyetech E2 vous permet d\u2019am\u00e9liorer la gestion et le suivi de vos activit\u00e9s mini\u00e8res ou de vos travaux de construction.<\/p>\n<\/div><figure class=\"wp-block-media-text__media\" style=\"background-image:url(https:\/\/www.azurdrones.com\/wp-content\/uploads\/2023\/04\/photogrammetry_example-1110x529.png);background-position:50% 50%\"><img loading=\"lazy\" decoding=\"async\" width=\"1110\" height=\"529\" src=\"https:\/\/www.azurdrones.com\/wp-content\/uploads\/2023\/04\/photogrammetry_example-1110x529.png\" alt=\"\" class=\"wp-image-3607 size-full\" srcset=\"https:\/\/www.azurdrones.com\/wp-content\/uploads\/2023\/04\/photogrammetry_example-1110x529.png 1110w, https:\/\/www.azurdrones.com\/wp-content\/uploads\/2023\/04\/photogrammetry_example-550x262.png 550w, https:\/\/www.azurdrones.com\/wp-content\/uploads\/2023\/04\/photogrammetry_example-768x366.png 768w, https:\/\/www.azurdrones.com\/wp-content\/uploads\/2023\/04\/photogrammetry_example.png 1489w\" sizes=\"auto, (max-width: 1110px) 100vw, 1110px\" \/><\/figure><\/div>\n\n\n\n<div style=\"height:75px\" aria-hidden=\"true\" class=\"wp-block-spacer\"><\/div>\n\n\n    <div id=\"btw_cards_with_hover-block_0a9777c1dcfc704c6c42974291e4a51b\" class=\"btw_cards_with_hover alignfull\">\n\t\t<div class=\"cards_with_hover grid_cards grid_cards--page grid_cards--columns2\" id=\"cards_with_hover-btw_cards_with_hover-block_0a9777c1dcfc704c6c42974291e4a51b\">\n\t\t\t\t\t\t\t\t\t\t\t\t<div class=\"post_card type-card-with-hover\">\n\t\t\t\t\t\t<div class=\"post_card__img\">\n\t\t\t\t\t\t\t<figure class=\"post_card__img__figure\">\n\t\t\t\t\t\t\t\t<img loading=\"lazy\" decoding=\"async\" width=\"1110\" height=\"740\" src=\"https:\/\/www.azurdrones.com\/wp-content\/uploads\/2023\/04\/adobestock_278828507-1110x740.jpeg\" class=\"attachment-large size-large wp-image-1485\" alt=\"\" srcset=\"https:\/\/www.azurdrones.com\/wp-content\/uploads\/2023\/04\/adobestock_278828507-1110x740.jpeg 1110w, https:\/\/www.azurdrones.com\/wp-content\/uploads\/2023\/04\/adobestock_278828507-550x367.jpeg 550w, https:\/\/www.azurdrones.com\/wp-content\/uploads\/2023\/04\/adobestock_278828507-768x512.jpeg 768w, https:\/\/www.azurdrones.com\/wp-content\/uploads\/2023\/04\/adobestock_278828507-1536x1024.jpeg 1536w, https:\/\/www.azurdrones.com\/wp-content\/uploads\/2023\/04\/adobestock_278828507-2048x1365.jpeg 2048w\" sizes=\"auto, (max-width: 1110px) 100vw, 1110px\" \/>\t\t\t\t\t\t\t<\/figure>\n\t\t\t\t\t\t<\/div>\n\t\t\t\t\t\t<div class=\"post_card__body\">\n\t\t\t\t\t\t\t<h3 class=\"post_card__body__title\">Optimisation des op\u00e9rations mini\u00e8res<\/h3>\n\t\t\t\t\t\t\t<div class=\"post_card__body__content\"><ul>\n<li>R\u00e9duction des co\u00fbts ;<\/li>\n<li>Am\u00e9lioration de la s\u00e9curit\u00e9 des topographes et autres intervenants ;<\/li>\n<li>Traitement possible avec des logiciels sp\u00e9cialis\u00e9s ;<\/li>\n<li>Suivi de la production.<\/li>\n<\/ul>\n<\/div>\n\t\t\t\t\t\t<\/div>\n\t\t\t\t\t<\/div>\n\t\t\t\t\t\t\t\t\t\t\t\t\t\t\t\t<div class=\"post_card type-card-with-hover\">\n\t\t\t\t\t\t<div class=\"post_card__img\">\n\t\t\t\t\t\t\t<figure class=\"post_card__img__figure\">\n\t\t\t\t\t\t\t\t<img loading=\"lazy\" decoding=\"async\" width=\"1110\" height=\"740\" src=\"https:\/\/www.azurdrones.com\/wp-content\/uploads\/2023\/04\/photogrammetry_mines_master-1110x740.jpg\" class=\"attachment-large size-large wp-image-2568\" alt=\"\" srcset=\"https:\/\/www.azurdrones.com\/wp-content\/uploads\/2023\/04\/photogrammetry_mines_master-1110x740.jpg 1110w, https:\/\/www.azurdrones.com\/wp-content\/uploads\/2023\/04\/photogrammetry_mines_master-550x367.jpg 550w, https:\/\/www.azurdrones.com\/wp-content\/uploads\/2023\/04\/photogrammetry_mines_master-768x512.jpg 768w, https:\/\/www.azurdrones.com\/wp-content\/uploads\/2023\/04\/photogrammetry_mines_master-1536x1024.jpg 1536w, https:\/\/www.azurdrones.com\/wp-content\/uploads\/2023\/04\/photogrammetry_mines_master-2048x1366.jpg 2048w\" sizes=\"auto, (max-width: 1110px) 100vw, 1110px\" \/>\t\t\t\t\t\t\t<\/figure>\n\t\t\t\t\t\t<\/div>\n\t\t\t\t\t\t<div class=\"post_card__body\">\n\t\t\t\t\t\t\t<h3 class=\"post_card__body__title\">Obtention de donn\u00e9es techniques pr\u00e9cises<\/h3>\n\t\t\t\t\t\t\t<div class=\"post_card__body__content\"><ul>\n<li>Mesures d\u2019\u00e9l\u00e9ments vari\u00e9s ;<\/li>\n<li>Cartographie 3D ;<\/li>\n<li>Inspection des extractions et des stocks ;<\/li>\n<li>Num\u00e9risation.<\/li>\n<\/ul>\n<\/div>\n\t\t\t\t\t\t<\/div>\n\t\t\t\t\t<\/div>\n\t\t\t\t\t\t\t\t\t\t\t\t\t\t\t\t<div class=\"post_card type-card-with-hover\">\n\t\t\t\t\t\t<div class=\"post_card__img\">\n\t\t\t\t\t\t\t<figure class=\"post_card__img__figure\">\n\t\t\t\t\t\t\t\t<img loading=\"lazy\" decoding=\"async\" width=\"1110\" height=\"685\" src=\"https:\/\/www.azurdrones.com\/wp-content\/uploads\/2023\/04\/adobestock_298865863-1110x685.jpeg\" class=\"attachment-large size-large wp-image-2902\" alt=\"\" srcset=\"https:\/\/www.azurdrones.com\/wp-content\/uploads\/2023\/04\/adobestock_298865863-1110x685.jpeg 1110w, https:\/\/www.azurdrones.com\/wp-content\/uploads\/2023\/04\/adobestock_298865863-550x339.jpeg 550w, https:\/\/www.azurdrones.com\/wp-content\/uploads\/2023\/04\/adobestock_298865863-768x474.jpeg 768w, https:\/\/www.azurdrones.com\/wp-content\/uploads\/2023\/04\/adobestock_298865863-1536x948.jpeg 1536w, https:\/\/www.azurdrones.com\/wp-content\/uploads\/2023\/04\/adobestock_298865863-2048x1264.jpeg 2048w\" sizes=\"auto, (max-width: 1110px) 100vw, 1110px\" \/>\t\t\t\t\t\t\t<\/figure>\n\t\t\t\t\t\t<\/div>\n\t\t\t\t\t\t<div class=\"post_card__body\">\n\t\t\t\t\t\t\t<h3 class=\"post_card__body__title\">CONTR\u00d4LE DES TRAVAUX DE CONSTRUCTION<\/h3>\n\t\t\t\t\t\t\t<div class=\"post_card__body__content\"><ul>\n<li>Suivi des travaux en cours ;<\/li>\n<li>Inventaire r\u00e9current et compar\u00e9.<\/li>\n<\/ul>\n<\/div>\n\t\t\t\t\t\t<\/div>\n\t\t\t\t\t<\/div>\n\t\t\t\t\t\t\t\t\t<\/div>\n    <\/div>\n    \n\n\n<div style=\"height:75px\" aria-hidden=\"true\" class=\"wp-block-spacer\"><\/div>\n\n\n\n<div class=\"wp-block-media-text alignfull has-media-on-the-right is-stacked-on-mobile is-image-fill\"><div class=\"wp-block-media-text__content\">\n<h2 class=\"wp-block-heading\">Identifiez les missions que Skeyetech E2 peut assurer <\/h2>\n\n\n\n<p>Gr\u00e2ce \u00e0 son optique 26MP, Skeyetech E2 effectue des missions de photogramm\u00e9trie afin de surveiller l&rsquo;activit\u00e9 des mines, les travaux de construction ou encore faire de l&rsquo;inspection d\u00e9taill\u00e9e.<\/p>\n<\/div><figure class=\"wp-block-media-text__media\" style=\"background-image:url(https:\/\/www.azurdrones.com\/wp-content\/uploads\/2023\/03\/conveyor-belts-mine-background-1110x624.jpg);background-position:50% 50%\"><img loading=\"lazy\" decoding=\"async\" width=\"1110\" height=\"624\" src=\"https:\/\/www.azurdrones.com\/wp-content\/uploads\/2023\/03\/conveyor-belts-mine-background-1110x624.jpg\" alt=\"\" class=\"wp-image-692 size-full\" srcset=\"https:\/\/www.azurdrones.com\/wp-content\/uploads\/2023\/03\/conveyor-belts-mine-background-1110x624.jpg 1110w, https:\/\/www.azurdrones.com\/wp-content\/uploads\/2023\/03\/conveyor-belts-mine-background-550x309.jpg 550w, https:\/\/www.azurdrones.com\/wp-content\/uploads\/2023\/03\/conveyor-belts-mine-background-768x432.jpg 768w, https:\/\/www.azurdrones.com\/wp-content\/uploads\/2023\/03\/conveyor-belts-mine-background-1536x864.jpg 1536w, https:\/\/www.azurdrones.com\/wp-content\/uploads\/2023\/03\/conveyor-belts-mine-background-2048x1152.jpg 2048w\" sizes=\"auto, (max-width: 1110px) 100vw, 1110px\" \/><\/figure><\/div>\n\n\n\n<div style=\"height:75px\" aria-hidden=\"true\" class=\"wp-block-spacer\"><\/div>\n\n\n\n<div class=\"wp-block-columns is-layout-flex wp-container-core-columns-is-layout-9d6595d7 wp-block-columns-is-layout-flex\">\n<div class=\"wp-block-column has-secondary-light-background-color has-background is-layout-flow wp-block-column-is-layout-flow\">\n<h4 class=\"wp-block-heading has-text-align-center\">Mesures <\/h4>\n\n\n\n<hr class=\"wp-block-separator has-alpha-channel-opacity\"\/>\n\n\n\n<p class=\"has-text-align-center has-small-font-size\">distances, surfaces, dimensions, volumes et pentes<\/p>\n<\/div>\n\n\n\n<div class=\"wp-block-column has-secondary-light-background-color has-background is-layout-flow wp-block-column-is-layout-flow\">\n<h4 class=\"wp-block-heading has-text-align-center\">Suivi <\/h4>\n\n\n\n<hr class=\"wp-block-separator has-alpha-channel-opacity\"\/>\n\n\n\n<p class=\"has-text-align-center has-small-font-size\">estimation des stocks et des piles, avancement des travaux<\/p>\n<\/div>\n\n\n\n<div class=\"wp-block-column has-secondary-light-background-color has-background is-layout-flow wp-block-column-is-layout-flow\">\n<h4 class=\"wp-block-heading has-text-align-center\">Surveillance<\/h4>\n\n\n\n<hr class=\"wp-block-separator has-alpha-channel-opacity\"\/>\n\n\n\n<p class=\"has-text-align-center has-small-font-size\">cartographie 3D, balayage du sol, inspection des piles en 3D<\/p>\n<\/div>\n<\/div>\n\n\n\n<div class=\"wp-block-buttons is-content-justification-center is-layout-flex wp-container-core-buttons-is-layout-16018d1d wp-block-buttons-is-layout-flex\">\n<div class=\"wp-block-button is-style-outline is-style-outline--1\"><a class=\"wp-block-button__link wp-element-button\" href=\"https:\/\/www.azurdrones.com\/fr\/solution\/skeyetech-e2\/\">PRINCIPAUX ATOUTS De SKEYETECH E2<\/a><\/div>\n<\/div>\n\n\n\n<div style=\"height:75px\" aria-hidden=\"true\" class=\"wp-block-spacer\"><\/div>\n\n\n\n<div class=\"wp-block-cover alignfull is-light\" style=\"min-height:30vw;aspect-ratio:unset;\"><span aria-hidden=\"true\" class=\"wp-block-cover__background has-background-dim-0 has-background-dim\"><\/span><img loading=\"lazy\" decoding=\"async\" width=\"2560\" height=\"1438\" class=\"wp-block-cover__image-background wp-image-2598\" alt=\"\" src=\"https:\/\/www.azurdrones.com\/wp-content\/uploads\/2023\/04\/large-quarry-during-work-hours-aerial-image-scaled.jpg\" data-object-fit=\"cover\" srcset=\"https:\/\/www.azurdrones.com\/wp-content\/uploads\/2023\/04\/large-quarry-during-work-hours-aerial-image-scaled.jpg 2560w, https:\/\/www.azurdrones.com\/wp-content\/uploads\/2023\/04\/large-quarry-during-work-hours-aerial-image-550x309.jpg 550w, https:\/\/www.azurdrones.com\/wp-content\/uploads\/2023\/04\/large-quarry-during-work-hours-aerial-image-1110x624.jpg 1110w, https:\/\/www.azurdrones.com\/wp-content\/uploads\/2023\/04\/large-quarry-during-work-hours-aerial-image-768x432.jpg 768w, https:\/\/www.azurdrones.com\/wp-content\/uploads\/2023\/04\/large-quarry-during-work-hours-aerial-image-1536x863.jpg 1536w, https:\/\/www.azurdrones.com\/wp-content\/uploads\/2023\/04\/large-quarry-during-work-hours-aerial-image-2048x1151.jpg 2048w\" sizes=\"auto, (max-width: 2560px) 100vw, 2560px\" \/><div class=\"wp-block-cover__inner-container is-layout-flow wp-block-cover-is-layout-flow\">\n<p class=\"has-text-align-center has-large-font-size\"><\/p>\n<\/div><\/div>\n\n\n\n<div class=\"wp-block-cover alignfull is-light has-parallax\"><span aria-hidden=\"true\" class=\"wp-block-cover__background has-background-dim-0 has-background-dim\"><\/span><div role=\"img\" class=\"wp-block-cover__image-background wp-image-97 has-parallax\" style=\"background-position:50% 50%;background-image:url(https:\/\/www.azurdrones.com\/wp-content\/uploads\/2023\/03\/background-waves.jpg)\"><\/div><div class=\"wp-block-cover__inner-container is-layout-flow wp-block-cover-is-layout-flow\">\n<h2 class=\"wp-block-heading has-text-align-left\">Ils font confiance \u00e0 Azur Drones<\/h2>\n\n\n<\/div><\/div>\n","protected":false},"excerpt":{"rendered":"<p>Skeyetech E2 : une approche simple et efficace pour mesurer et mod\u00e9liser vos sites et infrastructures. Equip\u00e9 d\u2019une cam\u00e9ra photogramm\u00e9trique, Skeyetech E2 vous permet d\u2019am\u00e9liorer<\/p>\n","protected":false},"author":7,"featured_media":692,"parent":1373,"menu_order":0,"comment_status":"closed","ping_status":"closed","template":"","meta":{"_acf_changed":false,"_uag_custom_page_level_css":"","footnotes":""},"class_list":["post-1578","page","type-page","status-publish","has-post-thumbnail","hentry"],"acf":[],"yoast_head":"<!-- This site is optimized with the Yoast SEO plugin v27.3 - https:\/\/yoast.com\/product\/yoast-seo-wordpress\/ -->\n<title>Photogramm\u00e9trie - Azur Drones<\/title>\n<meta name=\"description\" content=\"Automatisez vos missions de photogramm\u00e9trie et acc\u00e9dez \u00e0 des donn\u00e9es de la plus grande pr\u00e9cision. Equip\u00e9 d\u2019une cam\u00e9ra photogramm\u00e9trique, Skeyetech E2 vous permet d\u2019am\u00e9liorer la gestion et le suivi de vos activit\u00e9s mini\u00e8res ou de vos travaux de construction.\" \/>\n<meta name=\"robots\" content=\"index, follow, max-snippet:-1, max-image-preview:large, max-video-preview:-1\" \/>\n<link rel=\"canonical\" href=\"https:\/\/www.azurdrones.com\/fr\/applications\/photogrammetrie\/\" \/>\n<meta property=\"og:locale\" content=\"fr_FR\" \/>\n<meta property=\"og:type\" content=\"article\" \/>\n<meta property=\"og:title\" content=\"Photogramm\u00e9trie - Azur Drones\" \/>\n<meta property=\"og:description\" content=\"Automatisez vos missions de photogramm\u00e9trie et acc\u00e9dez \u00e0 des donn\u00e9es de la plus grande pr\u00e9cision. Equip\u00e9 d\u2019une cam\u00e9ra photogramm\u00e9trique, Skeyetech E2 vous permet d\u2019am\u00e9liorer la gestion et le suivi de vos activit\u00e9s mini\u00e8res ou de vos travaux de construction.\" \/>\n<meta property=\"og:url\" content=\"https:\/\/www.azurdrones.com\/fr\/applications\/photogrammetrie\/\" \/>\n<meta property=\"og:site_name\" content=\"Azur Drones\" \/>\n<meta property=\"article:modified_time\" content=\"2023-04-27T10:00:40+00:00\" \/>\n<meta property=\"og:image\" content=\"https:\/\/www.azurdrones.com\/wp-content\/uploads\/2023\/03\/conveyor-belts-mine-background.jpg\" \/>\n\t<meta property=\"og:image:width\" content=\"2560\" \/>\n\t<meta property=\"og:image:height\" content=\"1440\" \/>\n\t<meta property=\"og:image:type\" content=\"image\/jpeg\" \/>\n<meta name=\"twitter:card\" content=\"summary_large_image\" \/>\n<meta name=\"twitter:label1\" content=\"Dur\u00e9e de lecture estim\u00e9e\" \/>\n\t<meta name=\"twitter:data1\" content=\"2 minutes\" \/>\n<script type=\"application\/ld+json\" class=\"yoast-schema-graph\">{\"@context\":\"https:\\\/\\\/schema.org\",\"@graph\":[{\"@type\":\"WebPage\",\"@id\":\"https:\\\/\\\/www.azurdrones.com\\\/fr\\\/applications\\\/photogrammetrie\\\/\",\"url\":\"https:\\\/\\\/www.azurdrones.com\\\/fr\\\/applications\\\/photogrammetrie\\\/\",\"name\":\"Photogramm\u00e9trie - Azur Drones\",\"isPartOf\":{\"@id\":\"https:\\\/\\\/www.azurdrones.com\\\/fr\\\/#website\"},\"primaryImageOfPage\":{\"@id\":\"https:\\\/\\\/www.azurdrones.com\\\/fr\\\/applications\\\/photogrammetrie\\\/#primaryimage\"},\"image\":{\"@id\":\"https:\\\/\\\/www.azurdrones.com\\\/fr\\\/applications\\\/photogrammetrie\\\/#primaryimage\"},\"thumbnailUrl\":\"https:\\\/\\\/www.azurdrones.com\\\/wp-content\\\/uploads\\\/2023\\\/03\\\/conveyor-belts-mine-background.jpg\",\"datePublished\":\"2023-03-31T13:25:36+00:00\",\"dateModified\":\"2023-04-27T10:00:40+00:00\",\"description\":\"Automatisez vos missions de photogramm\u00e9trie et acc\u00e9dez \u00e0 des donn\u00e9es de la plus grande pr\u00e9cision. Equip\u00e9 d\u2019une cam\u00e9ra photogramm\u00e9trique, Skeyetech E2 vous permet d\u2019am\u00e9liorer la gestion et le suivi de vos activit\u00e9s mini\u00e8res ou de vos travaux de construction.\",\"breadcrumb\":{\"@id\":\"https:\\\/\\\/www.azurdrones.com\\\/fr\\\/applications\\\/photogrammetrie\\\/#breadcrumb\"},\"inLanguage\":\"fr-FR\",\"potentialAction\":[{\"@type\":\"ReadAction\",\"target\":[\"https:\\\/\\\/www.azurdrones.com\\\/fr\\\/applications\\\/photogrammetrie\\\/\"]}]},{\"@type\":\"ImageObject\",\"inLanguage\":\"fr-FR\",\"@id\":\"https:\\\/\\\/www.azurdrones.com\\\/fr\\\/applications\\\/photogrammetrie\\\/#primaryimage\",\"url\":\"https:\\\/\\\/www.azurdrones.com\\\/wp-content\\\/uploads\\\/2023\\\/03\\\/conveyor-belts-mine-background.jpg\",\"contentUrl\":\"https:\\\/\\\/www.azurdrones.com\\\/wp-content\\\/uploads\\\/2023\\\/03\\\/conveyor-belts-mine-background.jpg\",\"width\":2560,\"height\":1440},{\"@type\":\"BreadcrumbList\",\"@id\":\"https:\\\/\\\/www.azurdrones.com\\\/fr\\\/applications\\\/photogrammetrie\\\/#breadcrumb\",\"itemListElement\":[{\"@type\":\"ListItem\",\"position\":1,\"name\":\"Accueil\",\"item\":\"https:\\\/\\\/www.azurdrones.com\\\/fr\\\/\"},{\"@type\":\"ListItem\",\"position\":2,\"name\":\"Applications\",\"item\":\"https:\\\/\\\/www.azurdrones.com\\\/fr\\\/applications\\\/\"},{\"@type\":\"ListItem\",\"position\":3,\"name\":\"Photogramm\u00e9trie\"}]},{\"@type\":\"WebSite\",\"@id\":\"https:\\\/\\\/www.azurdrones.com\\\/fr\\\/#website\",\"url\":\"https:\\\/\\\/www.azurdrones.com\\\/fr\\\/\",\"name\":\"Azur Drones\",\"description\":\"Autonomous aerial surveillance\",\"publisher\":{\"@id\":\"https:\\\/\\\/www.azurdrones.com\\\/fr\\\/#organization\"},\"potentialAction\":[{\"@type\":\"SearchAction\",\"target\":{\"@type\":\"EntryPoint\",\"urlTemplate\":\"https:\\\/\\\/www.azurdrones.com\\\/fr\\\/?s={search_term_string}\"},\"query-input\":{\"@type\":\"PropertyValueSpecification\",\"valueRequired\":true,\"valueName\":\"search_term_string\"}}],\"inLanguage\":\"fr-FR\"},{\"@type\":\"Organization\",\"@id\":\"https:\\\/\\\/www.azurdrones.com\\\/fr\\\/#organization\",\"name\":\"Azur Drones\",\"url\":\"https:\\\/\\\/www.azurdrones.com\\\/fr\\\/\",\"logo\":{\"@type\":\"ImageObject\",\"inLanguage\":\"fr-FR\",\"@id\":\"https:\\\/\\\/www.azurdrones.com\\\/fr\\\/#\\\/schema\\\/logo\\\/image\\\/\",\"url\":\"https:\\\/\\\/www.azurdrones.com\\\/wp-content\\\/uploads\\\/2023\\\/03\\\/logo-azur-drones.png\",\"contentUrl\":\"https:\\\/\\\/www.azurdrones.com\\\/wp-content\\\/uploads\\\/2023\\\/03\\\/logo-azur-drones.png\",\"width\":738,\"height\":96,\"caption\":\"Azur Drones\"},\"image\":{\"@id\":\"https:\\\/\\\/www.azurdrones.com\\\/fr\\\/#\\\/schema\\\/logo\\\/image\\\/\"}}]}<\/script>\n<!-- \/ Yoast SEO plugin. -->","yoast_head_json":{"title":"Photogramm\u00e9trie - Azur Drones","description":"Automatisez vos missions de photogramm\u00e9trie et acc\u00e9dez \u00e0 des donn\u00e9es de la plus grande pr\u00e9cision. Equip\u00e9 d\u2019une cam\u00e9ra photogramm\u00e9trique, Skeyetech E2 vous permet d\u2019am\u00e9liorer la gestion et le suivi de vos activit\u00e9s mini\u00e8res ou de vos travaux de construction.","robots":{"index":"index","follow":"follow","max-snippet":"max-snippet:-1","max-image-preview":"max-image-preview:large","max-video-preview":"max-video-preview:-1"},"canonical":"https:\/\/www.azurdrones.com\/fr\/applications\/photogrammetrie\/","og_locale":"fr_FR","og_type":"article","og_title":"Photogramm\u00e9trie - Azur Drones","og_description":"Automatisez vos missions de photogramm\u00e9trie et acc\u00e9dez \u00e0 des donn\u00e9es de la plus grande pr\u00e9cision. Equip\u00e9 d\u2019une cam\u00e9ra photogramm\u00e9trique, Skeyetech E2 vous permet d\u2019am\u00e9liorer la gestion et le suivi de vos activit\u00e9s mini\u00e8res ou de vos travaux de construction.","og_url":"https:\/\/www.azurdrones.com\/fr\/applications\/photogrammetrie\/","og_site_name":"Azur Drones","article_modified_time":"2023-04-27T10:00:40+00:00","og_image":[{"width":2560,"height":1440,"url":"https:\/\/www.azurdrones.com\/wp-content\/uploads\/2023\/03\/conveyor-belts-mine-background.jpg","type":"image\/jpeg"}],"twitter_card":"summary_large_image","twitter_misc":{"Dur\u00e9e de lecture estim\u00e9e":"2 minutes"},"schema":{"@context":"https:\/\/schema.org","@graph":[{"@type":"WebPage","@id":"https:\/\/www.azurdrones.com\/fr\/applications\/photogrammetrie\/","url":"https:\/\/www.azurdrones.com\/fr\/applications\/photogrammetrie\/","name":"Photogramm\u00e9trie - Azur Drones","isPartOf":{"@id":"https:\/\/www.azurdrones.com\/fr\/#website"},"primaryImageOfPage":{"@id":"https:\/\/www.azurdrones.com\/fr\/applications\/photogrammetrie\/#primaryimage"},"image":{"@id":"https:\/\/www.azurdrones.com\/fr\/applications\/photogrammetrie\/#primaryimage"},"thumbnailUrl":"https:\/\/www.azurdrones.com\/wp-content\/uploads\/2023\/03\/conveyor-belts-mine-background.jpg","datePublished":"2023-03-31T13:25:36+00:00","dateModified":"2023-04-27T10:00:40+00:00","description":"Automatisez vos missions de photogramm\u00e9trie et acc\u00e9dez \u00e0 des donn\u00e9es de la plus grande pr\u00e9cision. Equip\u00e9 d\u2019une cam\u00e9ra photogramm\u00e9trique, Skeyetech E2 vous permet d\u2019am\u00e9liorer la gestion et le suivi de vos activit\u00e9s mini\u00e8res ou de vos travaux de construction.","breadcrumb":{"@id":"https:\/\/www.azurdrones.com\/fr\/applications\/photogrammetrie\/#breadcrumb"},"inLanguage":"fr-FR","potentialAction":[{"@type":"ReadAction","target":["https:\/\/www.azurdrones.com\/fr\/applications\/photogrammetrie\/"]}]},{"@type":"ImageObject","inLanguage":"fr-FR","@id":"https:\/\/www.azurdrones.com\/fr\/applications\/photogrammetrie\/#primaryimage","url":"https:\/\/www.azurdrones.com\/wp-content\/uploads\/2023\/03\/conveyor-belts-mine-background.jpg","contentUrl":"https:\/\/www.azurdrones.com\/wp-content\/uploads\/2023\/03\/conveyor-belts-mine-background.jpg","width":2560,"height":1440},{"@type":"BreadcrumbList","@id":"https:\/\/www.azurdrones.com\/fr\/applications\/photogrammetrie\/#breadcrumb","itemListElement":[{"@type":"ListItem","position":1,"name":"Accueil","item":"https:\/\/www.azurdrones.com\/fr\/"},{"@type":"ListItem","position":2,"name":"Applications","item":"https:\/\/www.azurdrones.com\/fr\/applications\/"},{"@type":"ListItem","position":3,"name":"Photogramm\u00e9trie"}]},{"@type":"WebSite","@id":"https:\/\/www.azurdrones.com\/fr\/#website","url":"https:\/\/www.azurdrones.com\/fr\/","name":"Azur Drones","description":"Autonomous aerial surveillance","publisher":{"@id":"https:\/\/www.azurdrones.com\/fr\/#organization"},"potentialAction":[{"@type":"SearchAction","target":{"@type":"EntryPoint","urlTemplate":"https:\/\/www.azurdrones.com\/fr\/?s={search_term_string}"},"query-input":{"@type":"PropertyValueSpecification","valueRequired":true,"valueName":"search_term_string"}}],"inLanguage":"fr-FR"},{"@type":"Organization","@id":"https:\/\/www.azurdrones.com\/fr\/#organization","name":"Azur Drones","url":"https:\/\/www.azurdrones.com\/fr\/","logo":{"@type":"ImageObject","inLanguage":"fr-FR","@id":"https:\/\/www.azurdrones.com\/fr\/#\/schema\/logo\/image\/","url":"https:\/\/www.azurdrones.com\/wp-content\/uploads\/2023\/03\/logo-azur-drones.png","contentUrl":"https:\/\/www.azurdrones.com\/wp-content\/uploads\/2023\/03\/logo-azur-drones.png","width":738,"height":96,"caption":"Azur Drones"},"image":{"@id":"https:\/\/www.azurdrones.com\/fr\/#\/schema\/logo\/image\/"}}]}},"uagb_featured_image_src":{"full":["https:\/\/www.azurdrones.com\/wp-content\/uploads\/2023\/03\/conveyor-belts-mine-background.jpg",2560,1440,false],"thumbnail":["https:\/\/www.azurdrones.com\/wp-content\/uploads\/2023\/03\/conveyor-belts-mine-background-300x300.jpg",300,300,true],"medium":["https:\/\/www.azurdrones.com\/wp-content\/uploads\/2023\/03\/conveyor-belts-mine-background-550x309.jpg",550,309,true],"medium_large":["https:\/\/www.azurdrones.com\/wp-content\/uploads\/2023\/03\/conveyor-belts-mine-background-768x432.jpg",768,432,true],"large":["https:\/\/www.azurdrones.com\/wp-content\/uploads\/2023\/03\/conveyor-belts-mine-background-1110x624.jpg",1110,624,true],"1536x1536":["https:\/\/www.azurdrones.com\/wp-content\/uploads\/2023\/03\/conveyor-belts-mine-background-1536x864.jpg",1536,864,true],"2048x2048":["https:\/\/www.azurdrones.com\/wp-content\/uploads\/2023\/03\/conveyor-belts-mine-background-2048x1152.jpg",2048,1152,true],"full_width":["https:\/\/www.azurdrones.com\/wp-content\/uploads\/2023\/03\/conveyor-belts-mine-background.jpg",2560,1440,false]},"uagb_author_info":{"display_name":"Marine Le Liepvre","author_link":"https:\/\/www.azurdrones.com\/fr\/author\/marine\/"},"uagb_comment_info":0,"uagb_excerpt":"Skeyetech E2 : une approche simple et efficace pour mesurer et mod\u00e9liser vos sites et infrastructures. Equip\u00e9 d\u2019une cam\u00e9ra photogramm\u00e9trique, Skeyetech E2 vous permet d\u2019am\u00e9liorer","_links":{"self":[{"href":"https:\/\/www.azurdrones.com\/fr\/wp-json\/wp\/v2\/pages\/1578","targetHints":{"allow":["GET"]}}],"collection":[{"href":"https:\/\/www.azurdrones.com\/fr\/wp-json\/wp\/v2\/pages"}],"about":[{"href":"https:\/\/www.azurdrones.com\/fr\/wp-json\/wp\/v2\/types\/page"}],"author":[{"embeddable":true,"href":"https:\/\/www.azurdrones.com\/fr\/wp-json\/wp\/v2\/users\/7"}],"replies":[{"embeddable":true,"href":"https:\/\/www.azurdrones.com\/fr\/wp-json\/wp\/v2\/comments?post=1578"}],"version-history":[{"count":24,"href":"https:\/\/www.azurdrones.com\/fr\/wp-json\/wp\/v2\/pages\/1578\/revisions"}],"predecessor-version":[{"id":3610,"href":"https:\/\/www.azurdrones.com\/fr\/wp-json\/wp\/v2\/pages\/1578\/revisions\/3610"}],"up":[{"embeddable":true,"href":"https:\/\/www.azurdrones.com\/fr\/wp-json\/wp\/v2\/pages\/1373"}],"wp:featuredmedia":[{"embeddable":true,"href":"https:\/\/www.azurdrones.com\/fr\/wp-json\/wp\/v2\/media\/692"}],"wp:attachment":[{"href":"https:\/\/www.azurdrones.com\/fr\/wp-json\/wp\/v2\/media?parent=1578"}],"curies":[{"name":"wp","href":"https:\/\/api.w.org\/{rel}","templated":true}]}}