{"id":3112,"date":"2023-03-09T15:24:27","date_gmt":"2023-03-09T14:24:27","guid":{"rendered":"https:\/\/www.azurdrones.com\/politique-de-confidentialite\/"},"modified":"2024-02-02T13:52:11","modified_gmt":"2024-02-02T12:52:11","slug":"mentions-legales","status":"publish","type":"page","link":"https:\/\/www.azurdrones.com\/fr\/mentions-legales\/","title":{"rendered":"Mentions L\u00e9gales"},"content":{"rendered":"\n<h2 class=\"wp-block-heading\">PROPRI\u00c9TAIRE DU SITE WEB<\/h2>\n\n\n\n<p><a href=\"https:\/\/www.azurdrones.com\/\">https:\/\/www.azurdrones.com\/<\/a>&nbsp; est un site \u00e9dit\u00e9 par la soci\u00e9t\u00e9 Azur Drones.<\/p>\n\n\n\n<p>Forme juridique : SAS (soci\u00e9t\u00e9 fran\u00e7aise par actions simplifi\u00e9e) au capital de 4 492 444 \u20ac \u2013 RCS Bordeaux 811 794 601<\/p>\n\n\n\n<p>N\u00b0 SIRET : 81179460100062<\/p>\n\n\n\n<p>Adresse :<\/p>\n\n\n\n<p>Si\u00e8ge social :<\/p>\n\n\n\n<p>2, rue Vert Castel \u2013 33 700 M\u00e9rignac \u2013 FRANCE<\/p>\n\n\n\n<p>Antenne commerciale :&nbsp;<\/p>\n\n\n\n<p>Morning \u2013 Tour Maine Montparnasse \u2013 33 avenue du Maine \u2013 75015 Paris<\/p>\n\n\n\n<p>Email : <a href=\"mailto:contact@azurdrones.com\">contact@azurdrones.com<\/a><\/p>\n\n\n\n<p>T\u00e9l\u00e9phone : +33 9 72 10 41 66<\/p>\n\n\n\n<h2 class=\"wp-block-heading\">RESPECT DE LA VIE PRIV\u00c9E<\/h2>\n\n\n\n<p>Les informations obtenues par le biais de formulaires ou cookies sont destin\u00e9es au seul usage du domaine <a href=\"https:\/\/www.azurdrones.com\/\">https:\/\/www.azurdrones.com\/<\/a> et ne seront en aucun cas mises \u00e0 disposition de tierces parties. En application de la loi n\u00b0 78-17 du 6 janvier 1978 relative \u00e0 l\u2019informatique, aux fichiers et aux libert\u00e9s, vous disposez des droits d\u2019opposition (art. 26 de la loi), d\u2019acc\u00e8s (art. 34 \u00e0 38 de la loi) et de rectification (art. 36 de la loi) des donn\u00e9es vous concernant. Pour l\u2019exercer, adressez-vous au responsable du site par mail via le formulaire de contact disponible sur ce site.<\/p>\n\n\n\n<h2 class=\"wp-block-heading\">PROPRI\u00c9T\u00c9 INTELLECTUELLE<\/h2>\n\n\n\n<p>Ce site web constitue une \u0153uvre prot\u00e9g\u00e9e en France par le Code de la Propri\u00e9t\u00e9 Intellectuelle, et \u00e0 l\u2019\u00e9tranger par les conventions internationales en vigueur sur le droit d\u2019auteur. La violation de l\u2019un des droits d\u2019auteur de l\u2019\u0153uvre constitue un d\u00e9lit de contrefa\u00e7on passible aux termes de l\u2019article L.335-2 du Code de la Propri\u00e9t\u00e9 Intellectuelle, de trois ans d\u2019emprisonnement et de 300 000 euros d\u2019amende.<\/p>\n\n\n\n<h2 class=\"wp-block-heading\">CONCEPTION DU SITE WEB<\/h2>\n\n\n\n<p>Site web par : Bouge ton web<\/p>\n\n\n\n<h2 class=\"wp-block-heading\">H\u00c9BERGEMENT<\/h2>\n\n\n\n<p>Ce site est h\u00e9berg\u00e9 par la soci\u00e9t\u00e9 OVH<\/p>\n\n\n\n<p>Si\u00e8ge social : 2, rue Kellermann \u2013 59100 Roubaix<\/p>\n\n\n\n<p>T\u00e9l\u00e9phone : 1007<\/p>\n\n\n\n<div style=\"height:50px\" aria-hidden=\"true\" class=\"wp-block-spacer\"><\/div>\n","protected":false},"excerpt":{"rendered":"<p>PROPRI\u00c9TAIRE DU SITE WEB https:\/\/www.azurdrones.com\/&nbsp; est un site \u00e9dit\u00e9 par la soci\u00e9t\u00e9 Azur Drones. Forme juridique : SAS (soci\u00e9t\u00e9 fran\u00e7aise par actions simplifi\u00e9e) au capital<\/p>\n","protected":false},"author":1,"featured_media":638,"parent":0,"menu_order":0,"comment_status":"closed","ping_status":"closed","template":"","meta":{"_acf_changed":false,"_uag_custom_page_level_css":"","footnotes":""},"class_list":["post-3112","page","type-page","status-publish","has-post-thumbnail","hentry"],"acf":[],"yoast_head":"<!-- This site is optimized with the Yoast SEO plugin v27.3 - https:\/\/yoast.com\/product\/yoast-seo-wordpress\/ -->\n<title>Mentions L\u00e9gales - Azur Drones<\/title>\n<meta name=\"robots\" content=\"index, follow, max-snippet:-1, max-image-preview:large, max-video-preview:-1\" \/>\n<link rel=\"canonical\" href=\"https:\/\/www.azurdrones.com\/fr\/mentions-legales\/\" \/>\n<meta property=\"og:locale\" content=\"fr_FR\" \/>\n<meta property=\"og:type\" content=\"article\" \/>\n<meta property=\"og:title\" content=\"Mentions L\u00e9gales - Azur Drones\" \/>\n<meta property=\"og:description\" content=\"PROPRI\u00c9TAIRE DU SITE WEB https:\/\/www.azurdrones.com\/&nbsp; est un site \u00e9dit\u00e9 par la soci\u00e9t\u00e9 Azur Drones. Forme juridique : SAS (soci\u00e9t\u00e9 fran\u00e7aise par actions simplifi\u00e9e) au capital\" \/>\n<meta property=\"og:url\" content=\"https:\/\/www.azurdrones.com\/fr\/mentions-legales\/\" \/>\n<meta property=\"og:site_name\" content=\"Azur Drones\" \/>\n<meta property=\"article:modified_time\" content=\"2024-02-02T12:52:11+00:00\" \/>\n<meta property=\"og:image\" content=\"https:\/\/www.azurdrones.com\/wp-content\/uploads\/2023\/03\/oil-and-gas-processing-tank-and-pipes.jpg\" \/>\n\t<meta property=\"og:image:width\" content=\"2560\" \/>\n\t<meta property=\"og:image:height\" content=\"1707\" \/>\n\t<meta property=\"og:image:type\" content=\"image\/jpeg\" \/>\n<meta name=\"twitter:card\" content=\"summary_large_image\" \/>\n<meta name=\"twitter:label1\" content=\"Dur\u00e9e de lecture estim\u00e9e\" \/>\n\t<meta name=\"twitter:data1\" content=\"2 minutes\" \/>\n<script type=\"application\/ld+json\" class=\"yoast-schema-graph\">{\"@context\":\"https:\\\/\\\/schema.org\",\"@graph\":[{\"@type\":\"WebPage\",\"@id\":\"https:\\\/\\\/www.azurdrones.com\\\/fr\\\/mentions-legales\\\/\",\"url\":\"https:\\\/\\\/www.azurdrones.com\\\/fr\\\/mentions-legales\\\/\",\"name\":\"Mentions L\u00e9gales - Azur Drones\",\"isPartOf\":{\"@id\":\"https:\\\/\\\/www.azurdrones.com\\\/fr\\\/#website\"},\"primaryImageOfPage\":{\"@id\":\"https:\\\/\\\/www.azurdrones.com\\\/fr\\\/mentions-legales\\\/#primaryimage\"},\"image\":{\"@id\":\"https:\\\/\\\/www.azurdrones.com\\\/fr\\\/mentions-legales\\\/#primaryimage\"},\"thumbnailUrl\":\"https:\\\/\\\/www.azurdrones.com\\\/wp-content\\\/uploads\\\/2023\\\/03\\\/oil-and-gas-processing-tank-and-pipes.jpg\",\"datePublished\":\"2023-03-09T14:24:27+00:00\",\"dateModified\":\"2024-02-02T12:52:11+00:00\",\"breadcrumb\":{\"@id\":\"https:\\\/\\\/www.azurdrones.com\\\/fr\\\/mentions-legales\\\/#breadcrumb\"},\"inLanguage\":\"fr-FR\",\"potentialAction\":[{\"@type\":\"ReadAction\",\"target\":[\"https:\\\/\\\/www.azurdrones.com\\\/fr\\\/mentions-legales\\\/\"]}]},{\"@type\":\"ImageObject\",\"inLanguage\":\"fr-FR\",\"@id\":\"https:\\\/\\\/www.azurdrones.com\\\/fr\\\/mentions-legales\\\/#primaryimage\",\"url\":\"https:\\\/\\\/www.azurdrones.com\\\/wp-content\\\/uploads\\\/2023\\\/03\\\/oil-and-gas-processing-tank-and-pipes.jpg\",\"contentUrl\":\"https:\\\/\\\/www.azurdrones.com\\\/wp-content\\\/uploads\\\/2023\\\/03\\\/oil-and-gas-processing-tank-and-pipes.jpg\",\"width\":2560,\"height\":1707},{\"@type\":\"BreadcrumbList\",\"@id\":\"https:\\\/\\\/www.azurdrones.com\\\/fr\\\/mentions-legales\\\/#breadcrumb\",\"itemListElement\":[{\"@type\":\"ListItem\",\"position\":1,\"name\":\"Accueil\",\"item\":\"https:\\\/\\\/www.azurdrones.com\\\/fr\\\/\"},{\"@type\":\"ListItem\",\"position\":2,\"name\":\"Mentions L\u00e9gales\"}]},{\"@type\":\"WebSite\",\"@id\":\"https:\\\/\\\/www.azurdrones.com\\\/fr\\\/#website\",\"url\":\"https:\\\/\\\/www.azurdrones.com\\\/fr\\\/\",\"name\":\"Azur Drones\",\"description\":\"Autonomous aerial surveillance\",\"publisher\":{\"@id\":\"https:\\\/\\\/www.azurdrones.com\\\/fr\\\/#organization\"},\"potentialAction\":[{\"@type\":\"SearchAction\",\"target\":{\"@type\":\"EntryPoint\",\"urlTemplate\":\"https:\\\/\\\/www.azurdrones.com\\\/fr\\\/?s={search_term_string}\"},\"query-input\":{\"@type\":\"PropertyValueSpecification\",\"valueRequired\":true,\"valueName\":\"search_term_string\"}}],\"inLanguage\":\"fr-FR\"},{\"@type\":\"Organization\",\"@id\":\"https:\\\/\\\/www.azurdrones.com\\\/fr\\\/#organization\",\"name\":\"Azur Drones\",\"url\":\"https:\\\/\\\/www.azurdrones.com\\\/fr\\\/\",\"logo\":{\"@type\":\"ImageObject\",\"inLanguage\":\"fr-FR\",\"@id\":\"https:\\\/\\\/www.azurdrones.com\\\/fr\\\/#\\\/schema\\\/logo\\\/image\\\/\",\"url\":\"https:\\\/\\\/www.azurdrones.com\\\/wp-content\\\/uploads\\\/2023\\\/03\\\/logo-azur-drones.png\",\"contentUrl\":\"https:\\\/\\\/www.azurdrones.com\\\/wp-content\\\/uploads\\\/2023\\\/03\\\/logo-azur-drones.png\",\"width\":738,\"height\":96,\"caption\":\"Azur Drones\"},\"image\":{\"@id\":\"https:\\\/\\\/www.azurdrones.com\\\/fr\\\/#\\\/schema\\\/logo\\\/image\\\/\"}}]}<\/script>\n<!-- \/ Yoast SEO plugin. -->","yoast_head_json":{"title":"Mentions L\u00e9gales - Azur Drones","robots":{"index":"index","follow":"follow","max-snippet":"max-snippet:-1","max-image-preview":"max-image-preview:large","max-video-preview":"max-video-preview:-1"},"canonical":"https:\/\/www.azurdrones.com\/fr\/mentions-legales\/","og_locale":"fr_FR","og_type":"article","og_title":"Mentions L\u00e9gales - Azur Drones","og_description":"PROPRI\u00c9TAIRE DU SITE WEB https:\/\/www.azurdrones.com\/&nbsp; est un site \u00e9dit\u00e9 par la soci\u00e9t\u00e9 Azur Drones. Forme juridique : SAS (soci\u00e9t\u00e9 fran\u00e7aise par actions simplifi\u00e9e) au capital","og_url":"https:\/\/www.azurdrones.com\/fr\/mentions-legales\/","og_site_name":"Azur Drones","article_modified_time":"2024-02-02T12:52:11+00:00","og_image":[{"width":2560,"height":1707,"url":"https:\/\/www.azurdrones.com\/wp-content\/uploads\/2023\/03\/oil-and-gas-processing-tank-and-pipes.jpg","type":"image\/jpeg"}],"twitter_card":"summary_large_image","twitter_misc":{"Dur\u00e9e de lecture estim\u00e9e":"2 minutes"},"schema":{"@context":"https:\/\/schema.org","@graph":[{"@type":"WebPage","@id":"https:\/\/www.azurdrones.com\/fr\/mentions-legales\/","url":"https:\/\/www.azurdrones.com\/fr\/mentions-legales\/","name":"Mentions L\u00e9gales - Azur Drones","isPartOf":{"@id":"https:\/\/www.azurdrones.com\/fr\/#website"},"primaryImageOfPage":{"@id":"https:\/\/www.azurdrones.com\/fr\/mentions-legales\/#primaryimage"},"image":{"@id":"https:\/\/www.azurdrones.com\/fr\/mentions-legales\/#primaryimage"},"thumbnailUrl":"https:\/\/www.azurdrones.com\/wp-content\/uploads\/2023\/03\/oil-and-gas-processing-tank-and-pipes.jpg","datePublished":"2023-03-09T14:24:27+00:00","dateModified":"2024-02-02T12:52:11+00:00","breadcrumb":{"@id":"https:\/\/www.azurdrones.com\/fr\/mentions-legales\/#breadcrumb"},"inLanguage":"fr-FR","potentialAction":[{"@type":"ReadAction","target":["https:\/\/www.azurdrones.com\/fr\/mentions-legales\/"]}]},{"@type":"ImageObject","inLanguage":"fr-FR","@id":"https:\/\/www.azurdrones.com\/fr\/mentions-legales\/#primaryimage","url":"https:\/\/www.azurdrones.com\/wp-content\/uploads\/2023\/03\/oil-and-gas-processing-tank-and-pipes.jpg","contentUrl":"https:\/\/www.azurdrones.com\/wp-content\/uploads\/2023\/03\/oil-and-gas-processing-tank-and-pipes.jpg","width":2560,"height":1707},{"@type":"BreadcrumbList","@id":"https:\/\/www.azurdrones.com\/fr\/mentions-legales\/#breadcrumb","itemListElement":[{"@type":"ListItem","position":1,"name":"Accueil","item":"https:\/\/www.azurdrones.com\/fr\/"},{"@type":"ListItem","position":2,"name":"Mentions L\u00e9gales"}]},{"@type":"WebSite","@id":"https:\/\/www.azurdrones.com\/fr\/#website","url":"https:\/\/www.azurdrones.com\/fr\/","name":"Azur Drones","description":"Autonomous aerial surveillance","publisher":{"@id":"https:\/\/www.azurdrones.com\/fr\/#organization"},"potentialAction":[{"@type":"SearchAction","target":{"@type":"EntryPoint","urlTemplate":"https:\/\/www.azurdrones.com\/fr\/?s={search_term_string}"},"query-input":{"@type":"PropertyValueSpecification","valueRequired":true,"valueName":"search_term_string"}}],"inLanguage":"fr-FR"},{"@type":"Organization","@id":"https:\/\/www.azurdrones.com\/fr\/#organization","name":"Azur Drones","url":"https:\/\/www.azurdrones.com\/fr\/","logo":{"@type":"ImageObject","inLanguage":"fr-FR","@id":"https:\/\/www.azurdrones.com\/fr\/#\/schema\/logo\/image\/","url":"https:\/\/www.azurdrones.com\/wp-content\/uploads\/2023\/03\/logo-azur-drones.png","contentUrl":"https:\/\/www.azurdrones.com\/wp-content\/uploads\/2023\/03\/logo-azur-drones.png","width":738,"height":96,"caption":"Azur Drones"},"image":{"@id":"https:\/\/www.azurdrones.com\/fr\/#\/schema\/logo\/image\/"}}]}},"uagb_featured_image_src":{"full":["https:\/\/www.azurdrones.com\/wp-content\/uploads\/2023\/03\/oil-and-gas-processing-tank-and-pipes.jpg",2560,1707,false],"thumbnail":["https:\/\/www.azurdrones.com\/wp-content\/uploads\/2023\/03\/oil-and-gas-processing-tank-and-pipes-300x300.jpg",300,300,true],"medium":["https:\/\/www.azurdrones.com\/wp-content\/uploads\/2023\/03\/oil-and-gas-processing-tank-and-pipes-550x367.jpg",550,367,true],"medium_large":["https:\/\/www.azurdrones.com\/wp-content\/uploads\/2023\/03\/oil-and-gas-processing-tank-and-pipes-768x512.jpg",768,512,true],"large":["https:\/\/www.azurdrones.com\/wp-content\/uploads\/2023\/03\/oil-and-gas-processing-tank-and-pipes-1110x740.jpg",1110,740,true],"1536x1536":["https:\/\/www.azurdrones.com\/wp-content\/uploads\/2023\/03\/oil-and-gas-processing-tank-and-pipes-1536x1024.jpg",1536,1024,true],"2048x2048":["https:\/\/www.azurdrones.com\/wp-content\/uploads\/2023\/03\/oil-and-gas-processing-tank-and-pipes-2048x1366.jpg",2048,1366,true],"full_width":["https:\/\/www.azurdrones.com\/wp-content\/uploads\/2023\/03\/oil-and-gas-processing-tank-and-pipes.jpg",2560,1707,false]},"uagb_author_info":{"display_name":"bougetonweb","author_link":"https:\/\/www.azurdrones.com\/fr\/author\/bougetonweb\/"},"uagb_comment_info":0,"uagb_excerpt":"PROPRI\u00c9TAIRE DU SITE WEB https:\/\/www.azurdrones.com\/&nbsp; est un site \u00e9dit\u00e9 par la soci\u00e9t\u00e9 Azur Drones. Forme juridique : SAS (soci\u00e9t\u00e9 fran\u00e7aise par actions simplifi\u00e9e) au capital","_links":{"self":[{"href":"https:\/\/www.azurdrones.com\/fr\/wp-json\/wp\/v2\/pages\/3112","targetHints":{"allow":["GET"]}}],"collection":[{"href":"https:\/\/www.azurdrones.com\/fr\/wp-json\/wp\/v2\/pages"}],"about":[{"href":"https:\/\/www.azurdrones.com\/fr\/wp-json\/wp\/v2\/types\/page"}],"author":[{"embeddable":true,"href":"https:\/\/www.azurdrones.com\/fr\/wp-json\/wp\/v2\/users\/1"}],"replies":[{"embeddable":true,"href":"https:\/\/www.azurdrones.com\/fr\/wp-json\/wp\/v2\/comments?post=3112"}],"version-history":[{"count":4,"href":"https:\/\/www.azurdrones.com\/fr\/wp-json\/wp\/v2\/pages\/3112\/revisions"}],"predecessor-version":[{"id":3885,"href":"https:\/\/www.azurdrones.com\/fr\/wp-json\/wp\/v2\/pages\/3112\/revisions\/3885"}],"wp:featuredmedia":[{"embeddable":true,"href":"https:\/\/www.azurdrones.com\/fr\/wp-json\/wp\/v2\/media\/638"}],"wp:attachment":[{"href":"https:\/\/www.azurdrones.com\/fr\/wp-json\/wp\/v2\/media?parent=3112"}],"curies":[{"name":"wp","href":"https:\/\/api.w.org\/{rel}","templated":true}]}}