{"id":3150,"date":"2023-04-17T11:40:36","date_gmt":"2023-04-17T09:40:36","guid":{"rendered":"https:\/\/www.azurdrones.com\/?page_id=3150"},"modified":"2023-04-18T13:51:43","modified_gmt":"2023-04-18T11:51:43","slug":"politique-de-confidentialite-2","status":"publish","type":"page","link":"https:\/\/www.azurdrones.com\/fr\/politique-de-confidentialite-2\/","title":{"rendered":"Politique de confidentialit\u00e9"},"content":{"rendered":"\n<div style=\"height:75px\" aria-hidden=\"true\" class=\"wp-block-spacer\"><\/div>\n\n\n\n<p>AZUR DRONES SAS (ci-apr\u00e8s d\u00e9sign\u00e9 comme AZUR DRONES) s\u2019engage dans le cadre de ses activit\u00e9s et conform\u00e9ment \u00e0 la l\u00e9gislation en vigueur en France et en Europe, \u00e0 assurer la protection, la confidentialit\u00e9 et la s\u00e9curit\u00e9 des donn\u00e9es \u00e0 caract\u00e8re personnel des utilisateurs de ses services ainsi qu\u2019\u00e0 respecter leur vie priv\u00e9e.<\/p>\n\n\n\n<h2 class=\"wp-block-heading\">D\u00e9finitions<\/h2>\n\n\n\n<p>Client : toute personne physique ou morale qui a sign\u00e9 un contrat d\u2019affaires avec Azur Drones et qui b\u00e9n\u00e9ficie des produits et services d\u2019Azur Drones.<\/p>\n\n\n\n<p>Utilisateur : toute personne physique qui visite le site d\u2019Azur Drones et\/ou renseigne des formulaires de contact et\/ou fait usage des fonctionnalit\u00e9s du site.<\/p>\n\n\n\n<p>&nbsp;1. Collecte de l\u2019information et nature des informations recueillies<\/p>\n\n\n\n<p>Azur Drones recueille des informations :<\/p>\n\n\n\n<p>lors de la consultation du site internet https:\/\/azurdrones.com\/,<\/p>\n\n\n\n<p>lors du renseignement de tout formulaire de prise de contact ou lors d\u2019une prise de contact par email ou par t\u00e9l\u00e9phone,<\/p>\n\n\n\n<p>dans le cadre d\u2019\u00e9v\u00e9nements professionnels divers (salons, conf\u00e9rences\u2026),<\/p>\n\n\n\n<p>lors de la signature de votre contrat d\u2019affaire (conditions g\u00e9n\u00e9rales de vente, contrat de distribution, accord de confidentialit\u00e9\u2026).<\/p>\n\n\n\n<p>Les informations recueillies incluent notamment :<\/p>\n\n\n\n<p>les donn\u00e9es de contact : nom, pr\u00e9nom, votre adresse e-mail, votre adresse postale num\u00e9ro de t\u00e9l\u00e9phone, pays, type d\u2019industrie, soci\u00e9t\u00e9, fonction.<\/p>\n\n\n\n<p>En outre, Azur Drones re\u00e7oit et enregistre automatiquement des informations \u00e0 partir de l\u2019ordinateur et navigateur des clients\/utilisateurs, y compris l\u2019adresse IP, les logiciels et le mat\u00e9riel, et la page demand\u00e9e.<\/p>\n\n\n\n<p>2. Utilisation des informations \u2013 finalit\u00e9 des traitements<\/p>\n\n\n\n<p>Azur Drones ne traite les donn\u00e9es personnelles que pour des finalit\u00e9s d\u00e9termin\u00e9es, explicites et l\u00e9gitimes. Azur Drones ne traite pas ces donn\u00e9es de mani\u00e8re incompatibles avec les finalit\u00e9s \u00e9nonc\u00e9es ci-dessous.<\/p>\n\n\n\n<p>Toutes les informations qu\u2019Azur Drones recueille aupr\u00e8s des utilisateurs\/clients peuvent \u00eatre utilis\u00e9es pour :<\/p>\n\n\n\n<p>g\u00e9rer les contacts commerciaux de notre soci\u00e9t\u00e9,<\/p>\n\n\n\n<p>g\u00e9rer les opportunit\u00e9s commerciales de notre soci\u00e9t\u00e9,<\/p>\n\n\n\n<p>vous informer de l\u2019\u00e9volution de nos offres,<\/p>\n\n\n\n<p>am\u00e9liorer notre site Web,<\/p>\n\n\n\n<p>administrer une promotion, ou une enqu\u00eate.<\/p>\n\n\n\n<p>Azur Drones ne conservera les donn\u00e9es que pour la dur\u00e9e n\u00e9cessaire \u00e0 l\u2019accomplissement des finalit\u00e9s mentionn\u00e9es ci-dessus.<\/p>\n\n\n\n<p>S\u2019agissant des traitements relatifs \u00e0 l\u2019ex\u00e9cution du contrat, les donn\u00e9es peuvent \u00eatre conserv\u00e9es pour une dur\u00e9e de trois ans \u00e0 compter de la fin de la relation.<\/p>\n\n\n\n<p>Azur Drones r\u00e9alise \u00e9galement des traitements de donn\u00e9es pour d\u2019autres finalit\u00e9s que la stricte ex\u00e9cution de contrats.<\/p>\n\n\n\n<p>Dans ce cas Azur Drones, s\u2019assurera d\u2019avoir un int\u00e9r\u00eat l\u00e9gitime \u00e0 r\u00e9aliser le traitement.<\/p>\n\n\n\n<p>Par ailleurs, les traitements pourront faire l\u2019objet, autant que de besoin, du recueil de votre consentement que vous pouvez retirer \u00e0 tout moment.<\/p>\n\n\n\n<p>A cette fin, les finalit\u00e9s poursuivies par Azur Drones sont les suivantes :<\/p>\n\n\n\n<p>organiser des op\u00e9rations de marketing direct,<\/p>\n\n\n\n<p>organiser des animations commerciales,<\/p>\n\n\n\n<p>organiser des jeux-concours,<\/p>\n\n\n\n<p>analyser les usages des services pour faire des propositions aux clients de la soci\u00e9t\u00e9,<\/p>\n\n\n\n<p>sonder les clients ou les utilisateurs.<\/p>\n\n\n\n<p>Les donn\u00e9es clients\/utilisateurs sont conserv\u00e9es pour la dur\u00e9e n\u00e9cessaire \u00e0 l\u2019accomplissement des finalit\u00e9s mentionn\u00e9es ci-dessus.<\/p>\n\n\n\n<p>&nbsp;3. Destinataires des traitements<\/p>\n\n\n\n<p>Les donn\u00e9es collect\u00e9es sont destin\u00e9es aux services internes d\u2019Azur Drones et \u00e0 ses \u00e9ventuels sous-traitants.<\/p>\n\n\n\n<p>Les donn\u00e9es peuvent \u00eatre l\u00e9galement trait\u00e9es par des partenaires d\u2019Azur Drones.<\/p>\n\n\n\n<p>Il s\u2019agit des situations o\u00f9 des partenaires interviennent pour la fourniture de prestations.<\/p>\n\n\n\n<p>Il peut \u00e9galement s\u2019agir de traitements auxquels il vous est propos\u00e9 de consentir.<\/p>\n\n\n\n<p>Les donn\u00e9es trait\u00e9es peuvent enfin \u00eatre transmises aux autorit\u00e9s comp\u00e9tentes, \u00e0 leur demande, dans le cadre de proc\u00e9dures judiciaires, dans le cadre de recherches judiciaires et de sollicitations d\u2019information des autorit\u00e9s ou afin de se conformer \u00e0 d\u2019autres obligations l\u00e9gales.<\/p>\n\n\n\n<p>&nbsp;4. Traitement des donn\u00e9es hors UE<\/p>\n\n\n\n<p>Les donn\u00e9es collect\u00e9es sont susceptibles d\u2019\u00eatre trait\u00e9es hors UE, dans ce cas, Azur Drones prend les dispositions n\u00e9cessaires avec ses sous-traitants et partenaires pour garantir un niveau de protection de vos donn\u00e9es ad\u00e9quat et ce en toute conformit\u00e9 avec la r\u00e8glementation applicable.<\/p>\n\n\n\n<p>Si les sous-traitants et partenaires concern\u00e9s ne sont pas adh\u00e9rents \u00e0 l\u2019accord Privacy Shield s\u2019agissant de transfert de donn\u00e9es personnelles vers les Etats-Unis d\u2019Am\u00e9rique, ou ne sont pas situ\u00e9s dans un pays disposant d\u2019une l\u00e9gislation consid\u00e9r\u00e9e comme offrant une protection ad\u00e9quate, ils auront pr\u00e9alablement sign\u00e9 les \u00ab clauses contractuelles types \u00bb de la Commission Europ\u00e9enne ou seront soumis \u00e0 des R\u00e8gles internes contraignantes approuv\u00e9es par les autorit\u00e9s.<\/p>\n\n\n\n<p>&nbsp;5. Les droits et les modalit\u00e9s d\u2019exercice<\/p>\n\n\n\n<p>Le client\/utilisateur dispose d\u2019un droit d\u2019acc\u00e8s, de rectification et de suppression des donn\u00e9es qui vous concernent.<\/p>\n\n\n\n<p>Le client\/utilisateur peut demander la portabilit\u00e9 de ces donn\u00e9es personnelles.<\/p>\n\n\n\n<p>Le client\/utilisateur a \u00e9galement le droit de s\u2019opposer aux traitements r\u00e9alis\u00e9s ou d\u2019en demander la limitation.<\/p>\n\n\n\n<p>Le client\/utilisateur peut exercer ses droits \u00e0 tout moment, ainsi que contacter le D\u00e9l\u00e9gu\u00e9 \u00e0 la protection des donn\u00e9es personnelles aux adresses \u00e9lectronique et postale ci-dessous :<\/p>\n\n\n\n<p><a href=\"mailto:dpo@azurdrones.com\">dpo@azurdrones.com<\/a><\/p>\n\n\n\n<p>Azur Drones SAS<\/p>\n\n\n\n<p>\u00c0 l\u2019attention du D\u00e9l\u00e9gu\u00e9 \u00e0 la protection des donn\u00e9es personnelles<\/p>\n\n\n\n<p>2 rue Vert Castel<\/p>\n\n\n\n<p>33700 M\u00e9rignac<\/p>\n\n\n\n<p>FRANCE<\/p>\n\n\n\n<p>Toute demande d\u2019exercice des droits doit \u00eatre accompagn\u00e9e de la photocopie de deux justificatifs d\u2019identit\u00e9 (carte nationale d\u2019identit\u00e9 d\u00e9livr\u00e9e par l\u2019Etat fran\u00e7ais, passeport, carte de r\u00e9sident d\u00e9livr\u00e9e par l\u2019Etat Fran\u00e7ais ou livret de circulation d\u00e9livr\u00e9 par l\u2019Etat fran\u00e7ais).<\/p>\n\n\n\n<p>Une r\u00e9ponse sera adress\u00e9e \u00e0 l\u2019utilisateur\/client dans un d\u00e9lai de (1) un mois \u00e0 compter de la r\u00e9ception de sa demande.<\/p>\n\n\n\n<p>Si \u00e0 n\u2019importe quel moment, le client\/utilisateur souhaite se d\u00e9sinscrire et ne plus recevoir d\u2019informations par e-mails ou de campagne d\u2019emailing, des instructions de d\u00e9sabonnement d\u00e9taill\u00e9es sont incluses en bas de chaque e-mail d\u2019information envoy\u00e9 par Azur Drones.<\/p>\n\n\n\n<p>Les donn\u00e9es personnelles du client\/utilisateur ne seront pas vendues, \u00e9chang\u00e9es, transf\u00e9r\u00e9es ou donn\u00e9es \u00e0 une autre soci\u00e9t\u00e9 pour quelque raison que ce soit, sans son consentement, sauf si cela est n\u00e9cessaire pour r\u00e9pondre \u00e0 une demande.<\/p>\n\n\n\n<p>&nbsp;6. Protection des informations<\/p>\n\n\n\n<p>Azur Drones met en \u0153uvre une vari\u00e9t\u00e9 de mesures de s\u00e9curit\u00e9 pour pr\u00e9server la s\u00e9curit\u00e9 de ses informations personnelles, y compris lorsque certaines op\u00e9rations sont r\u00e9alis\u00e9es par des sous-traitants.<\/p>\n\n\n\n<p>Seuls les employ\u00e9s qui ont besoin d\u2019effectuer un travail sp\u00e9cifique (par exemple, la facturation ou le service \u00e0 la client\u00e8le) ont acc\u00e8s aux informations personnelles identifiables.<\/p>\n\n\n\n<p>Les ordinateurs et serveurs utilis\u00e9s pour stocker des informations personnelles identifiables sont conserv\u00e9s dans un environnement s\u00e9curis\u00e9.<\/p>\n\n\n\n<p>&nbsp;7. Utilisation des cookies<\/p>\n\n\n\n<p>Les cookies am\u00e9liorent l\u2019acc\u00e8s au site et identifient les visiteurs.<\/p>\n\n\n\n<p>Les cookies sont de petits fichiers contenant des informations sp\u00e9cifiques plac\u00e9es sur votre navigateur Web lorsque vous visitez des sites Web tels que azurdrones.com<\/p>\n\n\n\n<p>En outre, les cookies am\u00e9liorent l\u2019exp\u00e9rience d\u2019utilisateur\/client gr\u00e2ce au suivi et au ciblage de ses int\u00e9r\u00eats. Cependant, cette utilisation des cookies n\u2019est en aucune fa\u00e7on li\u00e9e \u00e0 des informations personnelles identifiables sur notre site.<\/p>\n\n\n\n<p>Les cookies peuvent servir \u00e0 reconna\u00eetre l\u2019utilisateur\/client lorsqu\u2019il visite Azur Drones, \u00e0 se souvenir des pr\u00e9f\u00e9rences et \u00e0 offrir les meilleurs services possibles.<\/p>\n\n\n\n<div style=\"height:50px\" aria-hidden=\"true\" class=\"wp-block-spacer\"><\/div>\n","protected":false},"excerpt":{"rendered":"<p>AZUR DRONES SAS (ci-apr\u00e8s d\u00e9sign\u00e9 comme AZUR DRONES) s\u2019engage dans le cadre de ses activit\u00e9s et conform\u00e9ment \u00e0 la l\u00e9gislation en vigueur en France et<\/p>\n","protected":false},"author":7,"featured_media":3143,"parent":0,"menu_order":0,"comment_status":"closed","ping_status":"open","template":"","meta":{"_acf_changed":false,"_uag_custom_page_level_css":"","footnotes":""},"class_list":["post-3150","page","type-page","status-publish","has-post-thumbnail","hentry"],"acf":[],"yoast_head":"<!-- This site is optimized with the Yoast SEO plugin v27.3 - https:\/\/yoast.com\/product\/yoast-seo-wordpress\/ -->\n<title>Politique de confidentialit\u00e9 - Azur Drones<\/title>\n<meta name=\"robots\" content=\"index, follow, max-snippet:-1, max-image-preview:large, max-video-preview:-1\" \/>\n<link rel=\"canonical\" href=\"https:\/\/www.azurdrones.com\/fr\/politique-de-confidentialite-2\/\" \/>\n<meta property=\"og:locale\" content=\"fr_FR\" \/>\n<meta property=\"og:type\" content=\"article\" \/>\n<meta property=\"og:title\" content=\"Politique de confidentialit\u00e9 - Azur Drones\" \/>\n<meta property=\"og:description\" content=\"AZUR DRONES SAS (ci-apr\u00e8s d\u00e9sign\u00e9 comme AZUR DRONES) s\u2019engage dans le cadre de ses activit\u00e9s et conform\u00e9ment \u00e0 la l\u00e9gislation en vigueur en France et\" \/>\n<meta property=\"og:url\" content=\"https:\/\/www.azurdrones.com\/fr\/politique-de-confidentialite-2\/\" \/>\n<meta property=\"og:site_name\" content=\"Azur Drones\" \/>\n<meta property=\"article:modified_time\" content=\"2023-04-18T11:51:43+00:00\" \/>\n<meta property=\"og:image\" content=\"https:\/\/www.azurdrones.com\/wp-content\/uploads\/2023\/04\/005-scaled.jpg\" \/>\n\t<meta property=\"og:image:width\" content=\"2560\" \/>\n\t<meta property=\"og:image:height\" content=\"1709\" \/>\n\t<meta property=\"og:image:type\" content=\"image\/jpeg\" \/>\n<meta name=\"twitter:card\" content=\"summary_large_image\" \/>\n<meta name=\"twitter:label1\" content=\"Dur\u00e9e de lecture estim\u00e9e\" \/>\n\t<meta name=\"twitter:data1\" content=\"6 minutes\" \/>\n<script type=\"application\/ld+json\" class=\"yoast-schema-graph\">{\"@context\":\"https:\\\/\\\/schema.org\",\"@graph\":[{\"@type\":\"WebPage\",\"@id\":\"https:\\\/\\\/www.azurdrones.com\\\/fr\\\/politique-de-confidentialite-2\\\/\",\"url\":\"https:\\\/\\\/www.azurdrones.com\\\/fr\\\/politique-de-confidentialite-2\\\/\",\"name\":\"Politique de confidentialit\u00e9 - Azur Drones\",\"isPartOf\":{\"@id\":\"https:\\\/\\\/www.azurdrones.com\\\/fr\\\/#website\"},\"primaryImageOfPage\":{\"@id\":\"https:\\\/\\\/www.azurdrones.com\\\/fr\\\/politique-de-confidentialite-2\\\/#primaryimage\"},\"image\":{\"@id\":\"https:\\\/\\\/www.azurdrones.com\\\/fr\\\/politique-de-confidentialite-2\\\/#primaryimage\"},\"thumbnailUrl\":\"https:\\\/\\\/www.azurdrones.com\\\/wp-content\\\/uploads\\\/2023\\\/04\\\/005-scaled.jpg\",\"datePublished\":\"2023-04-17T09:40:36+00:00\",\"dateModified\":\"2023-04-18T11:51:43+00:00\",\"breadcrumb\":{\"@id\":\"https:\\\/\\\/www.azurdrones.com\\\/fr\\\/politique-de-confidentialite-2\\\/#breadcrumb\"},\"inLanguage\":\"fr-FR\",\"potentialAction\":[{\"@type\":\"ReadAction\",\"target\":[\"https:\\\/\\\/www.azurdrones.com\\\/fr\\\/politique-de-confidentialite-2\\\/\"]}]},{\"@type\":\"ImageObject\",\"inLanguage\":\"fr-FR\",\"@id\":\"https:\\\/\\\/www.azurdrones.com\\\/fr\\\/politique-de-confidentialite-2\\\/#primaryimage\",\"url\":\"https:\\\/\\\/www.azurdrones.com\\\/wp-content\\\/uploads\\\/2023\\\/04\\\/005-scaled.jpg\",\"contentUrl\":\"https:\\\/\\\/www.azurdrones.com\\\/wp-content\\\/uploads\\\/2023\\\/04\\\/005-scaled.jpg\",\"width\":2560,\"height\":1709},{\"@type\":\"BreadcrumbList\",\"@id\":\"https:\\\/\\\/www.azurdrones.com\\\/fr\\\/politique-de-confidentialite-2\\\/#breadcrumb\",\"itemListElement\":[{\"@type\":\"ListItem\",\"position\":1,\"name\":\"Accueil\",\"item\":\"https:\\\/\\\/www.azurdrones.com\\\/fr\\\/\"},{\"@type\":\"ListItem\",\"position\":2,\"name\":\"Politique de confidentialit\u00e9\"}]},{\"@type\":\"WebSite\",\"@id\":\"https:\\\/\\\/www.azurdrones.com\\\/fr\\\/#website\",\"url\":\"https:\\\/\\\/www.azurdrones.com\\\/fr\\\/\",\"name\":\"Azur Drones\",\"description\":\"Autonomous aerial surveillance\",\"publisher\":{\"@id\":\"https:\\\/\\\/www.azurdrones.com\\\/fr\\\/#organization\"},\"potentialAction\":[{\"@type\":\"SearchAction\",\"target\":{\"@type\":\"EntryPoint\",\"urlTemplate\":\"https:\\\/\\\/www.azurdrones.com\\\/fr\\\/?s={search_term_string}\"},\"query-input\":{\"@type\":\"PropertyValueSpecification\",\"valueRequired\":true,\"valueName\":\"search_term_string\"}}],\"inLanguage\":\"fr-FR\"},{\"@type\":\"Organization\",\"@id\":\"https:\\\/\\\/www.azurdrones.com\\\/fr\\\/#organization\",\"name\":\"Azur Drones\",\"url\":\"https:\\\/\\\/www.azurdrones.com\\\/fr\\\/\",\"logo\":{\"@type\":\"ImageObject\",\"inLanguage\":\"fr-FR\",\"@id\":\"https:\\\/\\\/www.azurdrones.com\\\/fr\\\/#\\\/schema\\\/logo\\\/image\\\/\",\"url\":\"https:\\\/\\\/www.azurdrones.com\\\/wp-content\\\/uploads\\\/2023\\\/03\\\/logo-azur-drones.png\",\"contentUrl\":\"https:\\\/\\\/www.azurdrones.com\\\/wp-content\\\/uploads\\\/2023\\\/03\\\/logo-azur-drones.png\",\"width\":738,\"height\":96,\"caption\":\"Azur Drones\"},\"image\":{\"@id\":\"https:\\\/\\\/www.azurdrones.com\\\/fr\\\/#\\\/schema\\\/logo\\\/image\\\/\"}}]}<\/script>\n<!-- \/ Yoast SEO plugin. -->","yoast_head_json":{"title":"Politique de confidentialit\u00e9 - Azur Drones","robots":{"index":"index","follow":"follow","max-snippet":"max-snippet:-1","max-image-preview":"max-image-preview:large","max-video-preview":"max-video-preview:-1"},"canonical":"https:\/\/www.azurdrones.com\/fr\/politique-de-confidentialite-2\/","og_locale":"fr_FR","og_type":"article","og_title":"Politique de confidentialit\u00e9 - Azur Drones","og_description":"AZUR DRONES SAS (ci-apr\u00e8s d\u00e9sign\u00e9 comme AZUR DRONES) s\u2019engage dans le cadre de ses activit\u00e9s et conform\u00e9ment \u00e0 la l\u00e9gislation en vigueur en France et","og_url":"https:\/\/www.azurdrones.com\/fr\/politique-de-confidentialite-2\/","og_site_name":"Azur Drones","article_modified_time":"2023-04-18T11:51:43+00:00","og_image":[{"width":2560,"height":1709,"url":"https:\/\/www.azurdrones.com\/wp-content\/uploads\/2023\/04\/005-scaled.jpg","type":"image\/jpeg"}],"twitter_card":"summary_large_image","twitter_misc":{"Dur\u00e9e de lecture estim\u00e9e":"6 minutes"},"schema":{"@context":"https:\/\/schema.org","@graph":[{"@type":"WebPage","@id":"https:\/\/www.azurdrones.com\/fr\/politique-de-confidentialite-2\/","url":"https:\/\/www.azurdrones.com\/fr\/politique-de-confidentialite-2\/","name":"Politique de confidentialit\u00e9 - Azur Drones","isPartOf":{"@id":"https:\/\/www.azurdrones.com\/fr\/#website"},"primaryImageOfPage":{"@id":"https:\/\/www.azurdrones.com\/fr\/politique-de-confidentialite-2\/#primaryimage"},"image":{"@id":"https:\/\/www.azurdrones.com\/fr\/politique-de-confidentialite-2\/#primaryimage"},"thumbnailUrl":"https:\/\/www.azurdrones.com\/wp-content\/uploads\/2023\/04\/005-scaled.jpg","datePublished":"2023-04-17T09:40:36+00:00","dateModified":"2023-04-18T11:51:43+00:00","breadcrumb":{"@id":"https:\/\/www.azurdrones.com\/fr\/politique-de-confidentialite-2\/#breadcrumb"},"inLanguage":"fr-FR","potentialAction":[{"@type":"ReadAction","target":["https:\/\/www.azurdrones.com\/fr\/politique-de-confidentialite-2\/"]}]},{"@type":"ImageObject","inLanguage":"fr-FR","@id":"https:\/\/www.azurdrones.com\/fr\/politique-de-confidentialite-2\/#primaryimage","url":"https:\/\/www.azurdrones.com\/wp-content\/uploads\/2023\/04\/005-scaled.jpg","contentUrl":"https:\/\/www.azurdrones.com\/wp-content\/uploads\/2023\/04\/005-scaled.jpg","width":2560,"height":1709},{"@type":"BreadcrumbList","@id":"https:\/\/www.azurdrones.com\/fr\/politique-de-confidentialite-2\/#breadcrumb","itemListElement":[{"@type":"ListItem","position":1,"name":"Accueil","item":"https:\/\/www.azurdrones.com\/fr\/"},{"@type":"ListItem","position":2,"name":"Politique de confidentialit\u00e9"}]},{"@type":"WebSite","@id":"https:\/\/www.azurdrones.com\/fr\/#website","url":"https:\/\/www.azurdrones.com\/fr\/","name":"Azur Drones","description":"Autonomous aerial surveillance","publisher":{"@id":"https:\/\/www.azurdrones.com\/fr\/#organization"},"potentialAction":[{"@type":"SearchAction","target":{"@type":"EntryPoint","urlTemplate":"https:\/\/www.azurdrones.com\/fr\/?s={search_term_string}"},"query-input":{"@type":"PropertyValueSpecification","valueRequired":true,"valueName":"search_term_string"}}],"inLanguage":"fr-FR"},{"@type":"Organization","@id":"https:\/\/www.azurdrones.com\/fr\/#organization","name":"Azur Drones","url":"https:\/\/www.azurdrones.com\/fr\/","logo":{"@type":"ImageObject","inLanguage":"fr-FR","@id":"https:\/\/www.azurdrones.com\/fr\/#\/schema\/logo\/image\/","url":"https:\/\/www.azurdrones.com\/wp-content\/uploads\/2023\/03\/logo-azur-drones.png","contentUrl":"https:\/\/www.azurdrones.com\/wp-content\/uploads\/2023\/03\/logo-azur-drones.png","width":738,"height":96,"caption":"Azur Drones"},"image":{"@id":"https:\/\/www.azurdrones.com\/fr\/#\/schema\/logo\/image\/"}}]}},"uagb_featured_image_src":{"full":["https:\/\/www.azurdrones.com\/wp-content\/uploads\/2023\/04\/005-scaled.jpg",2560,1709,false],"thumbnail":["https:\/\/www.azurdrones.com\/wp-content\/uploads\/2023\/04\/005-300x300.jpg",300,300,true],"medium":["https:\/\/www.azurdrones.com\/wp-content\/uploads\/2023\/04\/005-550x367.jpg",550,367,true],"medium_large":["https:\/\/www.azurdrones.com\/wp-content\/uploads\/2023\/04\/005-768x513.jpg",768,513,true],"large":["https:\/\/www.azurdrones.com\/wp-content\/uploads\/2023\/04\/005-1110x741.jpg",1110,741,true],"1536x1536":["https:\/\/www.azurdrones.com\/wp-content\/uploads\/2023\/04\/005-1536x1025.jpg",1536,1025,true],"2048x2048":["https:\/\/www.azurdrones.com\/wp-content\/uploads\/2023\/04\/005-2048x1367.jpg",2048,1367,true],"full_width":["https:\/\/www.azurdrones.com\/wp-content\/uploads\/2023\/04\/005-2560x1709.jpg",2560,1709,true]},"uagb_author_info":{"display_name":"Marine Le Liepvre","author_link":"https:\/\/www.azurdrones.com\/fr\/author\/marine\/"},"uagb_comment_info":0,"uagb_excerpt":"AZUR DRONES SAS (ci-apr\u00e8s d\u00e9sign\u00e9 comme AZUR DRONES) s\u2019engage dans le cadre de ses activit\u00e9s et conform\u00e9ment \u00e0 la l\u00e9gislation en vigueur en France et","_links":{"self":[{"href":"https:\/\/www.azurdrones.com\/fr\/wp-json\/wp\/v2\/pages\/3150","targetHints":{"allow":["GET"]}}],"collection":[{"href":"https:\/\/www.azurdrones.com\/fr\/wp-json\/wp\/v2\/pages"}],"about":[{"href":"https:\/\/www.azurdrones.com\/fr\/wp-json\/wp\/v2\/types\/page"}],"author":[{"embeddable":true,"href":"https:\/\/www.azurdrones.com\/fr\/wp-json\/wp\/v2\/users\/7"}],"replies":[{"embeddable":true,"href":"https:\/\/www.azurdrones.com\/fr\/wp-json\/wp\/v2\/comments?post=3150"}],"version-history":[{"count":4,"href":"https:\/\/www.azurdrones.com\/fr\/wp-json\/wp\/v2\/pages\/3150\/revisions"}],"predecessor-version":[{"id":3286,"href":"https:\/\/www.azurdrones.com\/fr\/wp-json\/wp\/v2\/pages\/3150\/revisions\/3286"}],"wp:featuredmedia":[{"embeddable":true,"href":"https:\/\/www.azurdrones.com\/fr\/wp-json\/wp\/v2\/media\/3143"}],"wp:attachment":[{"href":"https:\/\/www.azurdrones.com\/fr\/wp-json\/wp\/v2\/media?parent=3150"}],"curies":[{"name":"wp","href":"https:\/\/api.w.org\/{rel}","templated":true}]}}